{"id":1491,"date":"2017-11-01T04:29:53","date_gmt":"2017-11-01T04:29:53","guid":{"rendered":"http:\/\/www.ibagsbelts.com\/?page_id=1491"},"modified":"2023-06-10T22:58:48","modified_gmt":"2023-06-10T20:58:48","slug":"aviso-legal","status":"publish","type":"page","link":"https:\/\/www.ibagsbelts.com\/tienda\/aviso-legal\/","title":{"rendered":"Aviso legal"},"content":{"rendered":"<p>[vc_row parallax=&#8221;dynamic&#8221; text_color=&#8221;color8&#8243; bg_image_repeat=&#8221;cover&#8221; bg_color=&#8221;&#8221; bg_image=&#8221;3167&#8243;][vc_column][vc_column_text color=&#8221;color7&#8243;]<\/p>\n<h1 style=\"text-align: center;\"><strong><img loading=\"lazy\" decoding=\"async\" class=\"alignnone size-medium wp-image-1811\" src=\"https:\/\/www.ibagsbelts.com\/wp-content\/uploads\/2017\/12\/logo-favico-300x300.png\" alt=\"\" width=\"300\" height=\"300\" srcset=\"https:\/\/www.ibagsbelts.com\/wp-content\/uploads\/2017\/12\/logo-favico-300x300.png 300w, https:\/\/www.ibagsbelts.com\/wp-content\/uploads\/2017\/12\/logo-favico-70x70.png 70w, https:\/\/www.ibagsbelts.com\/wp-content\/uploads\/2017\/12\/logo-favico-371x371.png 371w, https:\/\/www.ibagsbelts.com\/wp-content\/uploads\/2017\/12\/logo-favico-271x271.png 271w, https:\/\/www.ibagsbelts.com\/wp-content\/uploads\/2017\/12\/logo-favico-200x200.png 200w, https:\/\/www.ibagsbelts.com\/wp-content\/uploads\/2017\/12\/logo-favico.png 512w\" sizes=\"auto, (max-width: 300px) 100vw, 300px\" \/><\/strong><\/h1>\n<h1 style=\"text-align: center;\"><strong>Aviso legal<\/strong><\/h1>\n<h3 class=\"et_pb_toggle_title\">1. Datos identificativos<\/h3>\n<div class=\"et_pb_toggle_content clearfix\">\n<p>La empresa que gestiona los servicios y el dominio web <a href=\"https:\/\/www.ibagsbelts.com\">www.ibagsbelts.com<\/a> (en adelante, el sitio web), es REBECA LINO, en adelante IBAGSBELTS S.L, que es la titular de este sitio web.<\/p>\n<h3 class=\"et_pb_toggle_title\">2.\u00a0Usuarios<\/h3>\n<div class=\"et_pb_toggle_content clearfix\">\n<p>El simple acceso y\/o uso a cualquier p\u00e1gina o secci\u00f3n de <strong><a href=\"https:\/\/www.ibagsbelts.com\">www.ibagsbelts.com<\/a>\u00a0<\/strong>atribuye la condici\u00f3n de USUARIO. El acceso y\/o uso de a este Sitio web conlleva la aceptaci\u00f3n de las condiciones generales aqu\u00ed reflejadas.<\/p>\n<h3 class=\"et_pb_toggle_title\">3.\u00a0Condiciones de uso de la p\u00e1gina web<\/h3>\n<div class=\"et_pb_toggle_content clearfix\">\n<p>El usuario se compromete a hacer un uso adecuado de los contenidos y servicios, y, en concreto:<\/p>\n<ul>\n<li>No incurrir en actividades il\u00edcitas, ilegales o contrarias a la buena fe y al orden p\u00fablico.<\/li>\n<li>No difundir contenidos o propaganda de car\u00e1cter racista, xen\u00f3fobo, pornogr\u00e1fico-ilegal, de apolog\u00eda del terrorismo o atentatorio contra los derechos humanos.<\/li>\n<li>No provocar da\u00f1os en esta p\u00e1gina web, introducir o difundir en la red virus inform\u00e1ticos o cualesquiera otros sistemas f\u00edsicos o l\u00f3gicos que sean susceptibles de provocar los da\u00f1os anteriormente mencionados.<\/li>\n<li>Todos aquellos actos que vulneren o transgredan el honor, la intimidad personal o familiar y a la imagen de las personas, de los derechos de propiedad y de toda otra naturaleza pertenecientes a un tercero como consecuencia de la transmisi\u00f3n, difusi\u00f3n, almacenamiento, puesta a disposici\u00f3n,recepci\u00f3n, obtenci\u00f3n o acceso a los contenidos o la imagen de terceros.<\/li>\n<li>Intentar acceder y\/o utilizar las cuentas de correo electr\u00f3nico de otros usuarios y modificar o manipular sus mensajes.<\/li>\n<\/ul>\n<p>Ibagsbelts se reserva el derecho a retirar todos aquellos comentarios y aportaciones que vulneren el respeto a la dignidad de la persona, que sean discriminatorios, xen\u00f3fobos, racistas, pornogr\u00e1ficos, que atenten contra la juventud o la infancia, el orden o la seguridad p\u00fablica o que, a su juicio, no resultaran adecuados para su publicaci\u00f3n.<\/p>\n<p>Ibagsbels podr\u00e1 utilizar todos los medios legales que considere oportunos para perseguir el incumplimiento de este Aviso Legal as\u00ed como cualquier otra utilizaci\u00f3n indebida de este Sitio web.<\/p>\n<h3 class=\"et_pb_toggle_title\">4. Propiedad intelectual e industrial<\/h3>\n<div class=\"et_pb_toggle_content clearfix\">\n<p>Ibagsbelts,\u00a0por s\u00ed o como cesionaria, es titular de todos los derechos de propiedad intelectual e industrial de su p\u00e1gina web, as\u00ed como de los elementos contenidos en el mismo (a t\u00edtulo enunciativo, im\u00e1genes, sonido, audio, v\u00eddeo, software o textos; marcas o logotipos, combinaciones de colores, estructura y dise\u00f1o, selecci\u00f3n de materiales usados, programas de ordenador necesarios para su funcionamiento, acceso y uso, etc.\u2026), titularidad de ibagsbelts o bien de sus licenciantes.<\/p>\n<p>En atenci\u00f3n a lo previsto en la Ley de Propiedad Intelectual, quedan expresamente prohibidas la reproducci\u00f3n, la distribuci\u00f3n y la comunicaci\u00f3n p\u00fablica, incluida su modalidad de puesta a disposici\u00f3n, de la totalidad o parte de los contenidos de este Sitio web, con fines comerciales, en cualquier soporte y por cualquier medio t\u00e9cnico, sin la autorizaci\u00f3n de Ibagsbelts S.L.<\/p>\n<p>En definitiva, te comprometes a respetar los derechos de Propiedad Intelectual e Industrial titularidad de Ibagsbelts. Podr\u00e1s visualizar los elementos del Sitio Web e incluso imprimirlos, copiarlos y almacenarlos en el disco duro de tu ordenador o en cualquier otro soporte f\u00edsico siempre y cuando sea, \u00fanica y exclusivamente, para tu uso personal y privado. Adem\u00e1s, deber\u00e1s abstenerte de suprimir, alterar, eludir o manipular cualquier dispositivo de protecci\u00f3n o sistema de seguridad que estuviera instalado en el Sitio Web de Ibagsbelts.<\/p>\n<h3 class=\"et_pb_toggle_title\">5. Exenci\u00f3n de responsabilidad<\/h3>\n<div class=\"et_pb_toggle_content clearfix\">\n<p class=\"p2\"><span class=\"s1\">El contenido, programas, informaci\u00f3n y\/o consejos expresados en este Sitio Web deben entenderse como simplemente informativos y orientativos. <\/span><\/p>\n<p class=\"p2\"><span class=\"s1\">Ibagsbelts no responde, en ning\u00fan caso, de la efectividad o exactitud de los mismos, quedando exentos de cualquier responsabilidad contractual o extracontractual con los Usuarios que hagan uso de ellos, ya que son \u00e9stos los que deber\u00e1n decidir seg\u00fan su criterio la idoneidad de los mismos. <\/span><\/p>\n<p class=\"p2\"><span class=\"s1\">En el presente Sitio Web se pueden publicar contenidos aportados por terceras personas o empresas. Ibagsbelts \u00a0no responde de la veracidad y exactitud de los mismos, quedando exentos de cualquier responsabilidad contractual o extracontractual con los Usuarios que hagan uso de ellos. <\/span><\/p>\n<p class=\"p1\"><span class=\"s1\">Ibagsbelts se reserva el derecho de efectuar, sin previo aviso, las modificaciones que considere pertinentes en su Sitio Web, pudiendo cambiar, suprimir o a\u00f1adir tanto los contenidos y\/o servicios que se preseten a trav\u00e9s del mismo, as\u00ed como la forma en la que \u00e9stos aparezcan ubicados. <\/span><\/p>\n<p class=\"p2\"><span class=\"s1\">Ibagsbelts no garantiza ni se hace responsable de: <\/span><\/p>\n<ul class=\"ul1\">\n<li class=\"li2\"><span class=\"s1\">La continuidad de los contenidos del Sitio Web y\/o la falta de disponibilidad o accesibilidad del Portal o continuidad t\u00e9cnica del mismo. <\/span><\/li>\n<li class=\"li2\"><span class=\"s1\">La ausencia de errores en dichos contenidos o productos as\u00ed como, la ausencia de virus y dem\u00e1s componentes da\u00f1inos en el Sitio Web o en el servidor que lo suministra; <\/span><\/li>\n<li class=\"li2\"><span class=\"s1\">La vulnerabilidad del Portal y\/o la inexpugnabilidad de las medidas de seguridad que se adopten en el mismo. En su caso, la falta de utilidad o rendimiento de los contenidos o servicios del Sitio Web; <\/span><\/li>\n<li class=\"li2\"><span class=\"s1\">Los da\u00f1os o perjuicios que cause, a s\u00ed mismo o a un tercero, cualquier persona que infringiera las condiciones, normes e instrucciones que Ibagsbelts establece en el Sitio Web o a trav\u00e9s de la vulneraci\u00f3n de los sistemas de seguridad del mismo.<\/span><\/li>\n<\/ul>\n<p class=\"p2\"><span class=\"s1\">Ello no obstante, Ibagsbelts declara que ha adoptado todas las medidas necesarias dentro de sus posibilidades y del estado de la tecnolog\u00eda, para garantizar el funcionamiento del Sitio Web y evitar la existencia y transmisi\u00f3n de virus y dem\u00e1s componentes da\u00f1inos a los Usuarios.<\/span><\/p>\n<p class=\"p2\"><span class=\"s1\"><strong>IMPORTANTE:<\/strong> <strong>Todos nuestros productos de cuero est\u00e1n hechos a mano y su nuevo bolso, mochila, ri\u00f1onera, cinturones y pulseras puede estar sujeta a una variaci\u00f3n natural en tama\u00f1o y color.<\/strong><br \/>\n<strong>Para los tama\u00f1os, puede haber una\u00a0variaci\u00f3n\u00a01-2 cm debido a la medida manual.<\/strong><br \/>\n<strong>Las im\u00e1genes son 100% reales.<\/strong><br \/>\n<strong>Debido al monitor del ordenador y el brillo real de la toma y otras razones, habr\u00e1 una cierta diferencia de color.<\/strong><\/span><\/p>\n<p class=\"p2\"><strong>6. Enlaces<\/strong><\/p>\n<div class=\"et_pb_toggle_content clearfix\">\n<p class=\"p1\"><span class=\"s1\">Para el supuesto en el que el Sitio Web contara con enlaces o hiperv\u00ednculos hacia otros Sitios de Internet, Ibagsbelts no ejercer\u00e1 ning\u00fan tipo de control sobre dichos sitios y contenidos. <\/span><\/p>\n<p class=\"p1\"><span class=\"s1\">En ning\u00fan caso, Ibagsbelts asumir\u00e1 responsabilidad alguna por los contenidos de alg\u00fan enlace pertaneciente a una p\u00e1gina web ajena, ni garantizar\u00e1 la disponibilidad t\u00e9cnica, calidad, fiabilidad, exactitud, amplitud, veracidad, validez y constitucionalidad de cualquier material o informaci\u00f3n contenida en ninguno de dichos hiperv\u00ednculos u otros sitios de Internet. Igualmente, esto no supone la asociaci\u00f3n, fusi\u00f3n o participaci\u00f3n de Ibagsbelts con las entidades conectadas.<\/span><\/p>\n<h3 class=\"et_pb_toggle_title\">7. Pol\u00edtica de privacidad<\/h3>\n<div class=\"et_pb_toggle_content clearfix\">\n<p class=\"p2\"><span class=\"s1\">Para obtener informaci\u00f3n acerca del tratamiento de datos personales que realizamos en www.ibagsbelts.com, puedes consultar nuestra <a title=\"Pol\u00edtica de Privacidad\" href=\"http:\/\/www.verdevela.es\/politica-de-privacidad\" target=\"_blank\" rel=\"noopener\"><span class=\"s2\">Pol\u00edtica de Privacidad.<\/span><\/a><\/span><\/p>\n<h3 class=\"et_pb_toggle_title\">8. Pol\u00edtica de Cookies<\/h3>\n<div class=\"et_pb_toggle_content clearfix\">\n<p class=\"p1\"><span class=\"s1\">Para obtener informaci\u00f3n sobre las cookies que utilizamos en este Sitio web, puedes consultar nuestra <a title=\"Pol\u00edtica de cookies\" href=\"http:\/\/www.verdevela.es\/politica-de-cookies\/\"><span class=\"s2\">Pol\u00edtica de cookies.<\/span><\/a><\/span><\/p>\n<h3 class=\"et_pb_toggle_title\">9.\u00a0Jurisdicci\u00f3n y legislaci\u00f3n aplicable<\/h3>\n<p class=\"p1\">Los usuarios de www.ibagsbelts.com se someten a los Juzgados y Tribunales de Madrid para la resoluci\u00f3n de conflictos y con renuncia a cualquier otro fuero que les pueda ser aplicable, siempre que la legislaci\u00f3n aplicable as\u00ed lo permita. Este Aviso legal se interpretar\u00e1 en base a la legislaci\u00f3n espa\u00f1ola.<\/p>\n<h3 class=\"et_pb_toggle_title\">10.\u00a0Modificaci\u00f3n del aviso legal<\/h3>\n<p class=\"p1\"><span class=\"s1\">Las condiciones incorporadas en el presente Aviso Legal han sido revisadas a fecha 10 de junio de 2023. No obstante, Ibagsbelts se reserva el derecho a modificar en cualquier momento, el presente Aviso Legal, publicando su contenido. <\/span><\/p>\n<p class=\"p1\"><span class=\"s1\">De este modo, las condiciones generales que en \u00e9l se contienen estar\u00e1n vigentes hasta que sean modificadas por otras debidamente publicadas.<\/span><\/p>\n<h3 class=\"et_pb_toggle_title\">11.\u00a0Informaci\u00f3n exigida y confirmaci\u00f3n del contrato.<\/h3>\n<p>Si usted est\u00e1 actuando como consumidor y usuario, la normativa exige que la informaci\u00f3n exigida en el art\u00edculo 97.1 del Real Decreto Legislativo 1\/2007, de 16 de noviembre, se le facilite en papel, o si el consumidor y usuario est\u00e1 de acuerdo, en otro soporte duradero. Mediante el\u00a0simple acceso y\/o uso a cualquier p\u00e1gina o secci\u00f3n de www.ibagsbelts.com, usted acepta que dicha informaci\u00f3n se facilita a trav\u00e9s de esta p\u00e1gina web, como soporte duradero, y que, en consecuencia, se cumplen los requisitos legales.<\/p>\n<p>Se le informa de que al realizar un pedido con nosotros, recibir\u00e1 la confirmaci\u00f3n del pedido a trav\u00e9s de correo electr\u00f3nico despu\u00e9s de la celebraci\u00f3n del contrato. Se le informa de que tal confirmaci\u00f3n no incluir\u00e1 toda la informaci\u00f3n que figura en el art\u00edculo 97.1 del\u00a0Real Decreto Legislativo 1\/2007, de 16 de noviembre, habida cuenta de que dicha informaci\u00f3n ya consta en esta p\u00e1gina web antes de la celebraci\u00f3n del contrato a distancia.<\/p>\n<h3 class=\"et_pb_toggle_title\">12. Comunicaciones\u00a0electr\u00f3nicas<\/h3>\n<p>A efectos contractuales, si est\u00e1 actuando como consumidor y usuario, usted consiente en utilizar como medio de comunicaci\u00f3n el correo electr\u00f3nico y reconoce que todo contrato, notificaci\u00f3n, informaci\u00f3n y dem\u00e1s comunicaciones que le enviemos de forma electr\u00f3nica cumplen con los requisitos legales previstos en el\u00a0Real Decreto Legislativo 1\/2007, de 16 de noviembre.<\/p>\n<h3 class=\"et_pb_toggle_title\">13.\u00a0Contacta con nosotros<\/h3>\n<p class=\"p1\"><span class=\"s1\">Si tienes cualquier duda o pregunta sobre las condiciones generales reflejadas en el presente Aviso Legal, as\u00ed como si deseas plantear cualquier sugerencia o recomendaci\u00f3n, puedes ponerte en contacto con nosotros a trav\u00e9s del correo electr\u00f3nico.\u00a0<\/span><a href=\"mailto:administracion@ibagsbelts.com\"><b>administracion@ibagsbelts.com<\/b><\/a><\/p>\n<\/div>\n<\/div>\n<\/div>\n<\/div>\n<\/div>\n<\/div>\n<\/div>\n<\/div>\n<p>&nbsp;<\/p>\n<div><\/div>\n<p>[\/vc_column_text][\/vc_column][\/vc_row][vc_row parallax=&#8221;dynamic&#8221; text_color=&#8221;color8&#8243; bg_image_repeat=&#8221;cover&#8221; bg_color=&#8221;&#8221; bg_image=&#8221;3167&#8243;][\/vc_row]<\/p>\n<!-- AddThis Advanced Settings generic via filter on the_content --><!-- AddThis Share Buttons generic via filter on the_content -->","protected":false},"excerpt":{"rendered":"<p>[vc_row parallax=&#8221;dynamic&#8221; text_color=&#8221;color8&#8243; bg_image_repeat=&#8221;cover&#8221; bg_color=&#8221;&#8221; bg_image=&#8221;3167&#8243;][vc_column][vc_column_text color=&#8221;color7&#8243;] Aviso legal 1. Datos identificativos La empresa que&hellip;<!-- AddThis Advanced Settings generic via filter on get_the_excerpt --><!-- AddThis Share Buttons generic via filter on get_the_excerpt --><\/p>\n","protected":false},"author":1998,"featured_media":0,"parent":0,"menu_order":0,"comment_status":"closed","ping_status":"closed","template":"","meta":{"om_disable_all_campaigns":false,"_monsterinsights_skip_tracking":false,"_monsterinsights_sitenote_active":false,"_monsterinsights_sitenote_note":"","_monsterinsights_sitenote_category":0,"_uf_show_specific_survey":0,"_uf_disable_surveys":false,"footnotes":""},"class_list":["post-1491","page","type-page","status-publish","hentry"],"aioseo_notices":[],"_links":{"self":[{"href":"https:\/\/www.ibagsbelts.com\/tienda\/wp-json\/wp\/v2\/pages\/1491","targetHints":{"allow":["GET"]}}],"collection":[{"href":"https:\/\/www.ibagsbelts.com\/tienda\/wp-json\/wp\/v2\/pages"}],"about":[{"href":"https:\/\/www.ibagsbelts.com\/tienda\/wp-json\/wp\/v2\/types\/page"}],"author":[{"embeddable":true,"href":"https:\/\/www.ibagsbelts.com\/tienda\/wp-json\/wp\/v2\/users\/1998"}],"replies":[{"embeddable":true,"href":"https:\/\/www.ibagsbelts.com\/tienda\/wp-json\/wp\/v2\/comments?post=1491"}],"version-history":[{"count":0,"href":"https:\/\/www.ibagsbelts.com\/tienda\/wp-json\/wp\/v2\/pages\/1491\/revisions"}],"wp:attachment":[{"href":"https:\/\/www.ibagsbelts.com\/tienda\/wp-json\/wp\/v2\/media?parent=1491"}],"curies":[{"name":"wp","href":"https:\/\/api.w.org\/{rel}","templated":true}]}}