{"id":1553,"date":"2017-11-01T06:56:53","date_gmt":"2017-11-01T06:56:53","guid":{"rendered":"http:\/\/www.ibagsbelts.com\/?page_id=1553"},"modified":"2023-06-10T23:13:14","modified_gmt":"2023-06-10T21:13:14","slug":"politicas-de-cookies","status":"publish","type":"page","link":"https:\/\/www.ibagsbelts.com\/tienda\/politicas-de-cookies\/","title":{"rendered":"POLITICAS DE COOKIES"},"content":{"rendered":"<p>[vc_row parallax=\u201ddynamic\u201d text_color=\u201dcolor1\u2033 bg_color=\u201d\u201d bg_image=\u201d3171\u2033][vc_column][vc_column_text]<\/p>\n<h1 class=\"western\"><span style=\"font-family: Heading Font, sans-serif;\"><span style=\"color: #000000;\"><img loading=\"lazy\" decoding=\"async\" class=\"size-medium wp-image-1811 aligncenter\" src=\"https:\/\/www.ibagsbelts.com\/wp-content\/uploads\/2017\/12\/logo-favico-300x300.png\" alt=\"\" width=\"300\" height=\"300\" srcset=\"https:\/\/www.ibagsbelts.com\/wp-content\/uploads\/2017\/12\/logo-favico-300x300.png 300w, https:\/\/www.ibagsbelts.com\/wp-content\/uploads\/2017\/12\/logo-favico-70x70.png 70w, https:\/\/www.ibagsbelts.com\/wp-content\/uploads\/2017\/12\/logo-favico-371x371.png 371w, https:\/\/www.ibagsbelts.com\/wp-content\/uploads\/2017\/12\/logo-favico-271x271.png 271w, https:\/\/www.ibagsbelts.com\/wp-content\/uploads\/2017\/12\/logo-favico-200x200.png 200w, https:\/\/www.ibagsbelts.com\/wp-content\/uploads\/2017\/12\/logo-favico.png 512w\" sizes=\"auto, (max-width: 300px) 100vw, 300px\" \/><\/span><\/span><\/h1>\n<h1 class=\"western\"><span style=\"font-family: Heading Font, sans-serif;\"><span style=\"color: #000000;\">\u00a0 \u00a0 \u00a0 \u00a0 \u00a0 \u00a0 \u00a0 \u00a0 \u00a0 \u00a0 \u00a0 \u00a0 \u00a0 \u00a0 \u00a0 \u00a0 \u00a0 Pol\u00edtica de cookies<\/span><\/span><\/h1>\n<h4>1. RESPONSABLE<\/h4>\n<p class=\"justify\">La empresa que gestiona los servicios y el dominio web <a href=\"https:\/\/www.ibagsbelts.com\/tienda\/\"><strong>www.ibagsbelts.com<\/strong><\/a>:<\/p>\n<p class=\"justify\"><strong>Responsable del tratamiento:<\/strong>\u00a0Rebeca Lino \u00a0(BAGSBELTS S.L)<\/p>\n<p>Denominaci\u00f3n social es: <b>IBAGSBELTS S.L.\u00a0<\/b>CIF es B87916490<\/p>\n<p class=\"justify\">2. \u00bfQU\u00c9 SON LAS COOKIES?<\/p>\n<div class=\"sep\">Las cookies son peque\u00f1os archivos que los sitios web env\u00edan al navegador y que se almacenan en el terminal del usuario, el cual puede ser un ordenador personal, un tel\u00e9fono m\u00f3vil, una tableta, o cualquier otro dispositivo. Para hacer un uso completo del contenido y las funciones personalizadas de este sitio web, el navegador de su ordenador o dispositivo m\u00f3vil debe aceptar estas cookies. Es com\u00fan que su navegador lo haga de forma predeterminada, pero puede usted cambiar esta opci\u00f3n predeterminada tal y como se indica en esta p\u00e1gina.<\/div>\n<div class=\"sep\"><\/div>\n<div class=\"sep\"><\/div>\n<div class=\"sep\"><\/div>\n<h4>3. CONSENTIMIENTO PARA LA INSTALACI\u00d3N DE COOKIES EN SU TERMINAL:<\/h4>\n<div class=\"sep\">Al visitar por primera vez nuestro sitio web se le informa de la utilizaci\u00f3n de cookies, de la finalidad de las mismas y la posibilidad de aceptarlas mediante la pulsaci\u00f3n del bot\u00f3n correspondiente o gestionarlas a su conveniencia. Su consentimiento ser\u00e1 v\u00e1lido mientras no sea revocado.<\/div>\n<div class=\"sep\"><\/div>\n<div class=\"sep\"><\/div>\n<h4>4. REVOCACI\u00d3N DE SU CONSENTIMIENTO:<\/h4>\n<p class=\"justify\">Si m\u00e1s adelante decide usted revocar su consentimiento puede configurar su navegador para que rechace todas o algunas de las cookies y adem\u00e1s borrar el historial para eliminar las ya instaladas, tal y como se informa m\u00e1s delante. Debe tener en cuenta que esta revocaci\u00f3n puede provocar que no pueda acceder a algunos de los servicios del sitio web o se produzcan errores en su funcionamiento.<\/p>\n<h4>5. COOKIES QUE INSTALA ESTE SITIO WEB.<\/h4>\n<p class=\"justify\">Adem\u00e1s de las cookies <strong>de uso interno imprescindibles<\/strong> para el funcionamiento de la web, como por ejemplo aquellas que permiten la autenticaci\u00f3n o el mantenimiento de la sesi\u00f3n del usuario registrado o el registro de pedidos en el carrito de compra, el sitio web instala:<\/p>\n<ul>\n<li><strong>Cookies anal\u00edticas de terceros:<\/strong> La aplicaci\u00f3n que utilizamos para obtener informaci\u00f3n de la navegaci\u00f3n, medir y analizar la audiencia, es Google Analytics, <a href=\"https:\/\/www.google.com\/intl\/es_es\/policies\/technologies\/cookies\/\">https:\/\/www.google.com\/intl\/es_es\/policies\/technologies\/cookies\/<\/a>), que nos presta el servicio de medici\u00f3n y an\u00e1lisis de la audiencia de nuestras p\u00e1ginas.<\/li>\n<\/ul>\n<h4>6. C\u00d3MO UTILIZAMOS LAS COOKIES EN ESTE SITIO WEB:<\/h4>\n<div class=\"sep\"><\/div>\n<p class=\"justify\">La informaci\u00f3n que obtienen las cookies que utilizamos en este sitio web est\u00e1 relacionada con el n\u00famero de p\u00e1ginas visitadas, el idioma, red social en la que se publican nuestras noticias, la ciudad o regi\u00f3n a la que est\u00e1 asignada la direcci\u00f3n IP desde la que accedes, el n\u00famero de nuevos usuarios, la frecuencia y reincidencia de las visitas, el tiempo de visita, el navegador y el operador o tipo de terminal desde el que se realiza la visita. Asimismo, estas aplicaciones de terceros pueden utilizar estos datos para mejorar sus propios servicios y para ofrecer servicios a otras empresas. Puedes conocer esos otros usos desde los enlaces indicados.<\/p>\n<h4>7. CONTROLAR LAS COOKIES INSTALADAS EN SU EQUIPO:<\/h4>\n<div class=\"sep\"><\/div>\n<p class=\"justify\">Las cookies de este sitio web no almacenan informaci\u00f3n confidencial como su nombre, direcci\u00f3n, etc., no obstante, si desea restringir, bloquear o eliminar las cookies de este sitio web o de cualquier otro, puede configurar su navegador para rechazar o aceptar las mismas o para que estas \u00e9stas sean eliminadas de forma autom\u00e1tica una vez cierre el navegador, apague el ordenador o el dispositivo m\u00f3vil.<\/p>\n<p class=\"justify\">Tiene la opci\u00f3n de permitir, bloquear o eliminar las cookies instaladas en tu equipo mediante la configuraci\u00f3n de las opciones del navegador instalado en su equipo. Al desactivar cookies, algunos de los servicios disponibles podr\u00edan dejar de estar operativos. Para obtener m\u00e1s informaci\u00f3n sobre el uso, manejo y eliminaci\u00f3n de las \u201ccookies\u201d para los tipos m\u00e1s habituales de navegador, por favor visite los siguientes enlaces:<\/p>\n<ul>\n<li><strong>Explorer:<\/strong> <a href=\"https:\/\/support.microsoft.com\/es-es\/help\/278835\/how-to-delete-cookie-files-in-internet-explorer\">https:\/\/support.microsoft.com\/es-es\/help\/278835\/how-to-delete-cookie-files-in-internet-explorer<\/a><\/li>\n<li><strong>Chrome:<\/strong> <a href=\"https:\/\/support.google.com\/chrome\/answer\/95647?hl=es\">https:\/\/support.google.com\/chrome\/answer\/95647?hl=es<\/a><\/li>\n<li><strong>Firefox:<\/strong> <a href=\"https:\/\/support.mozilla.org\/es\/kb\/Borrar%20cookies\">https:\/\/support.mozilla.org\/es\/kb\/Borrar%20cookies<\/a><\/li>\n<li><strong>Safari:<\/strong> <a href=\"https:\/\/support.apple.com\/kb\/ph5042?locale=es_ES\">https:\/\/support.apple.com\/kb\/ph5042?locale=es_ES<\/a><\/li>\n<\/ul>\n<p class=\"justify\">Adem\u00e1s, si no desea que sus datos se recopilen con Google Analytics, puede instalar su complemento de inhabilitaci\u00f3n para navegadores.<\/p>\n<p class=\"justify\">Si desea m\u00e1s informaci\u00f3n sobre las cookies visite <a href=\"http:\/\/www.allaboutcookies.org\/\/es\/\">http:\/\/www.allaboutcookies.org\/\/es\/<\/a><\/p>\n<p class=\"justify\">Si quiere m\u00e1s informaci\u00f3n sobre el uso hacemos de las mismas, puede enviarnos un mail a <a href=\"mailto:ibagsbelts@gmail.com\">ibagsbelts@gmail.com<\/a><\/p>\n<p>[\/vc_column_text][\/vc_column][\/vc_row]<\/p>\n<!-- AddThis Advanced Settings generic via filter on the_content --><!-- AddThis Share Buttons generic via filter on the_content -->","protected":false},"excerpt":{"rendered":"<p>[vc_row parallax=\u201ddynamic\u201d text_color=\u201dcolor1\u2033 bg_color=\u201d\u201d bg_image=\u201d3171\u2033][vc_column][vc_column_text] \u00a0 \u00a0 \u00a0 \u00a0 \u00a0 \u00a0 \u00a0 \u00a0 \u00a0 \u00a0&hellip;<!-- AddThis Advanced Settings generic via filter on get_the_excerpt --><!-- AddThis Share Buttons generic via filter on get_the_excerpt --><\/p>\n","protected":false},"author":1998,"featured_media":0,"parent":0,"menu_order":0,"comment_status":"closed","ping_status":"closed","template":"","meta":{"om_disable_all_campaigns":false,"_monsterinsights_skip_tracking":false,"_monsterinsights_sitenote_active":false,"_monsterinsights_sitenote_note":"","_monsterinsights_sitenote_category":0,"_uf_show_specific_survey":0,"_uf_disable_surveys":false,"footnotes":""},"class_list":["post-1553","page","type-page","status-publish","hentry"],"aioseo_notices":[],"_links":{"self":[{"href":"https:\/\/www.ibagsbelts.com\/tienda\/wp-json\/wp\/v2\/pages\/1553","targetHints":{"allow":["GET"]}}],"collection":[{"href":"https:\/\/www.ibagsbelts.com\/tienda\/wp-json\/wp\/v2\/pages"}],"about":[{"href":"https:\/\/www.ibagsbelts.com\/tienda\/wp-json\/wp\/v2\/types\/page"}],"author":[{"embeddable":true,"href":"https:\/\/www.ibagsbelts.com\/tienda\/wp-json\/wp\/v2\/users\/1998"}],"replies":[{"embeddable":true,"href":"https:\/\/www.ibagsbelts.com\/tienda\/wp-json\/wp\/v2\/comments?post=1553"}],"version-history":[{"count":0,"href":"https:\/\/www.ibagsbelts.com\/tienda\/wp-json\/wp\/v2\/pages\/1553\/revisions"}],"wp:attachment":[{"href":"https:\/\/www.ibagsbelts.com\/tienda\/wp-json\/wp\/v2\/media?parent=1553"}],"curies":[{"name":"wp","href":"https:\/\/api.w.org\/{rel}","templated":true}]}}