{"id":1009,"date":"2017-10-31T18:32:30","date_gmt":"2017-10-31T17:32:30","guid":{"rendered":"http:\/\/www.ibagsbelts.com\/?post_type=product&#038;p=1009"},"modified":"2026-03-15T21:33:27","modified_gmt":"2026-03-15T20:33:27","slug":"bolso-bandolera-de-cuero-soria","status":"publish","type":"product","link":"https:\/\/www.ibagsbelts.com\/tienda\/producto\/bolso-bandolera-de-cuero-soria\/","title":{"rendered":"Bolso bandolera de cuero Soria"},"content":{"rendered":"<p style=\"text-align: left;\">\u00a1Disfruta de cada momento sin preocuparte por la incomodidad con nuestro pr\u00e1ctico bolso! Ya sea en un relajado paseo dominical o en una emocionante salida nocturna al club, este bolso de cuero curtido al natural con un estilo vintage se convertir\u00e1 en el centro de todas las miradas en la pista de baile.<\/p>\n<p style=\"text-align: left;\">El compartimento principal ofrece un amplio espacio de almacenamiento para todas tus necesidades, mientras que los peque\u00f1os bolsillos brindan un espacio \u00fatil para mantener tus elementos esenciales y accesorios al alcance de la mano.<\/p>\n<p style=\"text-align: left;\">El cierre de cuerno no solo asegura la protecci\u00f3n de tus pertenencias, sino que tambi\u00e9n agrega un toque atractivo y \u00fanico al bolso. Con este accesorio, no solo estar\u00e1s bien organizado, sino que tambi\u00e9n robar\u00e1s todas las miradas con estilo y elegancia en cualquier ocasi\u00f3n. \u00a1Prep\u00e1rate para destacar en la pista de baile y m\u00e1s all\u00e1!<\/p>\n<p style=\"text-align: left;\"><strong>\u00a0<\/strong><strong>Aviso importante<\/strong><\/p>\n<p style=\"text-align: left;\">Todos nuestros productos de cuero est\u00e1n hechos a mano y su nueva bolsa de cuero puede estar sujeta a una variaci\u00f3n natural en tama\u00f1o y color.<br \/>\nPara los tama\u00f1os, permita 1-2 cm difiere debido a la medida manual.<br \/>\nLas im\u00e1genes son 100% reales.<br \/>\nDebido al monitor del ordenador y el brillo real de la toma y otras razones, habr\u00e1 una cierta diferencia de color.<\/p>\n<!-- AddThis Advanced Settings generic via filter on the_content --><!-- AddThis Share Buttons generic via filter on the_content -->","protected":false},"excerpt":{"rendered":"<p style=\"text-align: left;\">Ya sea en un corto paseo dominical o en una salida nocturna al club, la incomodidad no volver\u00e1 a ser un problema.<\/p>\n<p style=\"text-align: left;\">Con el pr\u00e1ctico bolso, hecho de cuero curtido al natural <strong>REPUJADO<\/strong> con un estilo vintage, robar\u00e1s todas las miradas en cualquier pista de baile del mundo.<\/p>\n<p style=\"text-align: left;\">Su cierre de cuerno solo asegura protecci\u00f3n para tus cosas, sino que tambi\u00e9n vale como un punto de atracci\u00f3n en \u00e9l.<\/p>\n<p style=\"text-align: left;\">Medidas 20 cm de alto x 28 cm largo x 80cm ancho<\/p>\n<h5><strong>\u00bfAlguna duda? Ponte en contacto con nosotros a trav\u00e9s del bot\u00f3n del chat directo por whatsApp y te resolveremos las dudas al instante!<\/strong><\/h5>\n<p><!-- AddThis Advanced Settings generic via filter on get_the_excerpt --><!-- AddThis Share Buttons generic via filter on get_the_excerpt --><\/p>\n","protected":false},"featured_media":16698,"comment_status":"open","ping_status":"closed","template":"","meta":{"om_disable_all_campaigns":false,"_monsterinsights_skip_tracking":false,"_monsterinsights_sitenote_active":false,"_monsterinsights_sitenote_note":"","_monsterinsights_sitenote_category":0,"_uf_show_specific_survey":0,"_uf_disable_surveys":false},"product_brand":[1217],"product_cat":[240],"product_tag":[1096,301,877,737,266,299,305,315,316,313,255,823,727,302,281,744,746],"class_list":{"0":"post-1009","1":"product","2":"type-product","3":"status-publish","4":"has-post-thumbnail","6":"product_brand-ibags-belts","7":"product_cat-bolsos-bandoleras-de-cuero-artesanal","8":"product_tag-artesania","9":"product_tag-bandolera","10":"product_tag-bandoleras","11":"product_tag-bohochic","12":"product_tag-bolso-bohemian-bolso-cuero-repujado-bolsos-cuero-retro-bolso-shopper-cuero-bolso-cuero-trenzado-bolso-cuero-troquelado","13":"product_tag-bolso-cuero","14":"product_tag-bolso-cuero-artesanal","15":"product_tag-bolso-cuero-artesano","16":"product_tag-bolso-cuero-con-tachuelas","17":"product_tag-bolso-cuero-hecho-a-mano","18":"product_tag-bolso-cuero-mujer","19":"product_tag-bolso-piel","20":"product_tag-bolsos-bandoleras-cuero","21":"product_tag-bolsos-de-cuero","22":"product_tag-bolso-bohemian-bolso-cuero-para-hombre-bolso-cuero-repujado-bolsos-cuero-retro-bolso-shopper-cuero-bolso-cuero-trenzado-bolso-cuero-troquelado-bolso-cuero-vaca-bolso-cuero-viaje-hombre","23":"product_tag-estilo-bohochic","24":"product_tag-estilo-hippiechic","26":"first","27":"instock","28":"shipping-taxable","29":"purchasable","30":"product-type-variable","31":"has-default-attributes","32":"add-to-wishlist-after_add_to_cart","33":"layout-style-1","34":"col-md-4 col-sm-4 col-xs-6","35":"col-lg-3","36":"product-has-gallery","37":"product-style-default"},"aioseo_notices":[],"_links":{"self":[{"href":"https:\/\/www.ibagsbelts.com\/tienda\/wp-json\/wp\/v2\/product\/1009","targetHints":{"allow":["GET"]}}],"collection":[{"href":"https:\/\/www.ibagsbelts.com\/tienda\/wp-json\/wp\/v2\/product"}],"about":[{"href":"https:\/\/www.ibagsbelts.com\/tienda\/wp-json\/wp\/v2\/types\/product"}],"replies":[{"embeddable":true,"href":"https:\/\/www.ibagsbelts.com\/tienda\/wp-json\/wp\/v2\/comments?post=1009"}],"wp:featuredmedia":[{"embeddable":true,"href":"https:\/\/www.ibagsbelts.com\/tienda\/wp-json\/wp\/v2\/media\/16698"}],"wp:attachment":[{"href":"https:\/\/www.ibagsbelts.com\/tienda\/wp-json\/wp\/v2\/media?parent=1009"}],"wp:term":[{"taxonomy":"product_brand","embeddable":true,"href":"https:\/\/www.ibagsbelts.com\/tienda\/wp-json\/wp\/v2\/product_brand?post=1009"},{"taxonomy":"product_cat","embeddable":true,"href":"https:\/\/www.ibagsbelts.com\/tienda\/wp-json\/wp\/v2\/product_cat?post=1009"},{"taxonomy":"product_tag","embeddable":true,"href":"https:\/\/www.ibagsbelts.com\/tienda\/wp-json\/wp\/v2\/product_tag?post=1009"}],"curies":[{"name":"wp","href":"https:\/\/api.w.org\/{rel}","templated":true}]}}