{"id":10120,"date":"2020-09-29T21:41:37","date_gmt":"2020-09-29T19:41:37","guid":{"rendered":"https:\/\/www.ibagsbelts.com\/tienda\/?post_type=product&#038;p=10120"},"modified":"2026-03-15T16:05:25","modified_gmt":"2026-03-15T15:05:25","slug":"cinturon-trenzado-de-cuero-con-hebilla-oval-artesanal","status":"publish","type":"product","link":"https:\/\/www.ibagsbelts.com\/tienda\/producto\/cinturon-trenzado-de-cuero-con-hebilla-oval-artesanal\/","title":{"rendered":"Cinturones de cuero con hebilla oval artesanal"},"content":{"rendered":"<p>Explora la elegancia artesanal con nuestro Cintur\u00f3n de Cuero y Correa Trenzada, dise\u00f1ado a mano para la mujer moderna que valora la fusi\u00f3n de estilo y comodidad.<\/p>\n<p>Caracter\u00edsticas destacadas:<\/p>\n<p><strong>Estilo Vers\u00e1til para Uso Diario:<\/strong><\/p>\n<ul>\n<li>Perfecto para llevar todos los d\u00edas con facilidad y comodidad.<\/li>\n<li>Puede ser ajustado para usar en la cintura o cadera, adapt\u00e1ndose a tu estilo.<\/li>\n<\/ul>\n<p><strong>Complemento para Todos tus Looks:<\/strong><\/p>\n<ul>\n<li>La versatilidad del cuero y el dise\u00f1o trenzado lo hace apto para cualquier ocasi\u00f3n.<\/li>\n<li>Agrega un toque de distinci\u00f3n a cada conjunto, desde lo casual hasta lo m\u00e1s elegante.<\/li>\n<\/ul>\n<p><strong>Hebilla Plateada de Dise\u00f1o Elegante:<\/strong><\/p>\n<ul>\n<li>Detalle \u00fanico con una hebilla plateada realizada a mano.<\/li>\n<li>Un toque de sofisticaci\u00f3n que destaca y personaliza tu estilo.<\/li>\n<\/ul>\n<p><strong>Durabilidad y Adaptabilidad:<\/strong><\/p>\n<ul>\n<li>El cuero, conocido por su resistencia, asegura una larga vida \u00fatil.<\/li>\n<li>Se adapta f\u00e1cilmente a todas las medidas para un ajuste c\u00f3modo y personalizado.<\/li>\n<\/ul>\n<p><strong>Dimensiones Adecuadas:<\/strong><\/p>\n<ul>\n<li>Longitud m\u00e1xima de 120 cm y ancho de 5 cm: Proporciona suficiente flexibilidad para diferentes estilos y preferencias.<\/li>\n<\/ul>\n<p>Este cintur\u00f3n no solo es un accesorio, sino una declaraci\u00f3n de estilo y artesan\u00eda. \u00a1Hazlo parte esencial de tu rutina diaria y a\u00f1ade un toque de elegancia a cada momento!<\/p>\n<p style=\"text-align: left;\"><strong>Aviso importante<\/strong><\/p>\n<p style=\"text-align: left;\">Todos nuestros productos de cuero puede estar sujeta a una variaci\u00f3n natural en tama\u00f1o y color.<\/p>\n<p style=\"text-align: left;\">Las pieles utilizadas han sido procesadas y curtidas en una de las curtidoras m\u00e1s antiguas utilizando t\u00e9cnicas centenarias para dar al cuero acabado un aspecto antiguo \/ vintage.<br \/>\nPara los tama\u00f1os, permita 1-2 cm diferencia debido a la medida manual.<br \/>\nLas im\u00e1genes son 100% reales.<br \/>\nDebido al monitor del ordenador y el brillo real de la toma y otras razones, habr\u00e1 una cierta diferencia de color.<\/p>\n<!-- AddThis Advanced Settings generic via filter on the_content --><!-- AddThis Share Buttons generic via filter on the_content -->","protected":false},"excerpt":{"rendered":"<h2>Cintur\u00f3n de cuero y correa trenzada hecho a mano.<\/h2>\n<p>Para mujer, puedes llevarlo todos los d\u00edas sin ning\u00fan problema y la podr\u00e1s llevar c\u00f3modamente en la cintura o cadera.\u00a0Esta correa de cuero combinar\u00e1 con todos tus looks.\u00a0La hebilla plateada de elegante dise\u00f1o realizada a mano lo convierte en \u00fanico El cuero es un material muy resistente. Se puede adaptar a todas las medidas.<\/p>\n<p>Dimensiones: 120 cm de largo maximo x 5 cm de ancho.<\/p>\n<h5><a href=\"https:\/\/bit.ly\/TE-AYUDO\"><b>\u00bfAlguna duda? Ponte en contacto con nosotros a trav\u00e9s del bot\u00f3n del chat directo por WhatsApp y te resolveremos las dudas al instante<\/b><\/a><b>!<\/b><\/h5>\n<p><!-- AddThis Advanced Settings generic via filter on get_the_excerpt --><!-- AddThis Share Buttons generic via filter on get_the_excerpt --><\/p>\n","protected":false},"featured_media":10112,"comment_status":"open","ping_status":"closed","template":"","meta":{"om_disable_all_campaigns":false,"_monsterinsights_skip_tracking":false,"_monsterinsights_sitenote_active":false,"_monsterinsights_sitenote_note":"","_monsterinsights_sitenote_category":0,"_uf_show_specific_survey":0,"_uf_disable_surveys":false},"product_brand":[1217],"product_cat":[396],"product_tag":[1135,1096,290,889,341,264,338,31,753,744,745],"class_list":{"0":"post-10120","1":"product","2":"type-product","3":"status-publish","4":"has-post-thumbnail","6":"product_brand-ibags-belts","7":"product_cat-trenzados-cinturon","8":"product_tag-accesorios-y-complementos","9":"product_tag-artesania","10":"product_tag-cinturon","11":"product_tag-cinturon-asta","12":"product_tag-cinturon-cuero-boho-chic","13":"product_tag-cinturon-cuero-de-vaca-cuero-de-cuero-cinturon-de-cuero-chapa","14":"product_tag-cinturon-cuero-trenzado-marroqui","15":"product_tag-cinturon-trenzado-de-cuero","16":"product_tag-complementos-de-cuero","17":"product_tag-estilo-bohochic","18":"product_tag-estilo-hippie","20":"first","21":"instock","22":"shipping-taxable","23":"purchasable","24":"product-type-variable","25":"add-to-wishlist-after_add_to_cart","26":"layout-style-1","27":"col-md-4 col-sm-4 col-xs-6","28":"col-lg-3","29":"product-has-gallery","30":"product-style-default"},"aioseo_notices":[],"_links":{"self":[{"href":"https:\/\/www.ibagsbelts.com\/tienda\/wp-json\/wp\/v2\/product\/10120","targetHints":{"allow":["GET"]}}],"collection":[{"href":"https:\/\/www.ibagsbelts.com\/tienda\/wp-json\/wp\/v2\/product"}],"about":[{"href":"https:\/\/www.ibagsbelts.com\/tienda\/wp-json\/wp\/v2\/types\/product"}],"replies":[{"embeddable":true,"href":"https:\/\/www.ibagsbelts.com\/tienda\/wp-json\/wp\/v2\/comments?post=10120"}],"wp:featuredmedia":[{"embeddable":true,"href":"https:\/\/www.ibagsbelts.com\/tienda\/wp-json\/wp\/v2\/media\/10112"}],"wp:attachment":[{"href":"https:\/\/www.ibagsbelts.com\/tienda\/wp-json\/wp\/v2\/media?parent=10120"}],"wp:term":[{"taxonomy":"product_brand","embeddable":true,"href":"https:\/\/www.ibagsbelts.com\/tienda\/wp-json\/wp\/v2\/product_brand?post=10120"},{"taxonomy":"product_cat","embeddable":true,"href":"https:\/\/www.ibagsbelts.com\/tienda\/wp-json\/wp\/v2\/product_cat?post=10120"},{"taxonomy":"product_tag","embeddable":true,"href":"https:\/\/www.ibagsbelts.com\/tienda\/wp-json\/wp\/v2\/product_tag?post=10120"}],"curies":[{"name":"wp","href":"https:\/\/api.w.org\/{rel}","templated":true}]}}