{"id":10495,"date":"2020-10-10T14:23:04","date_gmt":"2020-10-10T12:23:04","guid":{"rendered":"https:\/\/www.ibagsbelts.com\/tienda\/?post_type=product&#038;p=10495"},"modified":"2026-03-15T15:59:36","modified_gmt":"2026-03-15T14:59:36","slug":"bolso-bandolera-marrakech-mediano","status":"publish","type":"product","link":"https:\/\/www.ibagsbelts.com\/tienda\/producto\/bolso-bandolera-marrakech-mediano\/","title":{"rendered":"Bolso bandolera de cuero Marrakech mediano"},"content":{"rendered":"<p style=\"text-align: left;\">Descubre la magnificencia del estilo cl\u00e1sico con nuestro Bolso Bandolera Mediano en Cuero de Vaca Repujado, una obra maestra de la marroquiner\u00eda marroqu\u00ed.<\/p>\n<p style=\"text-align: left;\"><strong>Dise\u00f1o Distintivo:<\/strong><\/p>\n<ul style=\"text-align: left;\">\n<li><strong>Cuero de Vaca Repujado:<\/strong> La calidad del cuero de vaca se realza con un exquisito repujado, agregando textura y detalle que destacan en cada cent\u00edmetro.<\/li>\n<li><strong>Artesan\u00eda Marroqu\u00ed:<\/strong> El tallado y troquelado realizados a mano por expertos artesanos marroqu\u00edes hacen que cada bolso sea verdaderamente \u00fanico, una pieza de arte que llevas contigo.<\/li>\n<li><strong>Compartimentos Bien Organizados:<\/strong> Con dos compartimentos, ofrece espacio suficiente para tus elementos esenciales diarios, manteniendo todo bien organizado y al alcance.<\/li>\n<li><strong>Cierre con Bot\u00f3n Artesanal:<\/strong> La autenticidad se destaca en los detalles, y el cierre con bot\u00f3n en cuero artesanal es un toque cl\u00e1sico que complementa la est\u00e9tica del bolso.<\/li>\n<\/ul>\n<p style=\"text-align: left;\"><strong>Medidas Perfectas:<\/strong><\/p>\n<ul style=\"text-align: left;\">\n<li><strong>Compacto y Espacioso:<\/strong> Con dimensiones de 25 cm de largo, 22 cm de alto y 13 cm de ancho, es lo suficientemente compacto para el uso diario y lo bastante espacioso para llevar lo esencial.<\/li>\n<\/ul>\n<p style=\"text-align: left;\">Este bolso no es solo un accesorio, es una expresi\u00f3n de estilo y artesan\u00eda que se adapta perfectamente a tu b\u00fasqueda de un look cl\u00e1sico y distinguido.<\/p>\n<p style=\"text-align: left;\"><strong>Aviso importante<\/strong><\/p>\n<p style=\"text-align: left;\">Todos nuestros productos de cuero est\u00e1n hechos a mano y su nueva bolsa de cuero puede estar sujeta a una variaci\u00f3n natural en tama\u00f1o y color.<br \/>\nPara los tama\u00f1os, permita 1-2 cm difiere debido a la medida manual.<br \/>\nLas im\u00e1genes son 100% reales.<br \/>\nDebido al monitor del ordenador y el brillo real de la toma y otras razones, habr\u00e1 una cierta diferencia de color.<\/p>\n<!-- AddThis Advanced Settings generic via filter on the_content --><!-- AddThis Share Buttons generic via filter on the_content -->","protected":false},"excerpt":{"rendered":"<h2>Magnifico bolso bandolera mediana en cuero de vaca repujado para el look que estas buscando un cl\u00e1sico.<\/h2>\n<p>La marroquiner\u00eda marroqu\u00ed su tallado as\u00ed como troquelado realizado a mano lo convierte en una pieza \u00fanica.\u00a0Tiene dos compartimentos y cierre con bot\u00f3n en cuero artesanal para llevar lo necesarias para el d\u00eda a d\u00eda<\/p>\n<p>Medidas: 25 cm largo, 22 cm alto, 13 cm ancho<\/p>\n<h5><strong>\u00bfAlguna duda? Ponte en contacto con nosotros a trav\u00e9s del bot\u00f3n del chat directo por whatsApp y te resolveremos las dudas al instante!<\/strong><\/h5>\n<p><!-- AddThis Advanced Settings generic via filter on get_the_excerpt --><!-- AddThis Share Buttons generic via filter on get_the_excerpt --><\/p>\n","protected":false},"featured_media":16691,"comment_status":"open","ping_status":"closed","template":"","meta":{"om_disable_all_campaigns":false,"_monsterinsights_skip_tracking":false,"_monsterinsights_sitenote_active":false,"_monsterinsights_sitenote_note":"","_monsterinsights_sitenote_category":0,"_uf_show_specific_survey":0,"_uf_disable_surveys":false},"product_brand":[1217],"product_cat":[240],"product_tag":[1096,301,877,266,1020,299,305,315,313,329,302,744,745,1146,1147],"class_list":{"0":"post-10495","1":"product","2":"type-product","3":"status-publish","4":"has-post-thumbnail","6":"product_brand-ibags-belts","7":"product_cat-bolsos-bandoleras-de-cuero-artesanal","8":"product_tag-artesania","9":"product_tag-bandolera","10":"product_tag-bandoleras","11":"product_tag-bolso-bohemian-bolso-cuero-repujado-bolsos-cuero-retro-bolso-shopper-cuero-bolso-cuero-trenzado-bolso-cuero-troquelado","12":"product_tag-bolso-boho","13":"product_tag-bolso-cuero","14":"product_tag-bolso-cuero-artesanal","15":"product_tag-bolso-cuero-artesano","16":"product_tag-bolso-cuero-hecho-a-mano","17":"product_tag-bolso-cuero-hippie","18":"product_tag-bolsos-de-cuero","19":"product_tag-estilo-bohochic","20":"product_tag-estilo-hippie","21":"product_tag-repujado","22":"product_tag-troquelado","24":"first","25":"instock","26":"featured","27":"shipping-taxable","28":"purchasable","29":"product-type-variable","30":"add-to-wishlist-after_add_to_cart","31":"layout-style-1","32":"col-md-4 col-sm-4 col-xs-6","33":"col-lg-3","34":"product-has-gallery","35":"product-style-default"},"aioseo_notices":[],"_links":{"self":[{"href":"https:\/\/www.ibagsbelts.com\/tienda\/wp-json\/wp\/v2\/product\/10495","targetHints":{"allow":["GET"]}}],"collection":[{"href":"https:\/\/www.ibagsbelts.com\/tienda\/wp-json\/wp\/v2\/product"}],"about":[{"href":"https:\/\/www.ibagsbelts.com\/tienda\/wp-json\/wp\/v2\/types\/product"}],"replies":[{"embeddable":true,"href":"https:\/\/www.ibagsbelts.com\/tienda\/wp-json\/wp\/v2\/comments?post=10495"}],"wp:featuredmedia":[{"embeddable":true,"href":"https:\/\/www.ibagsbelts.com\/tienda\/wp-json\/wp\/v2\/media\/16691"}],"wp:attachment":[{"href":"https:\/\/www.ibagsbelts.com\/tienda\/wp-json\/wp\/v2\/media?parent=10495"}],"wp:term":[{"taxonomy":"product_brand","embeddable":true,"href":"https:\/\/www.ibagsbelts.com\/tienda\/wp-json\/wp\/v2\/product_brand?post=10495"},{"taxonomy":"product_cat","embeddable":true,"href":"https:\/\/www.ibagsbelts.com\/tienda\/wp-json\/wp\/v2\/product_cat?post=10495"},{"taxonomy":"product_tag","embeddable":true,"href":"https:\/\/www.ibagsbelts.com\/tienda\/wp-json\/wp\/v2\/product_tag?post=10495"}],"curies":[{"name":"wp","href":"https:\/\/api.w.org\/{rel}","templated":true}]}}