{"id":10545,"date":"2020-10-26T18:45:17","date_gmt":"2020-10-26T17:45:17","guid":{"rendered":"https:\/\/www.ibagsbelts.com\/tienda\/?post_type=product&#038;p=10545"},"modified":"2026-03-15T15:58:25","modified_gmt":"2026-03-15T14:58:25","slug":"bolso-bandolera-de-cuero-artesanales-asa-trenzada","status":"publish","type":"product","link":"https:\/\/www.ibagsbelts.com\/tienda\/producto\/bolso-bandolera-de-cuero-artesanales-asa-trenzada\/","title":{"rendered":"Bolso bandolera de cuero artesanales asa trenzada"},"content":{"rendered":"<p>Ya sea en un corto paseo dominical o en una salida nocturna al club, la incomodidad no volver\u00e1 a ser un problema.<\/p>\n<p>Con el pr\u00e1ctico bolso, hecho de cuero curtido al natural y con un estilo vintage, robar\u00e1s todas las miradas en cualquier pista de baile del mundo.<\/p>\n<p>Su compartimento principal ofrece un amplio espacio de almacenamiento, mientras que los peque\u00f1os brindan un \u00fatil espacio para mantener a mano tus \u00fatiles y accesorios.<\/p>\n<p>Su cierre de im\u00e1n\u00a0 asegura protecci\u00f3n para tus cosas. peque\u00f1a chapa artesanal de alpaca es la solapa.<\/p>\n<p>100% de cuero de vaca<\/p>\n<p style=\"text-align: center;\"><strong>\u00a0<\/strong><\/p>\n<p style=\"text-align: center;\"><strong>Aviso importante<\/strong><\/p>\n<p>Todos nuestros productos de cuero est\u00e1n hechos a mano y su nueva bolsa de cuero puede estar sujeta a una variaci\u00f3n natural en tama\u00f1o y color.<br \/>\nPara los tama\u00f1os, permita 1-2 cm difiere debido a la medida manual.<br \/>\nLas im\u00e1genes son 100% reales.<br \/>\nDebido al monitor del ordenador y el brillo real de la toma y otras razones, habr\u00e1 una cierta diferencia de color.<\/p>\n<!-- AddThis Advanced Settings generic via filter on the_content --><!-- AddThis Share Buttons generic via filter on the_content -->","protected":false},"excerpt":{"rendered":"<p>Ya sea en un corto paseo dominical o en una salida nocturna al club, la incomodidad no volver\u00e1 a ser un problema.<\/p>\n<p>Con el pr\u00e1ctico bolso, hecho de cuero curtido al natural y con un estilo vintage, robar\u00e1s todas las miradas en cualquier pista de baile del mundo.<\/p>\n<p>Su compartimento principal ofrece un amplio espacio de almacenamiento, mientras que los peque\u00f1os brindan un \u00fatil espacio para mantener a mano tus \u00fatiles y accesorios.<\/p>\n<p>Su cierre de im\u00e1n\u00a0 asegura protecci\u00f3n para tus cosas. peque\u00f1a chapa artesanal de alpaca es la solapa.<\/p>\n<p>100% de cuero de vaca<\/p>\n<h5>\u00bfAlguna duda? Ponte en contacto con nosotros a trav\u00e9s del bot\u00f3n del chat directo por whatsapp y te resolveremos las dudas al instante!<\/h5>\n<p><!-- AddThis Advanced Settings generic via filter on get_the_excerpt --><!-- AddThis Share Buttons generic via filter on get_the_excerpt --><\/p>\n","protected":false},"featured_media":1018,"comment_status":"closed","ping_status":"closed","template":"","meta":{"om_disable_all_campaigns":false,"_monsterinsights_skip_tracking":false,"_monsterinsights_sitenote_active":false,"_monsterinsights_sitenote_note":"","_monsterinsights_sitenote_category":0,"_uf_show_specific_survey":0,"_uf_disable_surveys":false},"product_brand":[1217],"product_cat":[240,757],"product_tag":[301,266,328,303,1020,315,746],"class_list":{"0":"post-10545","1":"product","2":"type-product","3":"status-publish","4":"has-post-thumbnail","6":"product_brand-ibags-belts","7":"product_cat-bolsos-bandoleras-de-cuero-artesanal","8":"product_cat-bolso-clutch","9":"product_tag-bandolera","10":"product_tag-bolso-bohemian-bolso-cuero-repujado-bolsos-cuero-retro-bolso-shopper-cuero-bolso-cuero-trenzado-bolso-cuero-troquelado","11":"product_tag-bolso-bandolera-cuero-marruecos","12":"product_tag-bolso-bohemian","13":"product_tag-bolso-boho","14":"product_tag-bolso-cuero-artesano","15":"product_tag-estilo-hippiechic","17":"first","18":"outofstock","19":"shipping-taxable","20":"product-type-variable","21":"add-to-wishlist-after_add_to_cart","22":"layout-style-1","23":"col-md-4 col-sm-4 col-xs-6","24":"col-lg-3","25":"product-has-gallery","26":"product-style-default"},"aioseo_notices":[],"_links":{"self":[{"href":"https:\/\/www.ibagsbelts.com\/tienda\/wp-json\/wp\/v2\/product\/10545","targetHints":{"allow":["GET"]}}],"collection":[{"href":"https:\/\/www.ibagsbelts.com\/tienda\/wp-json\/wp\/v2\/product"}],"about":[{"href":"https:\/\/www.ibagsbelts.com\/tienda\/wp-json\/wp\/v2\/types\/product"}],"replies":[{"embeddable":true,"href":"https:\/\/www.ibagsbelts.com\/tienda\/wp-json\/wp\/v2\/comments?post=10545"}],"wp:featuredmedia":[{"embeddable":true,"href":"https:\/\/www.ibagsbelts.com\/tienda\/wp-json\/wp\/v2\/media\/1018"}],"wp:attachment":[{"href":"https:\/\/www.ibagsbelts.com\/tienda\/wp-json\/wp\/v2\/media?parent=10545"}],"wp:term":[{"taxonomy":"product_brand","embeddable":true,"href":"https:\/\/www.ibagsbelts.com\/tienda\/wp-json\/wp\/v2\/product_brand?post=10545"},{"taxonomy":"product_cat","embeddable":true,"href":"https:\/\/www.ibagsbelts.com\/tienda\/wp-json\/wp\/v2\/product_cat?post=10545"},{"taxonomy":"product_tag","embeddable":true,"href":"https:\/\/www.ibagsbelts.com\/tienda\/wp-json\/wp\/v2\/product_tag?post=10545"}],"curies":[{"name":"wp","href":"https:\/\/api.w.org\/{rel}","templated":true}]}}