{"id":10602,"date":"2020-11-02T21:40:37","date_gmt":"2020-11-02T20:40:37","guid":{"rendered":"https:\/\/www.ibagsbelts.com\/tienda\/?post_type=product&#038;p=10602"},"modified":"2026-03-15T15:57:06","modified_gmt":"2026-03-15T14:57:06","slug":"bolso-bandolera-con-flecos-y-tachas-color-natural","status":"publish","type":"product","link":"https:\/\/www.ibagsbelts.com\/tienda\/producto\/bolso-bandolera-con-flecos-y-tachas-color-natural\/","title":{"rendered":"Bolso bandolera con flecos y tachas color camel Karina"},"content":{"rendered":"<p>Emb\u00e1rcate en un viaje de estilo y artesan\u00eda con nuestra Bolso Bandolera de Cuero. Este cautivador accesorio combina un dise\u00f1o artesanal \u00fanico con detalles distintivos.<\/p>\n<p><strong>Aspectos Destacados:<\/strong><\/p>\n<ul>\n<li><strong>Dise\u00f1o Artesanal:<\/strong> Cada bolso es una obra de arte \u00fanica, con flecos y tachas meticulosamente colocados a mano para un toque personalizado.<\/li>\n<li><strong>Chapa de Metal en Solapa:<\/strong> Un toque de elegancia con una chapa de metal en la solapa que agrega un atractivo visual.<\/li>\n<li><strong>Decoraci\u00f3n de Tiras de Cuero:<\/strong> La parte frontal presenta tiras de cuero, creando un dise\u00f1o \u00fanico y aut\u00e9ntico.<\/li>\n<li><strong>Correa Regulable:<\/strong> Ll\u00e9valo c\u00f3modamente como bandolera, con una correa ajustable para adaptarse a tu estilo y preferencias.<\/li>\n<li><strong>Cierre Seguro:<\/strong> Doble cierre con cremallera en sus dos bolsillos principales para mantener tus pertenencias seguras y organizadas.<\/li>\n<li><strong>Forro de Tela:<\/strong> El interior forrado de tela a\u00f1ade un toque de lujo y protege tus pertenencias.<\/li>\n<\/ul>\n<p><strong>Medidas Perfectas para Tu Estilo:<\/strong><\/p>\n<ul>\n<li><strong>Altura:<\/strong> 28 cm<\/li>\n<li><strong>Largo:<\/strong> 30 cm<\/li>\n<\/ul>\n<p>Este bolso no solo es un accesorio, es una declaraci\u00f3n de estilo y artesan\u00eda. Atrapa miradas con cada paso que des, llevando contigo la esencia de la creatividad y la elegancia artesanal.<\/p>\n<p style=\"text-align: left;\"><strong>Aviso importante<\/strong><\/p>\n<p style=\"text-align: left;\">Todos nuestros productos de cuero est\u00e1n hechos a mano y su nueva bolsa de cuero puede estar sujeta a una variaci\u00f3n natural en tama\u00f1o y color.<br \/>\nPara los tama\u00f1os, permita 1-2 cm difiere debido a la medida manual.<br \/>\nLas im\u00e1genes son 100% reales.<br \/>\nDebido al monitor del ordenador y el brillo real de la toma y otras razones, habr\u00e1 una cierta diferencia de color.<\/p>\n<!-- AddThis Advanced Settings generic via filter on the_content --><!-- AddThis Share Buttons generic via filter on the_content -->","protected":false},"excerpt":{"rendered":"<h2>Bolso bandolera de cuero artesanal con flecos y tachas.<\/h2>\n<h3>Chapa de metal en la solapa, decorado con tiras de cuero en la parte frontal, todas ellas colocadas una a una a mano.<br \/>\nLleva una correa regulable, para llevarlo como bandolera.<\/h3>\n<h4>Cierre con cremallera en sus dos bolsillos. Forrado de tela.\u00a0Medidas del bolso 28 cm de alto por 30 cm de largo<\/h4>\n<h5><strong>\u00bfAlguna duda? Ponte en contacto con nosotros a trav\u00e9s del bot\u00f3n del chat directo por whatsApp y te resolveremos las dudas al instante!<\/strong><\/h5>\n<p><!-- AddThis Advanced Settings generic via filter on get_the_excerpt --><!-- AddThis Share Buttons generic via filter on get_the_excerpt --><\/p>\n","protected":false},"featured_media":24575,"comment_status":"open","ping_status":"closed","template":"","meta":{"om_disable_all_campaigns":false,"_monsterinsights_skip_tracking":false,"_monsterinsights_sitenote_active":false,"_monsterinsights_sitenote_note":"","_monsterinsights_sitenote_category":0,"_uf_show_specific_survey":0,"_uf_disable_surveys":false},"product_brand":[1217],"product_cat":[240],"product_tag":[301,877,266,299,305,315,777,268,316,309,781,727,749,746],"class_list":{"0":"post-10602","1":"product","2":"type-product","3":"status-publish","4":"has-post-thumbnail","6":"product_brand-ibags-belts","7":"product_cat-bolsos-bandoleras-de-cuero-artesanal","8":"product_tag-bandolera","9":"product_tag-bandoleras","10":"product_tag-bolso-bohemian-bolso-cuero-repujado-bolsos-cuero-retro-bolso-shopper-cuero-bolso-cuero-trenzado-bolso-cuero-troquelado","11":"product_tag-bolso-cuero","12":"product_tag-bolso-cuero-artesanal","13":"product_tag-bolso-cuero-artesano","14":"product_tag-bolso-cuero-bandoleras","15":"product_tag-bolso-cuero-boho-bolso-cuero-con-tachuelas-bolsos-cuero-caballero-bolso-cuero-de-hombre-bolso-cuero-de-viaje-bolso-cuero-de-vaca-bolso-de-cuero-artesanal-bolso-de-cuero","16":"product_tag-bolso-cuero-con-tachuelas","17":"product_tag-bolso-cuero-mano","18":"product_tag-bolso-de-cuero-para-mujer","19":"product_tag-bolsos-bandoleras-cuero","20":"product_tag-clutch","21":"product_tag-estilo-hippiechic","23":"first","24":"instock","25":"shipping-taxable","26":"purchasable","27":"product-type-simple","28":"add-to-wishlist-after_add_to_cart","29":"layout-style-1","30":"col-md-4 col-sm-4 col-xs-6","31":"col-lg-3","32":"product-has-gallery","33":"product-style-default"},"aioseo_notices":[],"_links":{"self":[{"href":"https:\/\/www.ibagsbelts.com\/tienda\/wp-json\/wp\/v2\/product\/10602","targetHints":{"allow":["GET"]}}],"collection":[{"href":"https:\/\/www.ibagsbelts.com\/tienda\/wp-json\/wp\/v2\/product"}],"about":[{"href":"https:\/\/www.ibagsbelts.com\/tienda\/wp-json\/wp\/v2\/types\/product"}],"replies":[{"embeddable":true,"href":"https:\/\/www.ibagsbelts.com\/tienda\/wp-json\/wp\/v2\/comments?post=10602"}],"wp:featuredmedia":[{"embeddable":true,"href":"https:\/\/www.ibagsbelts.com\/tienda\/wp-json\/wp\/v2\/media\/24575"}],"wp:attachment":[{"href":"https:\/\/www.ibagsbelts.com\/tienda\/wp-json\/wp\/v2\/media?parent=10602"}],"wp:term":[{"taxonomy":"product_brand","embeddable":true,"href":"https:\/\/www.ibagsbelts.com\/tienda\/wp-json\/wp\/v2\/product_brand?post=10602"},{"taxonomy":"product_cat","embeddable":true,"href":"https:\/\/www.ibagsbelts.com\/tienda\/wp-json\/wp\/v2\/product_cat?post=10602"},{"taxonomy":"product_tag","embeddable":true,"href":"https:\/\/www.ibagsbelts.com\/tienda\/wp-json\/wp\/v2\/product_tag?post=10602"}],"curies":[{"name":"wp","href":"https:\/\/api.w.org\/{rel}","templated":true}]}}