{"id":10615,"date":"2020-11-03T13:44:41","date_gmt":"2020-11-03T12:44:41","guid":{"rendered":"https:\/\/www.ibagsbelts.com\/tienda\/?post_type=product&#038;p=10615"},"modified":"2026-03-15T15:56:14","modified_gmt":"2026-03-15T14:56:14","slug":"bolso-boho-con-flecos-en-piel-artesanal","status":"publish","type":"product","link":"https:\/\/www.ibagsbelts.com\/tienda\/producto\/bolso-boho-con-flecos-en-piel-artesanal\/","title":{"rendered":"Bolso boho con flecos en piel artesanal"},"content":{"rendered":"<p><span class=\"a-list-item\">Bolso mujer Clutch en piel con flecos color teja con decoraci\u00f3n de tachas y chap\u00f3n central realizado artesanalmente.<\/span><\/p>\n<p><span class=\"a-list-item\">Bolso dise\u00f1ado en Espa\u00f1a y fabricado en Marruecos. <\/span><span class=\"a-list-item\">Forro interior con bolsillo. <\/span><\/p>\n<p><span class=\"a-list-item\">Piel muy suave de excelente calidad y muy agradable al tacto<\/span><\/p>\n<p><span class=\"a-list-item\">Bolso de lujo, boho chic<\/span><\/p>\n<p style=\"text-align: center;\"><strong>Aviso importante<\/strong><\/p>\n<p>Todos nuestros productos de cuero puede estar sujeta a una variaci\u00f3n natural en tama\u00f1o y color.<\/p>\n<p>Las pieles utilizadas han sido procesadas y curtidas en una de las curtidur\u00edas m\u00e1s antiguas utilizando t\u00e9cnicas centenarias para dar al cuero acabado un aspecto antiguo \/ vintage.<br \/>\nPara los tama\u00f1os, permita 1-2 cm diferencia debido a la medida manual.<br \/>\nLas im\u00e1genes son 100% reales.<br \/>\nDebido al monitor del ordenador y el brillo real de la toma y otras razones, habr\u00e1 una cierta diferencia de color.<\/p>\n<!-- AddThis Advanced Settings generic via filter on the_content --><!-- AddThis Share Buttons generic via filter on the_content -->","protected":false},"excerpt":{"rendered":"<p><span class=\"a-list-item\">Bolso mujer Clutch en piel de vacuno con flecos color teja con decoraci\u00f3n de tachas y chap\u00f3n central realizado artesanalmente multicolor<\/span><\/p>\n<p><span class=\"a-list-item\">Bolso dise\u00f1ado en Espa\u00f1a y fabricado en Marruecos. <\/span><span class=\"a-list-item\">Forro interior con bolsillo. <\/span><\/p>\n<p><span class=\"a-list-item\">Piel muy suave de excelente calidad y muy agradable al tacto<\/span><\/p>\n<p><span class=\"a-list-item\">Bolso de lujo, boho chic<\/span><\/p>\n<p>Dimensiones 30cm x 22cm<\/p>\n<h5><strong>\u00bfAlguna duda? Ponte en contacto con nosotros a trav\u00e9s del bot\u00f3n del chat directo por whatsApp y te resolveremos las dudas al instante!<\/strong><\/h5>\n<p><!-- AddThis Advanced Settings generic via filter on get_the_excerpt --><!-- AddThis Share Buttons generic via filter on get_the_excerpt --><\/p>\n","protected":false},"featured_media":13617,"comment_status":"open","ping_status":"closed","template":"","meta":{"om_disable_all_campaigns":false,"_monsterinsights_skip_tracking":false,"_monsterinsights_sitenote_active":false,"_monsterinsights_sitenote_note":"","_monsterinsights_sitenote_category":0,"_uf_show_specific_survey":0,"_uf_disable_surveys":false},"product_brand":[1217],"product_cat":[240],"product_tag":[736,305,777,778,779,749,744],"class_list":{"0":"post-10615","1":"product","2":"type-product","3":"status-publish","4":"has-post-thumbnail","6":"product_brand-ibags-belts","7":"product_cat-bolsos-bandoleras-de-cuero-artesanal","8":"product_tag-boho","9":"product_tag-bolso-cuero-artesanal","10":"product_tag-bolso-cuero-bandoleras","11":"product_tag-bolso-cuero-de-vaca","12":"product_tag-bolso-de-cuero-artesanal","13":"product_tag-clutch","14":"product_tag-estilo-bohochic","16":"first","17":"instock","18":"sale","19":"shipping-taxable","20":"purchasable","21":"product-type-simple","22":"add-to-wishlist-after_add_to_cart","23":"layout-style-1","24":"col-md-4 col-sm-4 col-xs-6","25":"col-lg-3","26":"product-has-gallery","27":"product-style-default"},"aioseo_notices":[],"_links":{"self":[{"href":"https:\/\/www.ibagsbelts.com\/tienda\/wp-json\/wp\/v2\/product\/10615","targetHints":{"allow":["GET"]}}],"collection":[{"href":"https:\/\/www.ibagsbelts.com\/tienda\/wp-json\/wp\/v2\/product"}],"about":[{"href":"https:\/\/www.ibagsbelts.com\/tienda\/wp-json\/wp\/v2\/types\/product"}],"replies":[{"embeddable":true,"href":"https:\/\/www.ibagsbelts.com\/tienda\/wp-json\/wp\/v2\/comments?post=10615"}],"wp:featuredmedia":[{"embeddable":true,"href":"https:\/\/www.ibagsbelts.com\/tienda\/wp-json\/wp\/v2\/media\/13617"}],"wp:attachment":[{"href":"https:\/\/www.ibagsbelts.com\/tienda\/wp-json\/wp\/v2\/media?parent=10615"}],"wp:term":[{"taxonomy":"product_brand","embeddable":true,"href":"https:\/\/www.ibagsbelts.com\/tienda\/wp-json\/wp\/v2\/product_brand?post=10615"},{"taxonomy":"product_cat","embeddable":true,"href":"https:\/\/www.ibagsbelts.com\/tienda\/wp-json\/wp\/v2\/product_cat?post=10615"},{"taxonomy":"product_tag","embeddable":true,"href":"https:\/\/www.ibagsbelts.com\/tienda\/wp-json\/wp\/v2\/product_tag?post=10615"}],"curies":[{"name":"wp","href":"https:\/\/api.w.org\/{rel}","templated":true}]}}