{"id":10640,"date":"2020-11-03T18:04:59","date_gmt":"2020-11-03T17:04:59","guid":{"rendered":"https:\/\/www.ibagsbelts.com\/tienda\/?post_type=product&#038;p=10640"},"modified":"2026-03-15T15:54:27","modified_gmt":"2026-03-15T14:54:27","slug":"mochila-flecos-y-sol-lyon","status":"publish","type":"product","link":"https:\/\/www.ibagsbelts.com\/tienda\/producto\/mochila-flecos-y-sol-lyon\/","title":{"rendered":"Mochila flecos y sol LYON"},"content":{"rendered":"<p>Esta mochila est\u00e1 hecha de cuero de caprino, destaca por un formato estilizado y su manejo pr\u00e1ctico.<\/p>\n<p>Dentro encontrar\u00e1s un mont\u00f3n de espacio para guardar todas las cosas necesarias para una paseo en la ciudad.<\/p>\n<p>Te aporta un toque hippie por sus flecos exteriores con un cierre con cordon de cuero, y su solapa con una sol artesanal con cierre con hebilla te va a encantar<\/p>\n<p style=\"text-align: center;\"><strong>Aviso importante<\/strong><\/p>\n<p>Todos nuestros productos de cuero est\u00e1n hechos a mano y su nueva bolsa de cuero puede estar sujeta a una variaci\u00f3n natural en tama\u00f1o y color.<br \/>\nPara los tama\u00f1os, permita 1-2 cm difiere debido a la medida manual.<br \/>\nLas im\u00e1genes son 100% reales.<br \/>\nDebido al monitor del ordenador y el brillo real de la toma y otras razones, habr\u00e1 una cierta diferencia de color.<\/p>\n<!-- AddThis Advanced Settings generic via filter on the_content --><!-- AddThis Share Buttons generic via filter on the_content -->","protected":false},"excerpt":{"rendered":"<p>Esta mochila est\u00e1 hecha de cuero de caprino, destaca por un formato estilizado y su manejo pr\u00e1ctico.<\/p>\n<p>Dentro encontrar\u00e1s un mont\u00f3n de espacio para guardar todas las cosas necesarias para una paseo en la ciudad.<\/p>\n<p>Te aporta un toque hippie por sus flecos exteriores con un cierre con cordon de cuero, y su solapa con una sol artesanal con cierre con hebilla te va a encantar<\/p>\n<h5><strong>\u00bfAlguna duda? Ponte en contacto con nosotros a trav\u00e9s del bot\u00f3n del chat directo por whatsapp y te resolveremos las dudas al instante!<\/strong><\/h5>\n<p><!-- AddThis Advanced Settings generic via filter on get_the_excerpt --><!-- AddThis Share Buttons generic via filter on get_the_excerpt --><\/p>\n","protected":false},"featured_media":10641,"comment_status":"closed","ping_status":"closed","template":"","meta":{"om_disable_all_campaigns":false,"_monsterinsights_skip_tracking":false,"_monsterinsights_sitenote_active":false,"_monsterinsights_sitenote_note":"","_monsterinsights_sitenote_category":0,"_uf_show_specific_survey":0,"_uf_disable_surveys":false},"product_brand":[1217],"product_cat":[400],"product_tag":[312,739,275,310,347,325],"class_list":{"0":"post-10640","1":"product","2":"type-product","3":"status-publish","4":"has-post-thumbnail","6":"product_brand-ibags-belts","7":"product_cat-mochilas-medianas","8":"product_tag-bolso-cuero-flecos","9":"product_tag-hippiechic","10":"product_tag-mochila-de-cuero-para-hombre-bolso-de-cuero-para-mujer-bolso-de-cuero-hecho-a-mano-bolso-cuero-grabado-bolso-cuero-hombre-artesanal-bolso-cuero-hecho-a-mano-bolsos-cuero-y-kilim","11":"product_tag-mochila-cuero","12":"product_tag-mochila-hecho-a-mano","13":"product_tag-mochilas","15":"first","16":"outofstock","17":"shipping-taxable","18":"product-type-variable","19":"add-to-wishlist-after_add_to_cart","20":"layout-style-1","21":"col-md-4 col-sm-4 col-xs-6","22":"col-lg-3","23":"product-has-gallery","24":"product-style-default"},"aioseo_notices":[],"_links":{"self":[{"href":"https:\/\/www.ibagsbelts.com\/tienda\/wp-json\/wp\/v2\/product\/10640","targetHints":{"allow":["GET"]}}],"collection":[{"href":"https:\/\/www.ibagsbelts.com\/tienda\/wp-json\/wp\/v2\/product"}],"about":[{"href":"https:\/\/www.ibagsbelts.com\/tienda\/wp-json\/wp\/v2\/types\/product"}],"replies":[{"embeddable":true,"href":"https:\/\/www.ibagsbelts.com\/tienda\/wp-json\/wp\/v2\/comments?post=10640"}],"wp:featuredmedia":[{"embeddable":true,"href":"https:\/\/www.ibagsbelts.com\/tienda\/wp-json\/wp\/v2\/media\/10641"}],"wp:attachment":[{"href":"https:\/\/www.ibagsbelts.com\/tienda\/wp-json\/wp\/v2\/media?parent=10640"}],"wp:term":[{"taxonomy":"product_brand","embeddable":true,"href":"https:\/\/www.ibagsbelts.com\/tienda\/wp-json\/wp\/v2\/product_brand?post=10640"},{"taxonomy":"product_cat","embeddable":true,"href":"https:\/\/www.ibagsbelts.com\/tienda\/wp-json\/wp\/v2\/product_cat?post=10640"},{"taxonomy":"product_tag","embeddable":true,"href":"https:\/\/www.ibagsbelts.com\/tienda\/wp-json\/wp\/v2\/product_tag?post=10640"}],"curies":[{"name":"wp","href":"https:\/\/api.w.org\/{rel}","templated":true}]}}