{"id":10660,"date":"2020-11-04T13:16:54","date_gmt":"2020-11-04T12:16:54","guid":{"rendered":"https:\/\/www.ibagsbelts.com\/tienda\/?post_type=product&#038;p=10660"},"modified":"2026-03-15T15:53:30","modified_gmt":"2026-03-15T14:53:30","slug":"mochila-clasica-grande","status":"publish","type":"product","link":"https:\/\/www.ibagsbelts.com\/tienda\/producto\/mochila-clasica-grande\/","title":{"rendered":"Mochila de cuero cl\u00e1sica grande de estilo hippie Quinn"},"content":{"rendered":"<p style=\"text-align: left;\">Descubre la combinaci\u00f3n perfecta de estilo y funcionalidad con nuestra mochila de cuero artesanal. Con tres bolsillos exteriores, incluido un amplio bolsillo frontal ideal para llevar tu iPhone, bater\u00eda adicional, cables y otros accesorios, esta mochila te ofrece la organizaci\u00f3n que necesitas para tu d\u00eda a d\u00eda.<\/p>\n<p style=\"text-align: left;\">Los bolsillos m\u00e1s peque\u00f1os son perfectos para llaves, billetera y otros objetos esenciales, mientras que el peque\u00f1o bolsillo con cremallera en la parte trasera garantiza la seguridad de tus pertenencias m\u00e1s importantes. Adem\u00e1s, la mochila es liviana y cuenta con correas ajustables con hebilla que proporcionan un m\u00e1ximo soporte y protecci\u00f3n para tu espalda.<\/p>\n<p style=\"text-align: left;\">Con un dise\u00f1o atractivo y vers\u00e1til, esta mochila es perfecta para su uso en la universidad, la escuela, los negocios, los viajes, las excursiones cortas, los campamentos y las actividades al aire libre. Adem\u00e1s, su amplio compartimento principal puede contener f\u00e1cilmente un port\u00e1til de hasta 16 pulgadas, asegurando que puedas llevar todo lo que necesitas contigo.<\/p>\n<p style=\"text-align: left;\">Con unas dimensiones de 38 cm x 31 cm x 17 cm, nuestra mochila est\u00e1 hecha de cuero artesanal de alta calidad, garantizando durabilidad y estilo sin igual. \u00a1Prep\u00e1rate para destacar con esta elegante y funcional mochila en tus aventuras diarias!<\/p>\n<p style=\"text-align: left;\"><strong>Aviso importante<\/strong><\/p>\n<p style=\"text-align: left;\">Todos nuestros productos de cuero est\u00e1n hechos a mano y su nueva bolsa de cuero puede estar sujeta a una variaci\u00f3n natural en tama\u00f1o y color.<br \/>\nPara los tama\u00f1os, permita 1-2 cm difiere debido a la medida manual.<br \/>\nLas im\u00e1genes son 100% reales.<br \/>\nDebido al monitor del ordenador y el brillo real de la toma y otras razones, habr\u00e1 una cierta diferencia de color.<\/p>\n<!-- AddThis Advanced Settings generic via filter on the_content --><!-- AddThis Share Buttons generic via filter on the_content -->","protected":false},"excerpt":{"rendered":"<h2>La mochila tiene tres bolsillos exteriores.<\/h2>\n<p>El bolsillo frontal es lo suficientemente grande como para llevar un iPhone, bater\u00eda adicional, cables, etc. Los otros bolsillos m\u00e1s peque\u00f1os pueden acomodar f\u00e1cilmente llaves, billetera, etc. En la parte de atr\u00e1s hay un peque\u00f1o bolsillo con cremallera.<\/p>\n<p>La mochila es liviana y tiene correas ajustables con hebilla que forma un sistema de suspensi\u00f3n para proteger su espalda de incomodidad y fomentar el m\u00e1ximo soporte. Es atractivo, por lo que es perfecto para la universidad, la escuela, los negocios, los viajes, las excursiones cortas, los campamentos y las actividades al aire libre.<\/p>\n<p>Esta mochila para computadora port\u00e1til mide 38 cm X 31 cm x 17 cm<\/p>\n<h5><strong>\u00bfAlguna duda? Ponte en contacto con nosotros a trav\u00e9s del bot\u00f3n del chat directo por whatsApp y te resolveremos las dudas al instante!<\/strong><\/h5>\n<p><!-- AddThis Advanced Settings generic via filter on get_the_excerpt --><!-- AddThis Share Buttons generic via filter on get_the_excerpt --><\/p>\n","protected":false},"featured_media":10661,"comment_status":"open","ping_status":"closed","template":"","meta":{"om_disable_all_campaigns":false,"_monsterinsights_skip_tracking":false,"_monsterinsights_sitenote_active":false,"_monsterinsights_sitenote_note":"","_monsterinsights_sitenote_category":0,"_uf_show_specific_survey":0,"_uf_disable_surveys":false},"product_brand":[1217],"product_cat":[985],"product_tag":[745,746,738,275,322,310,347,357,354,1136,1100,351,325],"class_list":{"0":"post-10660","1":"product","2":"type-product","3":"status-publish","4":"has-post-thumbnail","6":"product_brand-ibags-belts","7":"product_cat-mochilas-grandes","8":"product_tag-estilo-hippie","9":"product_tag-estilo-hippiechic","10":"product_tag-hippie","11":"product_tag-mochila-de-cuero-para-hombre-bolso-de-cuero-para-mujer-bolso-de-cuero-hecho-a-mano-bolso-cuero-grabado-bolso-cuero-hombre-artesanal-bolso-cuero-hecho-a-mano-bolsos-cuero-y-kilim","12":"product_tag-mochila-clasica-marroqui","13":"product_tag-mochila-cuero","14":"product_tag-mochila-hecho-a-mano","15":"product_tag-mochila-lisa-marroqui","16":"product_tag-mochila-moto-cuero","17":"product_tag-mochila-piel","18":"product_tag-mochila-rock","19":"product_tag-mochila-tres-bolsillos-marroqui","20":"product_tag-mochilas","22":"first","23":"instock","24":"shipping-taxable","25":"purchasable","26":"product-type-variable","27":"add-to-wishlist-after_add_to_cart","28":"layout-style-1","29":"col-md-4 col-sm-4 col-xs-6","30":"col-lg-3","31":"product-has-gallery","32":"product-style-default"},"aioseo_notices":[],"_links":{"self":[{"href":"https:\/\/www.ibagsbelts.com\/tienda\/wp-json\/wp\/v2\/product\/10660","targetHints":{"allow":["GET"]}}],"collection":[{"href":"https:\/\/www.ibagsbelts.com\/tienda\/wp-json\/wp\/v2\/product"}],"about":[{"href":"https:\/\/www.ibagsbelts.com\/tienda\/wp-json\/wp\/v2\/types\/product"}],"replies":[{"embeddable":true,"href":"https:\/\/www.ibagsbelts.com\/tienda\/wp-json\/wp\/v2\/comments?post=10660"}],"wp:featuredmedia":[{"embeddable":true,"href":"https:\/\/www.ibagsbelts.com\/tienda\/wp-json\/wp\/v2\/media\/10661"}],"wp:attachment":[{"href":"https:\/\/www.ibagsbelts.com\/tienda\/wp-json\/wp\/v2\/media?parent=10660"}],"wp:term":[{"taxonomy":"product_brand","embeddable":true,"href":"https:\/\/www.ibagsbelts.com\/tienda\/wp-json\/wp\/v2\/product_brand?post=10660"},{"taxonomy":"product_cat","embeddable":true,"href":"https:\/\/www.ibagsbelts.com\/tienda\/wp-json\/wp\/v2\/product_cat?post=10660"},{"taxonomy":"product_tag","embeddable":true,"href":"https:\/\/www.ibagsbelts.com\/tienda\/wp-json\/wp\/v2\/product_tag?post=10660"}],"curies":[{"name":"wp","href":"https:\/\/api.w.org\/{rel}","templated":true}]}}