{"id":10771,"date":"2020-11-16T20:17:41","date_gmt":"2020-11-16T19:17:41","guid":{"rendered":"https:\/\/www.ibagsbelts.com\/tienda\/?post_type=product&#038;p=10771"},"modified":"2026-03-15T15:53:08","modified_gmt":"2026-03-15T14:53:08","slug":"maletin-14-portafolios-oficina-cuero-vaca-marron","status":"publish","type":"product","link":"https:\/\/www.ibagsbelts.com\/tienda\/producto\/maletin-14-portafolios-oficina-cuero-vaca-marron\/","title":{"rendered":"Malet\u00edn 14&#8243; portafolios oficina cuero vaca marr\u00f3n Narumi"},"content":{"rendered":"<p style=\"text-align: left;\">Descubre la combinaci\u00f3n perfecta de estilo y funcionalidad con nuestro malet\u00edn de cuero tipo oficina, fabricado con esmero en Marruecos con piel de vacuno de alta calidad. Su dise\u00f1o elegante incluye una solapa con hebillas a cada lado y un amplio bolsillo central para facilitar el acceso a tus pertenencias.<\/p>\n<p style=\"text-align: left;\">Bajo la solapa, encontrar\u00e1s un pr\u00e1ctico bolsillo con cremallera para guardar objetos de valor de forma segura. Este malet\u00edn ofrece un amplio espacio para dispositivos port\u00e1tiles y libretas de tama\u00f1o A4, asegurando que tengas todo lo necesario para tu d\u00eda a d\u00eda en el trabajo.<\/p>\n<p style=\"text-align: left;\">La correa ajustable, con una longitud de 115 cm, te permite llevar el malet\u00edn c\u00f3modamente sobre el hombro, y se puede regular seg\u00fan tus preferencias. Con unas medidas de 38 x 28 x 10 cm, este malet\u00edn es ideal para aquellos que buscan un accesorio vers\u00e1til y duradero para su vida laboral.<\/p>\n<p style=\"text-align: left;\">Hecho con 100% cuero, este malet\u00edn garantiza calidad y estilo sin compromisos. \u00a1Prep\u00e1rate para destacar en la oficina con este imprescindible compa\u00f1ero!<\/p>\n<p style=\"text-align: left;\"><strong>Aviso importante<\/strong><\/p>\n<p style=\"text-align: left;\">Todos nuestros productos de cuero est\u00e1n hechos a mano y su nueva bolsa de cuero puede estar sujeta a una variaci\u00f3n natural en tama\u00f1o y color.<br \/>\nPara los tama\u00f1os, permita 1-2 cm difiere debido a la medida manual.<br \/>\nLas im\u00e1genes son 100% reales.<br \/>\nDebido al monitor del ordenador y el brillo real de la toma y otras razones, habr\u00e1 una cierta diferencia de color.<\/p>\n<!-- AddThis Advanced Settings generic via filter on the_content --><!-- AddThis Share Buttons generic via filter on the_content -->","protected":false},"excerpt":{"rendered":"<h2>Malet\u00edn de cuero tipo oficina.<\/h2>\n<p>Fabricado en Marruecos\u00a0Piel de vacuno.\u00a0Exterior con solapa con hebillas a cada lado, y bolsillo grande en la parte central. debajo de la solapa dispone de un bolsillo con cremallera.<\/p>\n<p>Interior espacioso con varios compartimento en el centro. Dos tipos de asas, uno de mano y de bandolera.<\/p>\n<h5><strong>\u00bfAlguna duda? Ponte en contacto con nosotros a trav\u00e9s del bot\u00f3n del chat directo por whatsApp y te resolveremos las dudas al instante!<\/strong><\/h5>\n<p><!-- AddThis Advanced Settings generic via filter on get_the_excerpt --><!-- AddThis Share Buttons generic via filter on get_the_excerpt --><\/p>\n","protected":false},"featured_media":10774,"comment_status":"open","ping_status":"closed","template":"","meta":{"om_disable_all_campaigns":false,"_monsterinsights_skip_tracking":false,"_monsterinsights_sitenote_active":false,"_monsterinsights_sitenote_note":"","_monsterinsights_sitenote_category":0,"_uf_show_specific_survey":0,"_uf_disable_surveys":false},"product_brand":[1217],"product_cat":[240,402],"product_tag":[1135,1096,877,266,305,281,885,753,875,928],"class_list":{"0":"post-10771","1":"product","2":"type-product","3":"status-publish","4":"has-post-thumbnail","6":"product_brand-ibags-belts","7":"product_cat-bolsos-bandoleras-de-cuero-artesanal","8":"product_cat-maletin-liso","9":"product_tag-accesorios-y-complementos","10":"product_tag-artesania","11":"product_tag-bandoleras","12":"product_tag-bolso-bohemian-bolso-cuero-repujado-bolsos-cuero-retro-bolso-shopper-cuero-bolso-cuero-trenzado-bolso-cuero-troquelado","13":"product_tag-bolso-cuero-artesanal","14":"product_tag-bolso-bohemian-bolso-cuero-para-hombre-bolso-cuero-repujado-bolsos-cuero-retro-bolso-shopper-cuero-bolso-cuero-trenzado-bolso-cuero-troquelado-bolso-cuero-vaca-bolso-cuero-viaje-hombre","15":"product_tag-cartera","16":"product_tag-complementos-de-cuero","17":"product_tag-maletin","18":"product_tag-portafolios","20":"first","21":"instock","22":"shipping-taxable","23":"purchasable","24":"product-type-simple","25":"add-to-wishlist-after_add_to_cart","26":"layout-style-1","27":"col-md-4 col-sm-4 col-xs-6","28":"col-lg-3","29":"product-has-gallery","30":"product-style-default"},"aioseo_notices":[],"_links":{"self":[{"href":"https:\/\/www.ibagsbelts.com\/tienda\/wp-json\/wp\/v2\/product\/10771","targetHints":{"allow":["GET"]}}],"collection":[{"href":"https:\/\/www.ibagsbelts.com\/tienda\/wp-json\/wp\/v2\/product"}],"about":[{"href":"https:\/\/www.ibagsbelts.com\/tienda\/wp-json\/wp\/v2\/types\/product"}],"replies":[{"embeddable":true,"href":"https:\/\/www.ibagsbelts.com\/tienda\/wp-json\/wp\/v2\/comments?post=10771"}],"wp:featuredmedia":[{"embeddable":true,"href":"https:\/\/www.ibagsbelts.com\/tienda\/wp-json\/wp\/v2\/media\/10774"}],"wp:attachment":[{"href":"https:\/\/www.ibagsbelts.com\/tienda\/wp-json\/wp\/v2\/media?parent=10771"}],"wp:term":[{"taxonomy":"product_brand","embeddable":true,"href":"https:\/\/www.ibagsbelts.com\/tienda\/wp-json\/wp\/v2\/product_brand?post=10771"},{"taxonomy":"product_cat","embeddable":true,"href":"https:\/\/www.ibagsbelts.com\/tienda\/wp-json\/wp\/v2\/product_cat?post=10771"},{"taxonomy":"product_tag","embeddable":true,"href":"https:\/\/www.ibagsbelts.com\/tienda\/wp-json\/wp\/v2\/product_tag?post=10771"}],"curies":[{"name":"wp","href":"https:\/\/api.w.org\/{rel}","templated":true}]}}