{"id":10775,"date":"2020-11-16T20:47:33","date_gmt":"2020-11-16T19:47:33","guid":{"rendered":"https:\/\/www.ibagsbelts.com\/tienda\/?post_type=product&#038;p=10775"},"modified":"2026-03-15T15:52:39","modified_gmt":"2026-03-15T14:52:39","slug":"mochila-cuero-juvenil-faro","status":"publish","type":"product","link":"https:\/\/www.ibagsbelts.com\/tienda\/producto\/mochila-cuero-juvenil-faro\/","title":{"rendered":"Mochila camel de cuero juvenil Faro"},"content":{"rendered":"<p>Esta mochila es la combinaci\u00f3n perfecta de estilo y funcionalidad, dise\u00f1ada para adaptarse a tu vida activa y din\u00e1mica. Ideal para tus momentos de ocio y aventura, esta mochila te ofrece un amplio espacio de almacenamiento para todas tus necesidades.<\/p>\n<p>Ya sea que est\u00e9s explorando la ciudad, yendo de excursi\u00f3n, o disfrutando de un d\u00eda en la playa, esta mochila siempre estar\u00e1 lista para acompa\u00f1arte. Con un compartimento interior espacioso, podr\u00e1s llevar contigo tus elementos esenciales, como una c\u00e1mara o un impermeable, mientras que el forro resistente garantiza la protecci\u00f3n de tus pertenencias.<\/p>\n<p>Adem\u00e1s, las c\u00f3modas correas ajustables te permiten llevar la mochila de manera ergon\u00f3mica y adaptada a tus necesidades. Con unas dimensiones de 28 cm de largo, 37 cm de alto y 12 cm de fondo, esta mochila es el accesorio perfecto para tus aventuras diarias. \u00a1No esperes m\u00e1s para llevarla contigo y disfrutar de su comodidad y estilo excepcional!<\/p>\n<p style=\"text-align: left;\"><strong>Aviso importante<\/strong><\/p>\n<p>Todos nuestros productos de cuero est\u00e1n hechos a mano y su nueva bolsa de cuero puede estar sujeta a una variaci\u00f3n natural en tama\u00f1o y color.<br \/>\nPara los tama\u00f1os, permita 1-2 cm difiere debido a la medida manual.<br \/>\nLas im\u00e1genes son 100% reales.<br \/>\nDebido al monitor del ordenador y el brillo real de la toma y otras razones, habr\u00e1 una cierta diferencia de color.<\/p>\n<!-- AddThis Advanced Settings generic via filter on the_content --><!-- AddThis Share Buttons generic via filter on the_content -->","protected":false},"excerpt":{"rendered":"<p>Esta mochila combina un dise\u00f1o excepcional con la practicidad y comodidad.<\/p>\n<p>La mochila es el compa\u00f1ero perfecto para tu tiempo libre.\u00a0Deportivo y elegante, te ofrece espacio de almacenamiento para todas tus cosas. Ya sea para llevar en tu paseo por la ciudad, en un viaje de fin de semana, a la playa o para ir de excursi\u00f3n, siempre podr\u00e1s confiar en este accesorio.<\/p>\n<p>El compartimento interior ofrece espacio para una c\u00e1mara o un impermeable. Adem\u00e1s, el interior est\u00e1 dise\u00f1ado con forro resistente. Tambi\u00e9n tiene unas c\u00f3modas correas que permite ajustarse a tus necesidades.<\/p>\n<p>Medidas 28cm de largo por 37cm de alto por 12cm de fondo<\/p>\n<h5><strong>\u00bfAlguna duda? Ponte en contacto con nosotros a trav\u00e9s del bot\u00f3n del chat directo por whatsApp y te resolveremos las dudas al instante!<\/strong><\/h5>\n<p><!-- AddThis Advanced Settings generic via filter on get_the_excerpt --><!-- AddThis Share Buttons generic via filter on get_the_excerpt --><\/p>\n","protected":false},"featured_media":13056,"comment_status":"open","ping_status":"closed","template":"","meta":{"om_disable_all_campaigns":false,"_monsterinsights_skip_tracking":false,"_monsterinsights_sitenote_active":false,"_monsterinsights_sitenote_note":"","_monsterinsights_sitenote_category":0,"_uf_show_specific_survey":0,"_uf_disable_surveys":false},"product_brand":[1217],"product_cat":[400],"product_tag":[275,322,310,311,352,347,349,354,1136,1100,325,304],"class_list":{"0":"post-10775","1":"product","2":"type-product","3":"status-publish","4":"has-post-thumbnail","6":"product_brand-ibags-belts","7":"product_cat-mochilas-medianas","8":"product_tag-mochila-de-cuero-para-hombre-bolso-de-cuero-para-mujer-bolso-de-cuero-hecho-a-mano-bolso-cuero-grabado-bolso-cuero-hombre-artesanal-bolso-cuero-hecho-a-mano-bolsos-cuero-y-kilim","9":"product_tag-mochila-clasica-marroqui","10":"product_tag-mochila-cuero","11":"product_tag-mochila-cuero-marroqui","12":"product_tag-mochila-dos-cremalleras-marroqui","13":"product_tag-mochila-hecho-a-mano","14":"product_tag-mochila-marruecos","15":"product_tag-mochila-moto-cuero","16":"product_tag-mochila-piel","17":"product_tag-mochila-rock","18":"product_tag-mochilas","19":"product_tag-mochilas-cuero-con-cremalleras","21":"first","22":"outofstock","23":"sale","24":"shipping-taxable","25":"purchasable","26":"product-type-simple","27":"add-to-wishlist-after_add_to_cart","28":"layout-style-1","29":"col-md-4 col-sm-4 col-xs-6","30":"col-lg-3","31":"product-has-gallery","32":"product-style-default"},"aioseo_notices":[],"_links":{"self":[{"href":"https:\/\/www.ibagsbelts.com\/tienda\/wp-json\/wp\/v2\/product\/10775","targetHints":{"allow":["GET"]}}],"collection":[{"href":"https:\/\/www.ibagsbelts.com\/tienda\/wp-json\/wp\/v2\/product"}],"about":[{"href":"https:\/\/www.ibagsbelts.com\/tienda\/wp-json\/wp\/v2\/types\/product"}],"replies":[{"embeddable":true,"href":"https:\/\/www.ibagsbelts.com\/tienda\/wp-json\/wp\/v2\/comments?post=10775"}],"wp:featuredmedia":[{"embeddable":true,"href":"https:\/\/www.ibagsbelts.com\/tienda\/wp-json\/wp\/v2\/media\/13056"}],"wp:attachment":[{"href":"https:\/\/www.ibagsbelts.com\/tienda\/wp-json\/wp\/v2\/media?parent=10775"}],"wp:term":[{"taxonomy":"product_brand","embeddable":true,"href":"https:\/\/www.ibagsbelts.com\/tienda\/wp-json\/wp\/v2\/product_brand?post=10775"},{"taxonomy":"product_cat","embeddable":true,"href":"https:\/\/www.ibagsbelts.com\/tienda\/wp-json\/wp\/v2\/product_cat?post=10775"},{"taxonomy":"product_tag","embeddable":true,"href":"https:\/\/www.ibagsbelts.com\/tienda\/wp-json\/wp\/v2\/product_tag?post=10775"}],"curies":[{"name":"wp","href":"https:\/\/api.w.org\/{rel}","templated":true}]}}