{"id":10923,"date":"2020-11-22T12:46:28","date_gmt":"2020-11-22T11:46:28","guid":{"rendered":"https:\/\/www.ibagsbelts.com\/tienda\/?post_type=product&#038;p=10923"},"modified":"2026-03-15T15:50:24","modified_gmt":"2026-03-15T14:50:24","slug":"bolso-grande-estilo-bohemio-hippie-color-negro","status":"publish","type":"product","link":"https:\/\/www.ibagsbelts.com\/tienda\/producto\/bolso-grande-estilo-bohemio-hippie-color-negro\/","title":{"rendered":"Bolso grande estilo bohemio hippie color negro Jana"},"content":{"rendered":"<p style=\"text-align: left;\">\u00a1Desl\u00fambrate con la Elegancia del Cuero Suave y Grueso!<\/p>\n<p style=\"text-align: left;\"><strong>Estilo Bohemio con un Toque Original:<\/strong><\/p>\n<ul style=\"text-align: left;\">\n<li>Este bolso de cuero te transporta al mundo bohemio con su decoraci\u00f3n artesanal de flecos en diagonal, a\u00f1adiendo un toque de originalidad a tu look. Su dise\u00f1o amplio y espacioso lo convierte en el complemento perfecto para tu d\u00eda a d\u00eda.<\/li>\n<\/ul>\n<p style=\"text-align: left;\"><strong>Funcionalidad y Estilo Combinados:<\/strong><\/p>\n<ul style=\"text-align: left;\">\n<li>Con un bolsillo frontal con cremallera y un amplio bolsillo posterior forrado, este bolso ofrece espacio y organizaci\u00f3n para todas tus necesidades. Adem\u00e1s, su asa larga te brinda la opci\u00f3n de llevarlo c\u00f3modamente al hombro, siendo f\u00e1cilmente desmontable cuando prefieras un estilo m\u00e1s casual.<\/li>\n<\/ul>\n<p style=\"text-align: left;\"><strong>Calidad y Durabilidad Garantizadas:<\/strong><\/p>\n<ul style=\"text-align: left;\">\n<li>Fabricado con cuero de cabra de primera calidad, este bolso destaca por su acabado excepcional y su resistencia al uso diario. Sus medidas de 36 cm de alto x 36 cm de largo x 4 cm de ancho lo convierten en un accesorio vers\u00e1til y pr\u00e1ctico para cualquier ocasi\u00f3n.<\/li>\n<\/ul>\n<p style=\"text-align: left;\">No importa cu\u00e1l sea tu estilo, este bolso seguro que se convertir\u00e1 en tu favorito personal. \u00a1Descubre la combinaci\u00f3n perfecta de funcionalidad y estilo con este bolso de cuero de primera calidad.<\/p>\n<p style=\"text-align: left;\"><strong>Aviso importante<\/strong><\/p>\n<p style=\"text-align: left;\">Todos nuestros productos de cuero est\u00e1n hechos a mano y su nueva bolsa de cuero puede estar sujeta a una variaci\u00f3n natural en tama\u00f1o y color.<br \/>\nPara los tama\u00f1os, permita 1-2 cm difiere debido a la medida manual.<br \/>\nLas im\u00e1genes son 100% reales.<br \/>\nDebido al monitor del ordenador y el brillo real de la toma y otras razones, habr\u00e1 una cierta diferencia de color<\/p>\n<!-- AddThis Advanced Settings generic via filter on the_content --><!-- AddThis Share Buttons generic via filter on the_content -->","protected":false},"excerpt":{"rendered":"<h2>Bolso de cuero grueso y suave.<\/h2>\n<p>Bolso amplio de estilo bohemio con decoraci\u00f3n artesanal de flecos en diagonal que le da un toque original, Tiene\u00a0 un bolsillo en parte frontal con cremallera.\u00a0Su bolsillo con cremallera posterior va forrado y es amplio. Y asa larga puedes quitarlo cuando solo lo lleves al hombro.<\/p>\n<p>No importa cu\u00e1l sea tu estilo, \u00a1este bolso seguro que te encantara, Acabado de primera calidad.\u00a0Material: cuero de cabra.\u00a0Medidas, 36 cm de alto x 36 de largo x 4 de ancho<\/p>\n<h5><strong>\u00bfAlguna duda? Ponte en contacto con nosotros a trav\u00e9s del bot\u00f3n del chat directo por whatsApp y te resolveremos las dudas al instante!<\/strong><\/h5>\n<p>&nbsp;<!-- AddThis Advanced Settings generic via filter on get_the_excerpt --><!-- AddThis Share Buttons generic via filter on get_the_excerpt --><\/p>\n","protected":false},"featured_media":15946,"comment_status":"open","ping_status":"closed","template":"","meta":{"om_disable_all_campaigns":false,"_monsterinsights_skip_tracking":false,"_monsterinsights_sitenote_active":false,"_monsterinsights_sitenote_note":"","_monsterinsights_sitenote_category":0,"_uf_show_specific_survey":0,"_uf_disable_surveys":false},"product_brand":[1217],"product_cat":[240,40,1306],"product_tag":[301,877,266,303,299,305,315,316,329,255,302,746],"class_list":{"0":"post-10923","1":"product","2":"type-product","3":"status-publish","4":"has-post-thumbnail","6":"product_brand-ibags-belts","7":"product_cat-bolsos-bandoleras-de-cuero-artesanal","8":"product_cat-bolsos-de-hombro","9":"product_cat-bolsos-saco-hobo","10":"product_tag-bandolera","11":"product_tag-bandoleras","12":"product_tag-bolso-bohemian-bolso-cuero-repujado-bolsos-cuero-retro-bolso-shopper-cuero-bolso-cuero-trenzado-bolso-cuero-troquelado","13":"product_tag-bolso-bohemian","14":"product_tag-bolso-cuero","15":"product_tag-bolso-cuero-artesanal","16":"product_tag-bolso-cuero-artesano","17":"product_tag-bolso-cuero-con-tachuelas","18":"product_tag-bolso-cuero-hippie","19":"product_tag-bolso-cuero-mujer","20":"product_tag-bolsos-de-cuero","21":"product_tag-estilo-hippiechic","23":"first","24":"instock","25":"sale","26":"sold-individually","27":"shipping-taxable","28":"purchasable","29":"product-type-simple","30":"add-to-wishlist-after_add_to_cart","31":"layout-style-1","32":"col-md-4 col-sm-4 col-xs-6","33":"col-lg-3","34":"product-has-gallery","35":"product-style-default"},"aioseo_notices":[],"_links":{"self":[{"href":"https:\/\/www.ibagsbelts.com\/tienda\/wp-json\/wp\/v2\/product\/10923","targetHints":{"allow":["GET"]}}],"collection":[{"href":"https:\/\/www.ibagsbelts.com\/tienda\/wp-json\/wp\/v2\/product"}],"about":[{"href":"https:\/\/www.ibagsbelts.com\/tienda\/wp-json\/wp\/v2\/types\/product"}],"replies":[{"embeddable":true,"href":"https:\/\/www.ibagsbelts.com\/tienda\/wp-json\/wp\/v2\/comments?post=10923"}],"wp:featuredmedia":[{"embeddable":true,"href":"https:\/\/www.ibagsbelts.com\/tienda\/wp-json\/wp\/v2\/media\/15946"}],"wp:attachment":[{"href":"https:\/\/www.ibagsbelts.com\/tienda\/wp-json\/wp\/v2\/media?parent=10923"}],"wp:term":[{"taxonomy":"product_brand","embeddable":true,"href":"https:\/\/www.ibagsbelts.com\/tienda\/wp-json\/wp\/v2\/product_brand?post=10923"},{"taxonomy":"product_cat","embeddable":true,"href":"https:\/\/www.ibagsbelts.com\/tienda\/wp-json\/wp\/v2\/product_cat?post=10923"},{"taxonomy":"product_tag","embeddable":true,"href":"https:\/\/www.ibagsbelts.com\/tienda\/wp-json\/wp\/v2\/product_tag?post=10923"}],"curies":[{"name":"wp","href":"https:\/\/api.w.org\/{rel}","templated":true}]}}