{"id":1102,"date":"2017-10-31T19:26:15","date_gmt":"2017-10-31T18:26:15","guid":{"rendered":"http:\/\/www.ibagsbelts.com\/?post_type=product&#038;p=1102"},"modified":"2026-03-15T21:30:45","modified_gmt":"2026-03-15T20:30:45","slug":"bolso-shoppers-de-cuero-rioja","status":"publish","type":"product","link":"https:\/\/www.ibagsbelts.com\/tienda\/producto\/bolso-shoppers-de-cuero-rioja\/","title":{"rendered":"Bolso shoppers de cuero camel Rioja"},"content":{"rendered":"<p class=\"p1\" style=\"text-align: left;\">Este bolso es una pieza sofisticada y funcional, ideal para quienes buscan un accesorio elegante y pr\u00e1ctico. Su dise\u00f1o tipo <b>hobo<\/b> destaca por sus l\u00edneas suaves y su construcci\u00f3n blanda, lo que lo hace muy c\u00f3modo para llevar al hombro.<\/p>\n<p class=\"p1\" style=\"text-align: left;\"><b>Caracter\u00edsticas principales:<\/b><\/p>\n<p class=\"p1\" style=\"text-align: left;\">\u2022<b>Material:<\/b> Cuero genuino te\u00f1ido en prenda, aportando un acabado \u00fanico y artesanal.<\/p>\n<p class=\"p1\" style=\"text-align: left;\">\u2022<b>Apertura:<\/b> Cierre de doble cremallera que permite abrir solo la mitad de la boca, brindando versatilidad y seguridad.<\/p>\n<p class=\"p1\" style=\"text-align: left;\">\u2022<b>Interior:<\/b> Forrado y equipado con un bolsillo con cremallera, adem\u00e1s de un bolso de mano extra\u00edble de piel.<\/p>\n<p class=\"p1\" style=\"text-align: left;\">\u2022<b>Construcci\u00f3n:<\/b> Flexible y suave, ideal para el uso diario.<\/p>\n<p class=\"p1\" style=\"text-align: left;\">\u2022<b>Accesorios incluidos:<\/b> Bolsa protectora para almacenamiento.<\/p>\n<p class=\"p1\" style=\"text-align: left;\">\u2022<b>Dimensiones aproximadas:<\/b> 70 x 35 x 15 cm.<\/p>\n<p class=\"p1\" style=\"text-align: left;\">\u2022<b>Ancho m\u00e1ximo del mango:<\/b> 40 cm.<\/p>\n<p class=\"p1\" style=\"text-align: left;\">\u2022<b>Peso:<\/b> 1,3 kg.<\/p>\n<p class=\"p1\" style=\"text-align: left;\">\u2022<b>Origen:<\/b> 100% hecho en Italia, destacando la calidad artesanal de la regi\u00f3n de Toscana.<\/p>\n<p class=\"p1\" style=\"text-align: left;\"><b>Estilo y Funcionalidad:<\/b><\/p>\n<p class=\"p1\" style=\"text-align: left;\">Este bolso combina lujo y practicidad. Su dise\u00f1o espacioso permite llevar objetos personales, documentos o incluso una peque\u00f1a lapto.<\/p>\n<p style=\"text-align: left;\"><strong>Aviso importante<\/strong><\/p>\n<p style=\"text-align: left;\">Todos nuestros productos de cuero est\u00e1n hechos a mano y su nueva bolsa de cuero puede estar sujeta a una variaci\u00f3n natural en tama\u00f1o y color.<br \/>\nPara los tama\u00f1os, permita 1-2 cm difiere debido a la medida manual.<br \/>\nLas im\u00e1genes son 100% reales.<br \/>\nDebido al monitor del ordenador y el brillo real de la toma y otras razones, habr\u00e1 una cierta diferencia de color.<\/p>\n<!-- AddThis Advanced Settings generic via filter on the_content --><!-- AddThis Share Buttons generic via filter on the_content -->","protected":false},"excerpt":{"rendered":"<h5 style=\"text-align: center;\">Atractivo y con car\u00e1cter, as\u00ed es el bolso. Esta hecho de cuero y cuidadosamente elaborado, es perfecto para cualquier situaci\u00f3n, ya sea ir al trabajo, a la universidad o en tu tiempo libre. Su lindo forro interno le da un toque distintivo, mientras que los bolsillos ofrecen la oportunidad de mantener tus pertenencias siempre en orden. La cremallera superior mantiene todo el contenido seguro y sin riesgo a que pierdas algo en el camino.<\/h5>\n<h4><strong>\u00bfAlguna duda? Ponte en contacto con nosotros a trav\u00e9s del bot\u00f3n del chat directo por whatsApp y te resolveremos las dudas al instante!<\/strong><\/h4>\n<p><!-- AddThis Advanced Settings generic via filter on get_the_excerpt --><!-- AddThis Share Buttons generic via filter on get_the_excerpt --><\/p>\n","protected":false},"featured_media":35516,"comment_status":"open","ping_status":"closed","template":"","meta":{"om_disable_all_campaigns":false,"_monsterinsights_skip_tracking":false,"_monsterinsights_sitenote_active":false,"_monsterinsights_sitenote_note":"","_monsterinsights_sitenote_category":0,"_uf_show_specific_survey":0,"_uf_disable_surveys":false},"product_brand":[1217],"product_cat":[1035,40,41],"product_tag":[1135,1096,299,21,268,329,255,1140,823,1036,784,727,302,281,744,1102,1038],"class_list":{"0":"post-1102","1":"product","2":"type-product","3":"status-publish","4":"has-post-thumbnail","6":"product_brand-ibags-belts","7":"product_cat-bolso-de-cuero-italiano","8":"product_cat-bolsos-de-hombro","9":"product_cat-shoppers","10":"product_tag-accesorios-y-complementos","11":"product_tag-artesania","12":"product_tag-bolso-cuero","13":"product_tag-bolso-cuero-artesanal-vintage","14":"product_tag-bolso-cuero-boho-bolso-cuero-con-tachuelas-bolsos-cuero-caballero-bolso-cuero-de-hombre-bolso-cuero-de-viaje-bolso-cuero-de-vaca-bolso-de-cuero-artesanal-bolso-de-cuero","15":"product_tag-bolso-cuero-hippie","16":"product_tag-bolso-cuero-mujer","17":"product_tag-bolso-hombro","18":"product_tag-bolso-piel","19":"product_tag-bolso-piel-italiano","20":"product_tag-bolso-trenzados","21":"product_tag-bolsos-bandoleras-cuero","22":"product_tag-bolsos-de-cuero","23":"product_tag-bolso-bohemian-bolso-cuero-para-hombre-bolso-cuero-repujado-bolsos-cuero-retro-bolso-shopper-cuero-bolso-cuero-trenzado-bolso-cuero-troquelado-bolso-cuero-vaca-bolso-cuero-viaje-hombre","24":"product_tag-estilo-bohochic","25":"product_tag-piel","26":"product_tag-piel-lavada","28":"first","29":"instock","30":"shipping-taxable","31":"purchasable","32":"product-type-simple","33":"add-to-wishlist-after_add_to_cart","34":"layout-style-1","35":"col-md-4 col-sm-4 col-xs-6","36":"col-lg-3","37":"product-has-gallery","38":"product-style-default"},"aioseo_notices":[],"_links":{"self":[{"href":"https:\/\/www.ibagsbelts.com\/tienda\/wp-json\/wp\/v2\/product\/1102","targetHints":{"allow":["GET"]}}],"collection":[{"href":"https:\/\/www.ibagsbelts.com\/tienda\/wp-json\/wp\/v2\/product"}],"about":[{"href":"https:\/\/www.ibagsbelts.com\/tienda\/wp-json\/wp\/v2\/types\/product"}],"replies":[{"embeddable":true,"href":"https:\/\/www.ibagsbelts.com\/tienda\/wp-json\/wp\/v2\/comments?post=1102"}],"wp:featuredmedia":[{"embeddable":true,"href":"https:\/\/www.ibagsbelts.com\/tienda\/wp-json\/wp\/v2\/media\/35516"}],"wp:attachment":[{"href":"https:\/\/www.ibagsbelts.com\/tienda\/wp-json\/wp\/v2\/media?parent=1102"}],"wp:term":[{"taxonomy":"product_brand","embeddable":true,"href":"https:\/\/www.ibagsbelts.com\/tienda\/wp-json\/wp\/v2\/product_brand?post=1102"},{"taxonomy":"product_cat","embeddable":true,"href":"https:\/\/www.ibagsbelts.com\/tienda\/wp-json\/wp\/v2\/product_cat?post=1102"},{"taxonomy":"product_tag","embeddable":true,"href":"https:\/\/www.ibagsbelts.com\/tienda\/wp-json\/wp\/v2\/product_tag?post=1102"}],"curies":[{"name":"wp","href":"https:\/\/api.w.org\/{rel}","templated":true}]}}