{"id":11075,"date":"2020-12-11T18:47:25","date_gmt":"2020-12-11T17:47:25","guid":{"rendered":"https:\/\/www.ibagsbelts.com\/tienda\/?post_type=product&#038;p=11075"},"modified":"2026-03-15T15:41:33","modified_gmt":"2026-03-15T14:41:33","slug":"bolso-para-tabaco-de-cuero-verde","status":"publish","type":"product","link":"https:\/\/www.ibagsbelts.com\/tienda\/producto\/bolso-para-tabaco-de-cuero-verde\/","title":{"rendered":"Bolso para tabaco de cuero verde"},"content":{"rendered":"<div id=\"centerCol\" class=\"centerColAlign centerColAlign-bbcxoverride\">\n<div id=\"featurebullets_feature_div\" class=\"celwidget\" data-feature-name=\"featurebullets\" data-csa-c-id=\"688ejt-utp9ic-ojpgov-tbsxfl\" data-cel-widget=\"featurebullets_feature_div\">\n<div id=\"feature-bullets\" class=\"a-section a-spacing-medium a-spacing-top-small\">\n<p><span class=\"a-list-item\">Este bolso de tabaco de liar es el utensilio perfecto para acompa\u00f1arte siempre y a cualquier lado<\/span><\/p>\n<p><span class=\"a-list-item\">Un bolsillo principal con cremallera y otro peque\u00f1o sin ella, tambi\u00e9n bolsillo dispensador de papelitos de cigarrillos<\/span><\/p>\n<p><span class=\"a-list-item\">Medidas: 19 cm de alto, 16 cm de largo, cerrado y listo para llevar es de 8,5 cm ; cierre con cord\u00f3n de cuero<\/span><\/p>\n<p><span class=\"a-list-item\">Regalo perfecto para gente fumadora, en cada ocasi\u00f3n, como navidad, cumplea\u00f1os, pascuas, despedida, graduaci\u00f3n, etc<\/span><\/p>\n<p><span class=\"a-list-item\">Alta calidad de cuero, de lujo, de buen gusto, vintage, robusto, de moda, atemporal, practico, llamativo, necesario.<\/span><\/p>\n<\/div>\n<p>&nbsp;<\/p>\n<\/div>\n<\/div>\n<div id=\"centerCol\" class=\"centerColAlign centerColAlign-bbcxoverride\">\n<div id=\"featurebullets_feature_div\" class=\"celwidget\" data-feature-name=\"featurebullets\" data-csa-c-id=\"688ejt-utp9ic-ojpgov-tbsxfl\" data-cel-widget=\"featurebullets_feature_div\">\n<div id=\"feature-bullets\" class=\"a-section a-spacing-medium a-spacing-top-small\">\n<p style=\"text-align: center;\"><strong>Aviso importante<\/strong><\/p>\n<p>Todos nuestros productos de cuero est\u00e1n hechos a mano y su nuevo articulo de cuero puede estar sujeta a una variaci\u00f3n natural en tama\u00f1o y color.<br \/>\nLas im\u00e1genes son 100% reales.<br \/>\nDebido al monitor del ordenador y el brillo real de la toma y otras razones, habr\u00e1 una cierta diferencia de color<\/p>\n<\/div>\n<\/div>\n<div id=\"vendorPoweredCoupon_feature_div\" class=\"celwidget\" data-feature-name=\"vendorPoweredCoupon\" data-csa-c-id=\"f8l74l-q6nlzd-jnis7w-pzwpze\" data-cel-widget=\"vendorPoweredCoupon_feature_div\"><\/div>\n<\/div>\n<!-- AddThis Advanced Settings generic via filter on the_content --><!-- AddThis Share Buttons generic via filter on the_content -->","protected":false},"excerpt":{"rendered":"<p><span class=\"a-list-item\">Este bolso de tabaco de liar es el utensilio perfecto para acompa\u00f1arte siempre y a cualquier lado<\/span><\/p>\n<p><span class=\"a-list-item\">Un bolsillo principal con cremallera y otro peque\u00f1o sin ella, tambi\u00e9n bolsillo dispensador de papelitos de cigarrillos<\/span><\/p>\n<p><span class=\"a-list-item\">Medidas: 19 cm de alto, 16 cm de largo, cerrado y listo para llevar es de 8,5 cm ; cierre con cord\u00f3n de cuero<\/span><\/p>\n<p><span class=\"a-list-item\">Regalo perfecto para gente fumadora, en cada ocasi\u00f3n, como navidad, cumplea\u00f1os, pascuas, despedida, graduaci\u00f3n, etc.<\/span><\/p>\n<div class=\"woocommerce-product-details__short-description\">\n<h5><strong>\u00bfAlguna duda? Ponte en contacto con nosotros a trav\u00e9s del bot\u00f3n del chat directo por whatsapp y te resolveremos las dudas <\/strong><strong>al instante!<\/strong><\/h5>\n<\/div>\n<div class=\"woocommerce-product-rating\">\n<div class=\"star-rating\" role=\"img\" aria-label=\"Valorado en 5.00 de 5\"><\/div>\n<\/div>\n<p><!-- AddThis Advanced Settings generic via filter on get_the_excerpt --><!-- AddThis Share Buttons generic via filter on get_the_excerpt --><\/p>\n","protected":false},"featured_media":11048,"comment_status":"open","ping_status":"closed","template":"","meta":{"om_disable_all_campaigns":false,"_monsterinsights_skip_tracking":false,"_monsterinsights_sitenote_active":false,"_monsterinsights_sitenote_note":"","_monsterinsights_sitenote_category":0,"_uf_show_specific_survey":0,"_uf_disable_surveys":false},"product_brand":[1217],"product_cat":[1299],"product_tag":[299,305,1030,823,885,873],"class_list":{"0":"post-11075","1":"product","2":"type-product","3":"status-publish","4":"has-post-thumbnail","6":"product_brand-ibags-belts","7":"product_cat-carteras","8":"product_tag-bolso-cuero","9":"product_tag-bolso-cuero-artesanal","10":"product_tag-bolso-para-tabaco","11":"product_tag-bolso-piel","12":"product_tag-cartera","13":"product_tag-monedero","15":"first","16":"outofstock","17":"sale","18":"shipping-taxable","19":"purchasable","20":"product-type-simple","21":"add-to-wishlist-after_add_to_cart","22":"layout-style-1","23":"col-md-4 col-sm-4 col-xs-6","24":"col-lg-3","25":"product-has-gallery","26":"product-style-default"},"aioseo_notices":[],"_links":{"self":[{"href":"https:\/\/www.ibagsbelts.com\/tienda\/wp-json\/wp\/v2\/product\/11075","targetHints":{"allow":["GET"]}}],"collection":[{"href":"https:\/\/www.ibagsbelts.com\/tienda\/wp-json\/wp\/v2\/product"}],"about":[{"href":"https:\/\/www.ibagsbelts.com\/tienda\/wp-json\/wp\/v2\/types\/product"}],"replies":[{"embeddable":true,"href":"https:\/\/www.ibagsbelts.com\/tienda\/wp-json\/wp\/v2\/comments?post=11075"}],"wp:featuredmedia":[{"embeddable":true,"href":"https:\/\/www.ibagsbelts.com\/tienda\/wp-json\/wp\/v2\/media\/11048"}],"wp:attachment":[{"href":"https:\/\/www.ibagsbelts.com\/tienda\/wp-json\/wp\/v2\/media?parent=11075"}],"wp:term":[{"taxonomy":"product_brand","embeddable":true,"href":"https:\/\/www.ibagsbelts.com\/tienda\/wp-json\/wp\/v2\/product_brand?post=11075"},{"taxonomy":"product_cat","embeddable":true,"href":"https:\/\/www.ibagsbelts.com\/tienda\/wp-json\/wp\/v2\/product_cat?post=11075"},{"taxonomy":"product_tag","embeddable":true,"href":"https:\/\/www.ibagsbelts.com\/tienda\/wp-json\/wp\/v2\/product_tag?post=11075"}],"curies":[{"name":"wp","href":"https:\/\/api.w.org\/{rel}","templated":true}]}}