{"id":11110,"date":"2020-12-11T21:59:13","date_gmt":"2020-12-11T20:59:13","guid":{"rendered":"https:\/\/www.ibagsbelts.com\/tienda\/?post_type=product&#038;p=11110"},"modified":"2026-03-15T15:36:53","modified_gmt":"2026-03-15T14:36:53","slug":"monedero-de-cuero-estampado-artesanal-turquesa","status":"publish","type":"product","link":"https:\/\/www.ibagsbelts.com\/tienda\/producto\/monedero-de-cuero-estampado-artesanal-turquesa\/","title":{"rendered":"Monedero de cuero estampado artesanal turquesa"},"content":{"rendered":"<p style=\"text-align: left;\">Descubre la aut\u00e9ntica artesan\u00eda con nuestro monedero confeccionado por h\u00e1biles artesanos del cuero. Este monedero combina calidad, funcionalidad y estilo en un \u00fanico accesorio.<\/p>\n<p style=\"text-align: left;\">En su interior, encontrar\u00e1s un amplio espacio para organizar tus pertenencias, mientras que en la parte trasera cuenta con un pr\u00e1ctico apartado con cremallera para guardar objetos m\u00e1s peque\u00f1os de forma segura.<\/p>\n<p style=\"text-align: left;\">Este monedero es verdaderamente vers\u00e1til y adecuado para mujeres de todas las edades. Gracias a su calidad de material y dise\u00f1o cuidadoso, puedes llevar contigo tus pertenencias m\u00e1s valiosas, desde documentos importantes hasta tarjetas de cr\u00e9dito y billetes.<\/p>\n<p style=\"text-align: left;\">Ideal como regalo para cualquier ocasi\u00f3n especial, este elegante accesorio de cuero a\u00f1adir\u00e1 un toque de distinci\u00f3n a cualquier conjunto. Ya sea para tu madre, hija, amiga o colega, este monedero ser\u00e1 un regalo apreciado y \u00fatil.<\/p>\n<p style=\"text-align: left;\"><strong>Aviso importante<\/strong><\/p>\n<p style=\"text-align: left;\">Todos nuestros productos de cuero est\u00e1n hechos a mano y su nueva bolsa de cuero puede estar sujeta a una variaci\u00f3n natural en tama\u00f1o y color.<br \/>\nPara los tama\u00f1os, permita 1-2 cm difiere debido a la medida manual.<br \/>\nLas im\u00e1genes son 100% reales.<br \/>\nDebido al monitor del ordenador y el brillo real de la toma y otras razones, habr\u00e1 una cierta diferencia de color.<\/p>\n<!-- AddThis Advanced Settings generic via filter on the_content --><!-- AddThis Share Buttons generic via filter on the_content -->","protected":false},"excerpt":{"rendered":"<h2>El monedero artesanal est\u00e1 confeccionado por artesanos del cuero.<\/h2>\n<p>En el interior hay un gran espacio, en la parte trasera tenemos un apartado con cremallera.\u00a0<span class=\"a-list-item\">Verdaderamente apropiado tanto para mujeres. Por la calidad del material y el acertado dise\u00f1o puede utilizarlo para llevar consigo sus pertenencias m\u00e1s valiosas: documentos, m\u00f3vil, llaves, tarjetas de cr\u00e9dito, identificaci\u00f3n permiso de conducir, carnet de estudiante, carnet de la biblioteca, fotos, notas importantes, recibos, menudo, billetes, lista de la compra&#8230;y mucho m\u00e1s&#8230;<\/span><\/p>\n<h5><strong>\u00bfAlguna duda? Ponte en contacto con nosotros a trav\u00e9s del bot\u00f3n del chat directo por whatsApp y te resolveremos las dudas al instante!<\/strong><\/h5>\n<p><!-- AddThis Advanced Settings generic via filter on get_the_excerpt --><!-- AddThis Share Buttons generic via filter on get_the_excerpt --><\/p>\n","protected":false},"featured_media":11085,"comment_status":"open","ping_status":"closed","template":"","meta":{"om_disable_all_campaigns":false,"_monsterinsights_skip_tracking":false,"_monsterinsights_sitenote_active":false,"_monsterinsights_sitenote_note":"","_monsterinsights_sitenote_category":0,"_uf_show_specific_survey":0,"_uf_disable_surveys":false},"product_brand":[1217],"product_cat":[1299,1302],"product_tag":[1135,1096,881,299,782,885,753,745,746,873],"class_list":{"0":"post-11110","1":"product","2":"type-product","3":"status-publish","4":"has-post-thumbnail","6":"product_brand-ibags-belts","7":"product_cat-carteras","8":"product_cat-monederos-largos","9":"product_tag-accesorios-y-complementos","10":"product_tag-artesania","11":"product_tag-billetero","12":"product_tag-bolso-cuero","13":"product_tag-bolso-de-cuero-hecho-a-mano","14":"product_tag-cartera","15":"product_tag-complementos-de-cuero","16":"product_tag-estilo-hippie","17":"product_tag-estilo-hippiechic","18":"product_tag-monedero","20":"first","21":"instock","22":"shipping-taxable","23":"purchasable","24":"product-type-simple","25":"add-to-wishlist-after_add_to_cart","26":"layout-style-1","27":"col-md-4 col-sm-4 col-xs-6","28":"col-lg-3","29":"product-has-gallery","30":"product-style-default"},"aioseo_notices":[],"_links":{"self":[{"href":"https:\/\/www.ibagsbelts.com\/tienda\/wp-json\/wp\/v2\/product\/11110","targetHints":{"allow":["GET"]}}],"collection":[{"href":"https:\/\/www.ibagsbelts.com\/tienda\/wp-json\/wp\/v2\/product"}],"about":[{"href":"https:\/\/www.ibagsbelts.com\/tienda\/wp-json\/wp\/v2\/types\/product"}],"replies":[{"embeddable":true,"href":"https:\/\/www.ibagsbelts.com\/tienda\/wp-json\/wp\/v2\/comments?post=11110"}],"wp:featuredmedia":[{"embeddable":true,"href":"https:\/\/www.ibagsbelts.com\/tienda\/wp-json\/wp\/v2\/media\/11085"}],"wp:attachment":[{"href":"https:\/\/www.ibagsbelts.com\/tienda\/wp-json\/wp\/v2\/media?parent=11110"}],"wp:term":[{"taxonomy":"product_brand","embeddable":true,"href":"https:\/\/www.ibagsbelts.com\/tienda\/wp-json\/wp\/v2\/product_brand?post=11110"},{"taxonomy":"product_cat","embeddable":true,"href":"https:\/\/www.ibagsbelts.com\/tienda\/wp-json\/wp\/v2\/product_cat?post=11110"},{"taxonomy":"product_tag","embeddable":true,"href":"https:\/\/www.ibagsbelts.com\/tienda\/wp-json\/wp\/v2\/product_tag?post=11110"}],"curies":[{"name":"wp","href":"https:\/\/api.w.org\/{rel}","templated":true}]}}