{"id":11119,"date":"2020-12-11T23:49:41","date_gmt":"2020-12-11T22:49:41","guid":{"rendered":"https:\/\/www.ibagsbelts.com\/tienda\/?post_type=product&#038;p=11119"},"modified":"2026-03-15T15:34:18","modified_gmt":"2026-03-15T14:34:18","slug":"cinturon-de-cuero-natural-con-tachas","status":"publish","type":"product","link":"https:\/\/www.ibagsbelts.com\/tienda\/producto\/cinturon-de-cuero-natural-con-tachas\/","title":{"rendered":"Cintur\u00f3n de cuero natural con tachas punk Rock"},"content":{"rendered":"<p>Descubre el cintur\u00f3n perfecto para a\u00f1adir un toque de estilo a tus conjuntos con nuestro cintur\u00f3n de cuero con remaches artesanales.<\/p>\n<p>Este cintur\u00f3n presenta una correa adornada con remaches y una hebilla met\u00e1lica que a\u00f1ade un toque distintivo a tu atuendo. El cierre de hebilla plateada es ajustable, lo que lo hace adecuado para todas las tallas. Con un ancho de 4 cm y un largo m\u00e1ximo de 130 cm, este cintur\u00f3n es vers\u00e1til y se puede llevar tanto en la cintura como en las caderas.<\/p>\n<p>Ya sea que lo combines con pantalones, bermudas o pantalones cortos, este cintur\u00f3n a\u00f1adir\u00e1 un toque \u00fanico a tu estilo, elevando tu outfit a otro nivel de originalidad y distinci\u00f3n.<\/p>\n<p style=\"text-align: left;\"><strong>Aviso importante<\/strong><\/p>\n<p style=\"text-align: left;\">Todos nuestros productos de cuero est\u00e1n hechos a mano y su nuevo bolso de cuero puede estar sujeta a una variaci\u00f3n natural en tama\u00f1o y color.<\/p>\n<p style=\"text-align: left;\">Las pieles utilizadas han sido procesadas y curtidas en una de las curtidur\u00edas m\u00e1s antiguas utilizando t\u00e9cnicas centenarias para dar al cuero acabado un aspecto antiguo \/ vintage.<br \/>\nPara los tama\u00f1os, permita 1-2 cm diferencia debido a la medida manual.<br \/>\nLas im\u00e1genes son 100% reales.<br \/>\nDebido al monitor del ordenador y el brillo real de la toma y otras razones, habr\u00e1 una cierta diferencia de color.<\/p>\n<!-- AddThis Advanced Settings generic via filter on the_content --><!-- AddThis Share Buttons generic via filter on the_content -->","protected":false},"excerpt":{"rendered":"<h2>Cintur\u00f3n de cuero con correa remachada, hebilla en metal.<\/h2>\n<p>El cierre de hebilla plateada que puedes ajustar a tu medida, por lo que sirve para todas las tallas. Mide 4 cm de ancho y un largo m\u00e1ximo de 130 cm lo puedes usar en la cintura o en las caderas<\/p>\n<p>Es la mejor opci\u00f3n para llevarlo con tus pantalones, bermudas, pantalones cortos preferidos ya que le va a dar el toque que est\u00e1s buscando en tu outfits m\u00e1s original.<\/p>\n<h5><strong>\u00bfAlguna duda? Ponte en contacto con nosotros a trav\u00e9s del bot\u00f3n del chat directo por whatsApp y te resolveremos las dudas al instante!<\/strong><\/h5>\n<p><!-- AddThis Advanced Settings generic via filter on get_the_excerpt --><!-- AddThis Share Buttons generic via filter on get_the_excerpt --><\/p>\n","protected":false},"featured_media":33294,"comment_status":"open","ping_status":"closed","template":"","meta":{"om_disable_all_campaigns":false,"_monsterinsights_skip_tracking":false,"_monsterinsights_sitenote_active":false,"_monsterinsights_sitenote_note":"","_monsterinsights_sitenote_category":0,"_uf_show_specific_survey":0,"_uf_disable_surveys":false},"product_brand":[1217],"product_cat":[393],"product_tag":[1135,1096,1139,1087,290,258,332,343,335,337,333,1089,1034,753,1088,890],"class_list":{"0":"post-11119","1":"product","2":"type-product","3":"status-publish","4":"has-post-thumbnail","6":"product_brand-ibags-belts","7":"product_cat-cinturon-con-tachas","8":"product_tag-accesorios-y-complementos","9":"product_tag-artesania","10":"product_tag-cinta","11":"product_tag-cinto","12":"product_tag-cinturon","13":"product_tag-cinturon-cuero-cowboy-cinturon-cuero-de-vaca-cinturon-de-cuero-artesanal-bolso-de-cuero-cinturon-cuero-para-hombre-cinturon-para-mujer","14":"product_tag-cinturon-cuero","15":"product_tag-cinturon-cuero-moderno","16":"product_tag-cinturon-cuero-natural","17":"product_tag-cinturon-cuero-tachas","18":"product_tag-cinturon-cuero-vaca","19":"product_tag-cinturon-piel","20":"product_tag-cinturones","21":"product_tag-complementos-de-cuero","22":"product_tag-correa","23":"product_tag-rock","25":"first","26":"instock","27":"shipping-taxable","28":"purchasable","29":"product-type-variable","30":"add-to-wishlist-after_add_to_cart","31":"layout-style-1","32":"col-md-4 col-sm-4 col-xs-6","33":"col-lg-3","34":"product-has-gallery","35":"product-style-default"},"aioseo_notices":[],"_links":{"self":[{"href":"https:\/\/www.ibagsbelts.com\/tienda\/wp-json\/wp\/v2\/product\/11119","targetHints":{"allow":["GET"]}}],"collection":[{"href":"https:\/\/www.ibagsbelts.com\/tienda\/wp-json\/wp\/v2\/product"}],"about":[{"href":"https:\/\/www.ibagsbelts.com\/tienda\/wp-json\/wp\/v2\/types\/product"}],"replies":[{"embeddable":true,"href":"https:\/\/www.ibagsbelts.com\/tienda\/wp-json\/wp\/v2\/comments?post=11119"}],"wp:featuredmedia":[{"embeddable":true,"href":"https:\/\/www.ibagsbelts.com\/tienda\/wp-json\/wp\/v2\/media\/33294"}],"wp:attachment":[{"href":"https:\/\/www.ibagsbelts.com\/tienda\/wp-json\/wp\/v2\/media?parent=11119"}],"wp:term":[{"taxonomy":"product_brand","embeddable":true,"href":"https:\/\/www.ibagsbelts.com\/tienda\/wp-json\/wp\/v2\/product_brand?post=11119"},{"taxonomy":"product_cat","embeddable":true,"href":"https:\/\/www.ibagsbelts.com\/tienda\/wp-json\/wp\/v2\/product_cat?post=11119"},{"taxonomy":"product_tag","embeddable":true,"href":"https:\/\/www.ibagsbelts.com\/tienda\/wp-json\/wp\/v2\/product_tag?post=11119"}],"curies":[{"name":"wp","href":"https:\/\/api.w.org\/{rel}","templated":true}]}}