{"id":11279,"date":"2020-12-13T22:04:17","date_gmt":"2020-12-13T21:04:17","guid":{"rendered":"https:\/\/www.ibagsbelts.com\/tienda\/?post_type=product&#038;p=11279"},"modified":"2026-03-15T15:33:52","modified_gmt":"2026-03-15T14:33:52","slug":"cinturon-trenzado-de-cuero-ancho-con-tachas","status":"publish","type":"product","link":"https:\/\/www.ibagsbelts.com\/tienda\/producto\/cinturon-trenzado-de-cuero-ancho-con-tachas\/","title":{"rendered":"Cintur\u00f3n trenzado de cuero ancho con hebilla artesanal"},"content":{"rendered":"<div class=\"u-text-wrap\" style=\"text-align: left;\"><span class=\"c-text c-text--body c-text--left c-text--content c-text--format\">Cintur\u00f3n artesanal de cuero ancho trenzado con hebilla de alpaca con incrustaci\u00f3n de hueso realizada a mano.<\/span><\/div>\n<p class=\"Standard\" style=\"text-align: left;\">\u00a0Mide 5,5 a 6 cm de ancho y un largo m\u00e1ximo de 110 cm lo puedes usar en la cintura o en las caderas<\/p>\n<p class=\"Standard\" style=\"text-align: left;\">Es la mejor opci\u00f3n para llevarlo con tus pantalones, preferidos ya que le va a dar el toque que est\u00e1s buscando en tu outfits m\u00e1s original.<\/p>\n<p style=\"text-align: left;\">Composici\u00f3n: Correa 100% cuero, Hebilla aleaci\u00f3n de metales.<\/p>\n<p style=\"text-align: left;\">Talla \u00fanica<\/p>\n<p style=\"text-align: left;\"><strong>Aviso importante<\/strong><\/p>\n<p style=\"text-align: left;\">Todos nuestros productos de cuero est\u00e1n hechos a mano y su nuevo bolso de cuero puede estar sujeta a una variaci\u00f3n natural en tama\u00f1o y color.<\/p>\n<p style=\"text-align: left;\">Las pieles utilizadas han sido procesadas y curtidas en una de las curtidur\u00edas m\u00e1s antiguas utilizando t\u00e9cnicas centenarias para dar al cuero acabado un aspecto antiguo \/ vintage.<br \/>\nPara los tama\u00f1os, permita 1-2 cm diferencia debido a la medida manual.<br \/>\nLas im\u00e1genes son 100% reales.<br \/>\nDebido al monitor del ordenador y el brillo real de la toma y otras razones, habr\u00e1 una cierta diferencia de color.<\/p>\n<!-- AddThis Advanced Settings generic via filter on the_content --><!-- AddThis Share Buttons generic via filter on the_content -->","protected":false},"excerpt":{"rendered":"<div><\/div>\n<h2 class=\"u-text-wrap\"><span class=\"c-text c-text--body c-text--left c-text--content c-text--format\">Cintur\u00f3n artesanal de cuero ancho trenzado con hebilla de alpaca con incrustaci\u00f3n de hueso realizada a mano. <\/span><\/h2>\n<p class=\"u-text-wrap\">El cierre de hebilla plateada que puedes ajustar a tu medida, por lo que sirve para todas las tallas. Mide 5,5 a 6 cm de ancho y un largo m\u00e1ximo de 110 cm lo puedes usar en la cintura o en las caderas<\/p>\n<p class=\"Standard\">Es la mejor opci\u00f3n para llevarlo con tus vestidos, pantalones, bermudas, pantalones cortos preferidos ya que le va a dar el toque que est\u00e1s buscando en tu outfits m\u00e1s original.<\/p>\n<h5><strong>\u00bfAlguna duda? Ponte en contacto con nosotros a trav\u00e9s del bot\u00f3n del chat directo por whatsApp y te resolveremos las dudas al instante!<\/strong><\/h5>\n<p><!-- AddThis Advanced Settings generic via filter on get_the_excerpt --><!-- AddThis Share Buttons generic via filter on get_the_excerpt --><\/p>\n","protected":false},"featured_media":14665,"comment_status":"open","ping_status":"closed","template":"","meta":{"om_disable_all_campaigns":false,"_monsterinsights_skip_tracking":false,"_monsterinsights_sitenote_active":false,"_monsterinsights_sitenote_note":"","_monsterinsights_sitenote_category":0,"_uf_show_specific_survey":0,"_uf_disable_surveys":false},"product_brand":[1217],"product_cat":[396,951],"product_tag":[1087,290,889,332,340,264,337,338,1034,31,1088,746],"class_list":{"0":"post-11279","1":"product","2":"type-product","3":"status-publish","4":"has-post-thumbnail","6":"product_brand-ibags-belts","7":"product_cat-trenzados-cinturon","8":"product_cat-fajin","9":"product_tag-cinto","10":"product_tag-cinturon","11":"product_tag-cinturon-asta","12":"product_tag-cinturon-cuero","13":"product_tag-cinturon-cuero-ancho-bohemian","14":"product_tag-cinturon-cuero-de-vaca-cuero-de-cuero-cinturon-de-cuero-chapa","15":"product_tag-cinturon-cuero-tachas","16":"product_tag-cinturon-cuero-trenzado-marroqui","17":"product_tag-cinturones","18":"product_tag-cinturon-trenzado-de-cuero","19":"product_tag-correa","20":"product_tag-estilo-hippiechic","22":"first","23":"instock","24":"shipping-taxable","25":"purchasable","26":"product-type-simple","27":"add-to-wishlist-after_add_to_cart","28":"layout-style-1","29":"col-md-4 col-sm-4 col-xs-6","30":"col-lg-3","31":"product-has-gallery","32":"product-style-default"},"aioseo_notices":[],"_links":{"self":[{"href":"https:\/\/www.ibagsbelts.com\/tienda\/wp-json\/wp\/v2\/product\/11279","targetHints":{"allow":["GET"]}}],"collection":[{"href":"https:\/\/www.ibagsbelts.com\/tienda\/wp-json\/wp\/v2\/product"}],"about":[{"href":"https:\/\/www.ibagsbelts.com\/tienda\/wp-json\/wp\/v2\/types\/product"}],"replies":[{"embeddable":true,"href":"https:\/\/www.ibagsbelts.com\/tienda\/wp-json\/wp\/v2\/comments?post=11279"}],"wp:featuredmedia":[{"embeddable":true,"href":"https:\/\/www.ibagsbelts.com\/tienda\/wp-json\/wp\/v2\/media\/14665"}],"wp:attachment":[{"href":"https:\/\/www.ibagsbelts.com\/tienda\/wp-json\/wp\/v2\/media?parent=11279"}],"wp:term":[{"taxonomy":"product_brand","embeddable":true,"href":"https:\/\/www.ibagsbelts.com\/tienda\/wp-json\/wp\/v2\/product_brand?post=11279"},{"taxonomy":"product_cat","embeddable":true,"href":"https:\/\/www.ibagsbelts.com\/tienda\/wp-json\/wp\/v2\/product_cat?post=11279"},{"taxonomy":"product_tag","embeddable":true,"href":"https:\/\/www.ibagsbelts.com\/tienda\/wp-json\/wp\/v2\/product_tag?post=11279"}],"curies":[{"name":"wp","href":"https:\/\/api.w.org\/{rel}","templated":true}]}}