{"id":11288,"date":"2020-12-13T22:44:19","date_gmt":"2020-12-13T21:44:19","guid":{"rendered":"https:\/\/www.ibagsbelts.com\/tienda\/?post_type=product&#038;p=11288"},"modified":"2026-03-15T15:33:07","modified_gmt":"2026-03-15T14:33:07","slug":"monedero-cuero-estampado-artesanal-rojo","status":"publish","type":"product","link":"https:\/\/www.ibagsbelts.com\/tienda\/producto\/monedero-cuero-estampado-artesanal-rojo\/","title":{"rendered":"Monedero cuero estampado artesanal rojo"},"content":{"rendered":"<p>El monedero artesanal est\u00e1 confeccionado por artesanos del cuero. En el interior tiene 4 compartimentos uno con cremallera. Su solapa cierra con broche met\u00e1lico, Asa de cuero con mosquet\u00f3n para llevarlo colgado en mano<\/p>\n<p><span class=\"a-list-item\">Verdaderamente apropiado tanto para mujeres. Por la calidad del material y el acertado dise\u00f1o puede utilizarlo para llevar consigo sus pertenencias m\u00e1s valiosas: documentos, m\u00f3vil, llaves, tarjetas de cr\u00e9dito, identificaci\u00f3n permiso de conducir, carnet de estudiante, carnet de la biblioteca, fotos, notas importantes, recibos, menudo, billetes, lista de la compra&#8230;y mucho m\u00e1s.<\/span><\/p>\n<p><span class=\"a-list-item\">Ideal como regalo de cumplea\u00f1os, de aniversario, de Navidad, de Reyes, de Pascua, de agradecimiento, de Confirmaci\u00f3n, de despedida&#8230;<\/span><\/p>\n<p><span class=\"a-list-item\">Este elegante accesorio de cuero le dar\u00e1 un toque de distinci\u00f3n. Por su elegante y cl\u00e1sico dise\u00f1o puede ser un regalo adecuado para la madre, la hija, la ahijada, la jefe, la amiga, la suegra, la t\u00eda, la sobrina, la abogada, la m\u00e9dica&#8230;<\/span><\/p>\n<p style=\"text-align: center;\"><strong>Aviso importante<\/strong><\/p>\n<p>Todos nuestros productos de cuero est\u00e1n hechos a mano y su nueva bolsa de cuero puede estar sujeta a una variaci\u00f3n natural en tama\u00f1o y color.<br \/>\nPara los tama\u00f1os, permita 1-2 cm difiere debido a la medida manual.<br \/>\nLas im\u00e1genes son 100% reales.<br \/>\nDebido al monitor del ordenador y el brillo real de la toma y otras razones, habr\u00e1 una cierta diferencia de color<\/p>\n<!-- AddThis Advanced Settings generic via filter on the_content --><!-- AddThis Share Buttons generic via filter on the_content -->","protected":false},"excerpt":{"rendered":"<p>El monedero artesanal est\u00e1 confeccionado por artesanos del cuero. En el interior tiene 4 compartimentos uno con cremallera. Su solapa cierra con broche met\u00e1lico, Asa de cuero con mosquet\u00f3n para llevarlo colgado en mano<\/p>\n<p><span class=\"a-list-item\">Verdaderamente apropiado tanto para mujeres. Por la calidad del material y el acertado dise\u00f1o puede utilizarlo para llevar consigo sus pertenencias m\u00e1s valiosas: documentos, m\u00f3vil, llaves, tarjetas de cr\u00e9dito, identificaci\u00f3n permiso de conducir, carnet de estudiante, carnet de la biblioteca, fotos, notas importantes, recibos, menudo, billetes, lista de la compra&#8230;y mucho m\u00e1s.<\/span><\/p>\n<p>18cm largo X 10cm alto X 3cm<\/p>\n<h5><strong>\u00bfAlguna duda? Ponte en contacto con nosotros a trav\u00e9s del bot\u00f3n del chat directo por whatsapp y te resolveremos las dudas al instante!<\/strong><\/h5>\n<p><!-- AddThis Advanced Settings generic via filter on get_the_excerpt --><!-- AddThis Share Buttons generic via filter on get_the_excerpt --><\/p>\n","protected":false},"featured_media":11170,"comment_status":"open","ping_status":"closed","template":"","meta":{"om_disable_all_campaigns":false,"_monsterinsights_skip_tracking":false,"_monsterinsights_sitenote_active":false,"_monsterinsights_sitenote_note":"","_monsterinsights_sitenote_category":0,"_uf_show_specific_survey":0,"_uf_disable_surveys":false},"product_brand":[1217],"product_cat":[1301,1299,1302,1303],"product_tag":[881,299,782,885,745,746,873],"class_list":{"0":"post-11288","1":"product","2":"type-product","3":"status-publish","4":"has-post-thumbnail","6":"product_brand-ibags-belts","7":"product_cat-billeteras","8":"product_cat-carteras","9":"product_cat-monederos-largos","10":"product_cat-tarjeteros","11":"product_tag-billetero","12":"product_tag-bolso-cuero","13":"product_tag-bolso-de-cuero-hecho-a-mano","14":"product_tag-cartera","15":"product_tag-estilo-hippie","16":"product_tag-estilo-hippiechic","17":"product_tag-monedero","19":"first","20":"outofstock","21":"shipping-taxable","22":"purchasable","23":"product-type-simple","24":"add-to-wishlist-after_add_to_cart","25":"layout-style-1","26":"col-md-4 col-sm-4 col-xs-6","27":"col-lg-3","28":"product-has-gallery","29":"product-style-default"},"aioseo_notices":[],"_links":{"self":[{"href":"https:\/\/www.ibagsbelts.com\/tienda\/wp-json\/wp\/v2\/product\/11288","targetHints":{"allow":["GET"]}}],"collection":[{"href":"https:\/\/www.ibagsbelts.com\/tienda\/wp-json\/wp\/v2\/product"}],"about":[{"href":"https:\/\/www.ibagsbelts.com\/tienda\/wp-json\/wp\/v2\/types\/product"}],"replies":[{"embeddable":true,"href":"https:\/\/www.ibagsbelts.com\/tienda\/wp-json\/wp\/v2\/comments?post=11288"}],"wp:featuredmedia":[{"embeddable":true,"href":"https:\/\/www.ibagsbelts.com\/tienda\/wp-json\/wp\/v2\/media\/11170"}],"wp:attachment":[{"href":"https:\/\/www.ibagsbelts.com\/tienda\/wp-json\/wp\/v2\/media?parent=11288"}],"wp:term":[{"taxonomy":"product_brand","embeddable":true,"href":"https:\/\/www.ibagsbelts.com\/tienda\/wp-json\/wp\/v2\/product_brand?post=11288"},{"taxonomy":"product_cat","embeddable":true,"href":"https:\/\/www.ibagsbelts.com\/tienda\/wp-json\/wp\/v2\/product_cat?post=11288"},{"taxonomy":"product_tag","embeddable":true,"href":"https:\/\/www.ibagsbelts.com\/tienda\/wp-json\/wp\/v2\/product_tag?post=11288"}],"curies":[{"name":"wp","href":"https:\/\/api.w.org\/{rel}","templated":true}]}}