{"id":11332,"date":"2020-12-14T01:33:04","date_gmt":"2020-12-14T00:33:04","guid":{"rendered":"https:\/\/www.ibagsbelts.com\/tienda\/?post_type=product&#038;p=11332"},"modified":"2026-03-15T15:25:43","modified_gmt":"2026-03-15T14:25:43","slug":"monedero-de-cuero-plegable-con-relieve","status":"publish","type":"product","link":"https:\/\/www.ibagsbelts.com\/tienda\/producto\/monedero-de-cuero-plegable-con-relieve\/","title":{"rendered":"Monedero de cuero plegable con relieve"},"content":{"rendered":"<p style=\"text-align: left;\">Este modesto monedero fusiona la simplicidad con la elegancia del cuero. Confeccionado artesanalmente, cada detalle de su dise\u00f1o est\u00e1 cuidadosamente elaborado por h\u00e1biles artesanos del cuero.<\/p>\n<p style=\"text-align: left;\">El cierre plegable asegura la protecci\u00f3n de tus pertenencias mientras a\u00f1ade un toque de estilo \u00fanico. En su interior, encontrar\u00e1s suficiente espacio para guardar tus monedas y cambio de manera ordenada.<\/p>\n<p style=\"text-align: left;\">Fabricado con cuero de alta calidad, este monedero garantiza durabilidad y resistencia a lo largo del tiempo. Sus compactas dimensiones de 7,6 cm x 7,6 cm x 0,3 cm lo convierten en un accesorio pr\u00e1ctico y vers\u00e1til que cabe f\u00e1cilmente en cualquier bolsillo o bolso.<\/p>\n<p style=\"text-align: left;\">Ya sea para un uso diario o como un elegante complemento para ocasiones especiales, este monedero de cuero artesanal es la opci\u00f3n ideal para aquellos que valoran la calidad y el estilo en cada detalle.<\/p>\n<p style=\"text-align: left;\"><strong>Aviso importante<\/strong><\/p>\n<p style=\"text-align: left;\">Todos nuestros productos de cuero puede estar sujeta a una variaci\u00f3n natural en tama\u00f1o y color.<\/p>\n<p style=\"text-align: left;\">Las pieles utilizadas han sido procesadas y curtidas en una de las curtidur\u00edas m\u00e1s antiguas utilizando t\u00e9cnicas centenarias para dar al cuero acabado un aspecto antiguo \/ vintage.<br \/>\nPara los tama\u00f1os, permita 1-2 cm diferencia debido a la medida manual.<br \/>\nLas im\u00e1genes son 100% reales.<br \/>\nDebido al monitor del ordenador y el brillo real de la toma y otras razones, habr\u00e1 una cierta diferencia de color.<\/p>\n<!-- AddThis Advanced Settings generic via filter on the_content --><!-- AddThis Share Buttons generic via filter on the_content -->","protected":false},"excerpt":{"rendered":"<h2>Este sencillo monedero est\u00e1 hecha de piel y\u00a0 cierre plegable.<\/h2>\n<p>Con decoraci\u00f3n artesanal en sus dibujos.\u00a0<span style=\"font-size: 1.4rem;\">El interior ofrece suficiente espacio para monedas, cambio.\u00a0<\/span><span class=\"a-list-item\" style=\"font-size: 1.4rem;\">Fabricaci\u00f3n a mano, por artesanos del cuero\u00a0<\/span><\/p>\n<p><span class=\"a-list-item\">100% Cuero\u00a0 \u00a0<\/span><span class=\"a-list-item\">7,6cm x 7,6cm x 0,3 cm.<\/span><\/p>\n<h5><b>\u00bfAlguna duda? Ponte en contacto con nosotros a trav\u00e9s del bot\u00f3n del chat directo por WhatsApp y te resolveremos las dudas al instante!<\/b><\/h5>\n<p><!-- AddThis Advanced Settings generic via filter on get_the_excerpt --><!-- AddThis Share Buttons generic via filter on get_the_excerpt --><\/p>\n","protected":false},"featured_media":17967,"comment_status":"open","ping_status":"closed","template":"","meta":{"om_disable_all_campaigns":false,"_monsterinsights_skip_tracking":false,"_monsterinsights_sitenote_active":false,"_monsterinsights_sitenote_note":"","_monsterinsights_sitenote_category":0,"_uf_show_specific_survey":0,"_uf_disable_surveys":false},"product_brand":[1217],"product_cat":[1300],"product_tag":[1135,1096,736,737,305,823,885,753,745,746,738,873,1102],"class_list":{"0":"post-11332","1":"product","2":"type-product","3":"status-publish","4":"has-post-thumbnail","6":"product_brand-ibags-belts","7":"product_cat-mini-carteras","8":"product_tag-accesorios-y-complementos","9":"product_tag-artesania","10":"product_tag-boho","11":"product_tag-bohochic","12":"product_tag-bolso-cuero-artesanal","13":"product_tag-bolso-piel","14":"product_tag-cartera","15":"product_tag-complementos-de-cuero","16":"product_tag-estilo-hippie","17":"product_tag-estilo-hippiechic","18":"product_tag-hippie","19":"product_tag-monedero","20":"product_tag-piel","22":"first","23":"instock","24":"shipping-taxable","25":"purchasable","26":"product-type-variable","27":"add-to-wishlist-after_add_to_cart","28":"layout-style-1","29":"col-md-4 col-sm-4 col-xs-6","30":"col-lg-3","31":"product-has-gallery","32":"product-style-default"},"aioseo_notices":[],"_links":{"self":[{"href":"https:\/\/www.ibagsbelts.com\/tienda\/wp-json\/wp\/v2\/product\/11332","targetHints":{"allow":["GET"]}}],"collection":[{"href":"https:\/\/www.ibagsbelts.com\/tienda\/wp-json\/wp\/v2\/product"}],"about":[{"href":"https:\/\/www.ibagsbelts.com\/tienda\/wp-json\/wp\/v2\/types\/product"}],"replies":[{"embeddable":true,"href":"https:\/\/www.ibagsbelts.com\/tienda\/wp-json\/wp\/v2\/comments?post=11332"}],"wp:featuredmedia":[{"embeddable":true,"href":"https:\/\/www.ibagsbelts.com\/tienda\/wp-json\/wp\/v2\/media\/17967"}],"wp:attachment":[{"href":"https:\/\/www.ibagsbelts.com\/tienda\/wp-json\/wp\/v2\/media?parent=11332"}],"wp:term":[{"taxonomy":"product_brand","embeddable":true,"href":"https:\/\/www.ibagsbelts.com\/tienda\/wp-json\/wp\/v2\/product_brand?post=11332"},{"taxonomy":"product_cat","embeddable":true,"href":"https:\/\/www.ibagsbelts.com\/tienda\/wp-json\/wp\/v2\/product_cat?post=11332"},{"taxonomy":"product_tag","embeddable":true,"href":"https:\/\/www.ibagsbelts.com\/tienda\/wp-json\/wp\/v2\/product_tag?post=11332"}],"curies":[{"name":"wp","href":"https:\/\/api.w.org\/{rel}","templated":true}]}}