{"id":11377,"date":"2020-12-15T12:51:54","date_gmt":"2020-12-15T11:51:54","guid":{"rendered":"https:\/\/www.ibagsbelts.com\/tienda\/?post_type=product&#038;p=11377"},"modified":"2026-03-15T15:19:46","modified_gmt":"2026-03-15T14:19:46","slug":"bandolera-de-cuero-repujado","status":"publish","type":"product","link":"https:\/\/www.ibagsbelts.com\/tienda\/producto\/bandolera-de-cuero-repujado\/","title":{"rendered":"Bandolera de cuero repujado camel"},"content":{"rendered":"<p><span class=\"a-list-item\">Una bandolera cruzada de cuero, perfectamente adecuada para llevar art\u00edculos de uso diario, tales como tel\u00e9fonos inteligentes, iPad, Kindle, Galaxy Tab, llaves, llaves del coche, la cartera, el perfume, y muchos m\u00e1s.<\/span><\/p>\n<p><span class=\"a-list-item\">Ideal para los viajes, el uso diario, festivales, conciertos, universidad, fiesta, ir de compras, salir<\/span><\/p>\n<p><span class=\"a-list-item\">solapa frontal repujada se cierra de forma segura debajo, f\u00e1cil de usar, piel extremadamente durable.<\/span><\/p>\n<p><span class=\"a-list-item\">Los colores simples y puras, textura fina, de dise\u00f1o en relieve hermosa y funciona muy bien con casi cualquier tipo de estilo de ropa.<\/span><\/p>\n<p><span class=\"a-list-item\">Tama\u00f1o: Longitud x Ancho x Altura = 30 cm x 23 cm x 8 cm; Compartimientos: 1 principales, 1 bolsillo interior.<\/span><\/p>\n<p>&nbsp;<\/p>\n<p style=\"text-align: center;\"><strong>Aviso importante<\/strong><\/p>\n<p>Todos nuestros productos de cuero est\u00e1n hechos a mano y su nueva bolsa de cuero puede estar sujeta a una variaci\u00f3n natural en tama\u00f1o y color.<br \/>\nPara los tama\u00f1os, permita 1-2 cm difiere debido a la medida manual.<br \/>\nLas im\u00e1genes son 100% reales.<br \/>\nDebido al monitor del ordenador y el brillo real de la toma y otras razones, habr\u00e1 una cierta diferencia de color.<\/p>\n<!-- AddThis Advanced Settings generic via filter on the_content --><!-- AddThis Share Buttons generic via filter on the_content -->","protected":false},"excerpt":{"rendered":"<p><span class=\"a-list-item\">Una bandolera cruzada de cuero, perfectamente adecuada para llevar art\u00edculos de uso diario, tales como tel\u00e9fonos inteligentes, iPad, Kindle, Galaxy Tab, llaves, llaves del coche, la cartera, el perfume, y muchos m\u00e1s.<\/span><\/p>\n<p><span class=\"a-list-item\">Ideal para los viajes, el uso diario, festivales, conciertos, universidad, fiesta, ir de compras, salir<\/span><\/p>\n<p><span class=\"a-list-item\">solapa frontal repujada se cierra de forma segura debajo, f\u00e1cil de usar, piel extremadamente durable.<\/span><\/p>\n<p><span class=\"a-list-item\">Los colores simples y puras, textura fina, de dise\u00f1o en relieve hermosa y funciona muy bien con casi cualquier tipo de estilo de ropa.<\/span><\/p>\n<p><span class=\"a-list-item\">Tama\u00f1o: Longitud x Ancho x Altura = 30 cm x 23 cm x 8 cm.<\/span><\/p>\n<h5><strong>\u00bfAlguna duda? Ponte en contacto con nosotros a trav\u00e9s del bot\u00f3n del chat directo por whatsapp y te resolveremos las dudas al instante!<\/strong><\/h5>\n<p><!-- AddThis Advanced Settings generic via filter on get_the_excerpt --><!-- AddThis Share Buttons generic via filter on get_the_excerpt --><\/p>\n","protected":false},"featured_media":13779,"comment_status":"open","ping_status":"closed","template":"","meta":{"om_disable_all_campaigns":false,"_monsterinsights_skip_tracking":false,"_monsterinsights_sitenote_active":false,"_monsterinsights_sitenote_note":"","_monsterinsights_sitenote_category":0,"_uf_show_specific_survey":0,"_uf_disable_surveys":false},"product_brand":[1217],"product_cat":[240],"product_tag":[301,877,266,1020,305,316,783,277],"class_list":{"0":"post-11377","1":"product","2":"type-product","3":"status-publish","4":"has-post-thumbnail","6":"product_brand-ibags-belts","7":"product_cat-bolsos-bandoleras-de-cuero-artesanal","8":"product_tag-bandolera","9":"product_tag-bandoleras","10":"product_tag-bolso-bohemian-bolso-cuero-repujado-bolsos-cuero-retro-bolso-shopper-cuero-bolso-cuero-trenzado-bolso-cuero-troquelado","11":"product_tag-bolso-boho","12":"product_tag-bolso-cuero-artesanal","13":"product_tag-bolso-cuero-con-tachuelas","14":"product_tag-bolso-cuero-grabado","15":"product_tag-bolsos-cuero-retro-bolso-shopper-cuero-bolso-cuero-trenzado-bolso-cuero-troquelado-bolso-cuero-vaca-bolso-cuero-viaje-hombre","17":"first","18":"outofstock","19":"shipping-taxable","20":"purchasable","21":"product-type-simple","22":"add-to-wishlist-after_add_to_cart","23":"layout-style-1","24":"col-md-4 col-sm-4 col-xs-6","25":"col-lg-3","26":"product-has-gallery","27":"product-style-default"},"aioseo_notices":[],"_links":{"self":[{"href":"https:\/\/www.ibagsbelts.com\/tienda\/wp-json\/wp\/v2\/product\/11377","targetHints":{"allow":["GET"]}}],"collection":[{"href":"https:\/\/www.ibagsbelts.com\/tienda\/wp-json\/wp\/v2\/product"}],"about":[{"href":"https:\/\/www.ibagsbelts.com\/tienda\/wp-json\/wp\/v2\/types\/product"}],"replies":[{"embeddable":true,"href":"https:\/\/www.ibagsbelts.com\/tienda\/wp-json\/wp\/v2\/comments?post=11377"}],"wp:featuredmedia":[{"embeddable":true,"href":"https:\/\/www.ibagsbelts.com\/tienda\/wp-json\/wp\/v2\/media\/13779"}],"wp:attachment":[{"href":"https:\/\/www.ibagsbelts.com\/tienda\/wp-json\/wp\/v2\/media?parent=11377"}],"wp:term":[{"taxonomy":"product_brand","embeddable":true,"href":"https:\/\/www.ibagsbelts.com\/tienda\/wp-json\/wp\/v2\/product_brand?post=11377"},{"taxonomy":"product_cat","embeddable":true,"href":"https:\/\/www.ibagsbelts.com\/tienda\/wp-json\/wp\/v2\/product_cat?post=11377"},{"taxonomy":"product_tag","embeddable":true,"href":"https:\/\/www.ibagsbelts.com\/tienda\/wp-json\/wp\/v2\/product_tag?post=11377"}],"curies":[{"name":"wp","href":"https:\/\/api.w.org\/{rel}","templated":true}]}}