{"id":11393,"date":"2020-12-17T12:33:08","date_gmt":"2020-12-17T11:33:08","guid":{"rendered":"https:\/\/www.ibagsbelts.com\/tienda\/?post_type=product&#038;p=11393"},"modified":"2026-03-15T15:18:25","modified_gmt":"2026-03-15T14:18:25","slug":"bolso-flecos-de-cuero-boho-style","status":"publish","type":"product","link":"https:\/\/www.ibagsbelts.com\/tienda\/producto\/bolso-flecos-de-cuero-boho-style\/","title":{"rendered":"Bolso tote boho tribal cuero negro grande"},"content":{"rendered":"<p>Ya sea para el trabajo, dar un paseo por la ciudad o para quedar con tus amigos, \u201ceste BOLSO\u201d es perfecto para cada ocasi\u00f3n.<\/p>\n<p>El bolso est\u00e1 hecho de cuero que la da la estabilidad necesaria para que sea el compa\u00f1ero perfecto para tu d\u00eda a d\u00eda.<\/p>\n<p>Tiene un bolsillo interior. Te ofrece el espacio suficiente para que puedas guardar tus documentos, tus llaves una agenda o tu iphone.<\/p>\n<p>Adem\u00e1s tiene un compartimento para monedero. \u00bfHoy tienes distintas actividades? Ll\u00e9valo contigo. Si te apasiona el estilo boho con sus flecos al son del viento, este es tu bolso.<\/p>\n<p style=\"text-align: center;\"><strong>Aviso importante<\/strong><\/p>\n<p>Todos nuestros productos de cuero est\u00e1n hechos a mano y su nueva bolsa de cuero puede estar sujeta a una variaci\u00f3n natural en tama\u00f1o y color.<br \/>\nPara los tama\u00f1os, permita 1-2 cm difiere debido a la medida manual.<br \/>\nLas im\u00e1genes son 100% reales.<br \/>\nDebido al monitor del ordenador y el brillo real de la toma y otras razones, habr\u00e1 una cierta diferencia de color.<\/p>\n<p><span class=\"a-list-item\">\u00a0<\/span><\/p>\n<!-- AddThis Advanced Settings generic via filter on the_content --><!-- AddThis Share Buttons generic via filter on the_content -->","protected":false},"excerpt":{"rendered":"<p>Ya sea para el trabajo, dar un paseo por la ciudad o para quedar con tus amigos, &#8220;ESTE BOLSO&#8221; es perfecto para cada ocasi\u00f3n. El bolso est\u00e1 hecho de cuero que la da la estabilidad necesaria para que sea el compa\u00f1ero perfecto para tu d\u00eda a d\u00eda. Tiene un bolsillo interior. Te ofrece el espacio suficiente para que puedas guardar tus documentos, tus llaves una agenda o tu iphone. Adem\u00e1s tiene un compartimento para monedero. \u00bfHoy tienes distintas actividades? Ll\u00e9valo contigo. Si te apasiona el estilo boho con sus flecos al son del viento, este es tu bolso.<\/p>\n<p>Medidas 28 cm de alto x 45 cm largo x 16cm ancho<\/p>\n<h5><strong>\u00bfAlguna duda? Ponte en contacto con nosotros a trav\u00e9s del bot\u00f3n del chat directo por whatsApp y te resolveremos las dudas al instante!<\/strong><\/h5>\n<p><!-- AddThis Advanced Settings generic via filter on get_the_excerpt --><!-- AddThis Share Buttons generic via filter on get_the_excerpt --><\/p>\n","protected":false},"featured_media":13244,"comment_status":"open","ping_status":"closed","template":"","meta":{"om_disable_all_campaigns":false,"_monsterinsights_skip_tracking":false,"_monsterinsights_sitenote_active":false,"_monsterinsights_sitenote_note":"","_monsterinsights_sitenote_category":0,"_uf_show_specific_survey":0,"_uf_disable_surveys":false},"product_brand":[1217],"product_cat":[40,41],"product_tag":[736,266,303,299,305,727,744],"class_list":{"0":"post-11393","1":"product","2":"type-product","3":"status-publish","4":"has-post-thumbnail","6":"product_brand-ibags-belts","7":"product_cat-bolsos-de-hombro","8":"product_cat-shoppers","9":"product_tag-boho","10":"product_tag-bolso-bohemian-bolso-cuero-repujado-bolsos-cuero-retro-bolso-shopper-cuero-bolso-cuero-trenzado-bolso-cuero-troquelado","11":"product_tag-bolso-bohemian","12":"product_tag-bolso-cuero","13":"product_tag-bolso-cuero-artesanal","14":"product_tag-bolsos-bandoleras-cuero","15":"product_tag-estilo-bohochic","17":"first","18":"instock","19":"sale","20":"shipping-taxable","21":"purchasable","22":"product-type-simple","23":"add-to-wishlist-after_add_to_cart","24":"layout-style-1","25":"col-md-4 col-sm-4 col-xs-6","26":"col-lg-3","27":"product-has-gallery","28":"product-style-default"},"aioseo_notices":[],"_links":{"self":[{"href":"https:\/\/www.ibagsbelts.com\/tienda\/wp-json\/wp\/v2\/product\/11393","targetHints":{"allow":["GET"]}}],"collection":[{"href":"https:\/\/www.ibagsbelts.com\/tienda\/wp-json\/wp\/v2\/product"}],"about":[{"href":"https:\/\/www.ibagsbelts.com\/tienda\/wp-json\/wp\/v2\/types\/product"}],"replies":[{"embeddable":true,"href":"https:\/\/www.ibagsbelts.com\/tienda\/wp-json\/wp\/v2\/comments?post=11393"}],"wp:featuredmedia":[{"embeddable":true,"href":"https:\/\/www.ibagsbelts.com\/tienda\/wp-json\/wp\/v2\/media\/13244"}],"wp:attachment":[{"href":"https:\/\/www.ibagsbelts.com\/tienda\/wp-json\/wp\/v2\/media?parent=11393"}],"wp:term":[{"taxonomy":"product_brand","embeddable":true,"href":"https:\/\/www.ibagsbelts.com\/tienda\/wp-json\/wp\/v2\/product_brand?post=11393"},{"taxonomy":"product_cat","embeddable":true,"href":"https:\/\/www.ibagsbelts.com\/tienda\/wp-json\/wp\/v2\/product_cat?post=11393"},{"taxonomy":"product_tag","embeddable":true,"href":"https:\/\/www.ibagsbelts.com\/tienda\/wp-json\/wp\/v2\/product_tag?post=11393"}],"curies":[{"name":"wp","href":"https:\/\/api.w.org\/{rel}","templated":true}]}}