{"id":11448,"date":"2020-12-23T13:14:59","date_gmt":"2020-12-23T12:14:59","guid":{"rendered":"https:\/\/www.ibagsbelts.com\/tienda\/?post_type=product&#038;p=11448"},"modified":"2026-03-15T15:15:49","modified_gmt":"2026-03-15T14:15:49","slug":"bolsos-bandolera-retro-de-mujer","status":"publish","type":"product","link":"https:\/\/www.ibagsbelts.com\/tienda\/producto\/bolsos-bandolera-retro-de-mujer\/","title":{"rendered":"Bolsos bandolera retro de cuero para Mujer Roxana"},"content":{"rendered":"<p style=\"text-align: left;\">Con un dise\u00f1o elegante y de alta gama, esta bolsa es perfecta para una amplia gama de ocasiones, desde el trabajo y citas hasta fiestas y escapadas escolares.<\/p>\n<p style=\"text-align: left;\">Equipada con dos asas robustas para llevarla c\u00f3modamente en el hombro, esta bolsa tambi\u00e9n cuenta con una asa larga trenzada ajustable que ofrece versatilidad, permiti\u00e9ndote llevarla como bolso de mano, bandolera o bolso cruzado.<\/p>\n<p style=\"text-align: left;\">Fabricada con cuero artesanal de calidad, esta bolsa tiene una textura fina y suave que se siente c\u00f3moda al tacto y es f\u00e1cil de limpiar.<\/p>\n<p style=\"text-align: left;\">Con unas dimensiones de longitud (41 cm) * ancho (11 cm) * altura (45 cm) y un peso de aproximadamente 1 kg, esta bolsa ofrece una alta capacidad para llevar tus elementos esenciales diarios, como tel\u00e9fono m\u00f3vil, billetera, gafas de sol, l\u00e1piz labial y m\u00e1s.<\/p>\n<p style=\"text-align: left;\">El forro interior de color beige cuenta con dos bolsillos con cremallera para una mayor organizaci\u00f3n y seguridad de tus pertenencias.<\/p>\n<p style=\"text-align: left;\"><strong>Aviso importante<\/strong><\/p>\n<p style=\"text-align: left;\">Todos nuestros productos de cuero puede estar sujeta a una variaci\u00f3n natural en tama\u00f1o y color.<\/p>\n<p style=\"text-align: left;\">Las pieles utilizadas han sido procesadas y curtidas en una de las curtidur\u00edas m\u00e1s antiguas utilizando t\u00e9cnicas centenarias para dar al cuero acabado un aspecto antiguo \/ vintage.<br \/>\nPara los tama\u00f1os, permita 1-2 cm diferencia debido a la medida manual.<br \/>\nLas im\u00e1genes son 100% reales.<br \/>\nDebido al monitor del ordenador y el brillo real de la toma y otras razones, habr\u00e1 una cierta diferencia de color.<\/p>\n<!-- AddThis Advanced Settings generic via filter on the_content --><!-- AddThis Share Buttons generic via filter on the_content -->","protected":false},"excerpt":{"rendered":"<div class=\"woocommerce-tabs wc-tabs-wrapper\">\n<div id=\"tab-description\" class=\"woocommerce-Tabs-panel woocommerce-Tabs-panel--description panel entry-content wc-tab\" role=\"tabpanel\" aria-labelledby=\"tab-title-description\">\n<div class=\"container\">\n<h2><span class=\"a-list-item\">El producto est\u00e1 hecho de cuero artesanal de calidad. <\/span><\/h2>\n<p><span class=\"a-list-item\">Tiene una textura fina y suave, se siente c\u00f3moda y es f\u00e1cil de limpiar.\u00a0<\/span><span class=\"a-list-item\">El dise\u00f1o elegante y de alta gama hace que la bolsa sea adecuada para ocasiones diarias como el trabajo, citas, fiestas, escaparates o la escuela.<\/span><span class=\"a-list-item\">Con dos asas fuertes para llevarlo en el hombro. Una asa larga ajustables se puede usar como bolso, bandolera o bolso cruzado.\u00a0<\/span>Forro interior color beige, peque\u00f1o bolsillo con cremallera y dos compartimentos para monedero y tel\u00e9fono m\u00f3vil.<strong>Medidas:\u00a0<\/strong>Largo 41 cm, Alto 45 cm, Fondo 11 cm. 100 % cuero<\/p>\n<h5><strong>\u00bfAlguna duda? Ponte en contacto con nosotros a trav\u00e9s del bot\u00f3n del chat directo por whatsApp y te resolveremos las dudas al instante!<\/strong><\/h5>\n<div class=\"at-below-post addthis_tool\" data-url=\"https:\/\/www.ibagsbelts.com\/tienda\/producto\/cinturon-circulos-de-cuero-marron\/\"><strong>\u00a0<\/strong><\/div>\n<\/div>\n<\/div>\n<\/div>\n<p><!-- AddThis Advanced Settings generic via filter on get_the_excerpt --><!-- AddThis Share Buttons generic via filter on get_the_excerpt --><\/p>\n","protected":false},"featured_media":15324,"comment_status":"open","ping_status":"closed","template":"","meta":{"om_disable_all_campaigns":false,"_monsterinsights_skip_tracking":false,"_monsterinsights_sitenote_active":false,"_monsterinsights_sitenote_note":"","_monsterinsights_sitenote_category":0,"_uf_show_specific_survey":0,"_uf_disable_surveys":false},"product_brand":[1217],"product_cat":[40,1306,41],"product_tag":[301,877,266,303,299,305,315,268,316,255,784,727,302,905,744,746],"class_list":{"0":"post-11448","1":"product","2":"type-product","3":"status-publish","4":"has-post-thumbnail","6":"product_brand-ibags-belts","7":"product_cat-bolsos-de-hombro","8":"product_cat-bolsos-saco-hobo","9":"product_cat-shoppers","10":"product_tag-bandolera","11":"product_tag-bandoleras","12":"product_tag-bolso-bohemian-bolso-cuero-repujado-bolsos-cuero-retro-bolso-shopper-cuero-bolso-cuero-trenzado-bolso-cuero-troquelado","13":"product_tag-bolso-bohemian","14":"product_tag-bolso-cuero","15":"product_tag-bolso-cuero-artesanal","16":"product_tag-bolso-cuero-artesano","17":"product_tag-bolso-cuero-boho-bolso-cuero-con-tachuelas-bolsos-cuero-caballero-bolso-cuero-de-hombre-bolso-cuero-de-viaje-bolso-cuero-de-vaca-bolso-de-cuero-artesanal-bolso-de-cuero","18":"product_tag-bolso-cuero-con-tachuelas","19":"product_tag-bolso-cuero-mujer","20":"product_tag-bolso-trenzados","21":"product_tag-bolsos-bandoleras-cuero","22":"product_tag-bolsos-de-cuero","23":"product_tag-casual","24":"product_tag-estilo-bohochic","25":"product_tag-estilo-hippiechic","27":"first","28":"instock","29":"sale","30":"shipping-taxable","31":"purchasable","32":"product-type-simple","33":"add-to-wishlist-after_add_to_cart","34":"layout-style-1","35":"col-md-4 col-sm-4 col-xs-6","36":"col-lg-3","37":"product-has-gallery","38":"product-style-default"},"aioseo_notices":[],"_links":{"self":[{"href":"https:\/\/www.ibagsbelts.com\/tienda\/wp-json\/wp\/v2\/product\/11448","targetHints":{"allow":["GET"]}}],"collection":[{"href":"https:\/\/www.ibagsbelts.com\/tienda\/wp-json\/wp\/v2\/product"}],"about":[{"href":"https:\/\/www.ibagsbelts.com\/tienda\/wp-json\/wp\/v2\/types\/product"}],"replies":[{"embeddable":true,"href":"https:\/\/www.ibagsbelts.com\/tienda\/wp-json\/wp\/v2\/comments?post=11448"}],"wp:featuredmedia":[{"embeddable":true,"href":"https:\/\/www.ibagsbelts.com\/tienda\/wp-json\/wp\/v2\/media\/15324"}],"wp:attachment":[{"href":"https:\/\/www.ibagsbelts.com\/tienda\/wp-json\/wp\/v2\/media?parent=11448"}],"wp:term":[{"taxonomy":"product_brand","embeddable":true,"href":"https:\/\/www.ibagsbelts.com\/tienda\/wp-json\/wp\/v2\/product_brand?post=11448"},{"taxonomy":"product_cat","embeddable":true,"href":"https:\/\/www.ibagsbelts.com\/tienda\/wp-json\/wp\/v2\/product_cat?post=11448"},{"taxonomy":"product_tag","embeddable":true,"href":"https:\/\/www.ibagsbelts.com\/tienda\/wp-json\/wp\/v2\/product_tag?post=11448"}],"curies":[{"name":"wp","href":"https:\/\/api.w.org\/{rel}","templated":true}]}}