{"id":11475,"date":"2020-12-28T23:20:48","date_gmt":"2020-12-28T22:20:48","guid":{"rendered":"https:\/\/www.ibagsbelts.com\/tienda\/?post_type=product&#038;p=11475"},"modified":"2026-03-15T15:13:21","modified_gmt":"2026-03-15T14:13:21","slug":"bandolera-de-cuero-artesanal-teja-bayona","status":"publish","type":"product","link":"https:\/\/www.ibagsbelts.com\/tienda\/producto\/bandolera-de-cuero-artesanal-teja-bayona\/","title":{"rendered":"Bandolera de cuero artesanal teja Bayona"},"content":{"rendered":"<p style=\"text-align: left;\">El bolso de cuero artesanal en color marr\u00f3n es la fusi\u00f3n perfecta de estilo y funcionalidad. Sus asas dise\u00f1adas para llevar en el hombro brindan comodidad durante todo el d\u00eda. Adem\u00e1s, los detalles de flecos y tachas en los laterales aportan un toque boho chic, a\u00f1adiendo un elemento de moda a tu look.<\/p>\n<p style=\"text-align: left;\">Este tote no solo es elegante, sino tambi\u00e9n pr\u00e1ctico. Con cierre de cremallera, asegura que tus pertenencias est\u00e9n seguras. El forro y el bolsillo interior ofrecen espacio adicional y organizaci\u00f3n para tus art\u00edculos esenciales. Adem\u00e1s, la inclusi\u00f3n de una asa larga extra\u00edble te permite llevarlo c\u00f3modamente como bolso de hombro o bandolera.<\/p>\n<p style=\"text-align: left;\">Descubre el equilibrio perfecto entre estilo artesanal y funcionalidad con este bolso \u00fanico.<\/p>\n<p style=\"text-align: left;\"><strong>Aviso importante<\/strong><\/p>\n<p style=\"text-align: left;\">Todos nuestros productos de cuero est\u00e1n hechos a mano y su nueva bolsa de cuero puede estar sujeta a una variaci\u00f3n natural en tama\u00f1o y color.<br \/>\nPara los tama\u00f1os, permita 1-2 cm difiere debido a la medida manual.<br \/>\nLas im\u00e1genes son 100% reales.<br \/>\nDebido al monitor del ordenador y el brillo real de la toma y otras razones, habr\u00e1 una cierta diferencia de color.<\/p>\n<!-- AddThis Advanced Settings generic via filter on the_content --><!-- AddThis Share Buttons generic via filter on the_content -->","protected":false},"excerpt":{"rendered":"<h2>Bolso de cuero artesanal en color co\u00f1ac y asas\u00a0 para llevar en hombro con mucha comodidad.<\/h2>\n<h3>Tote con detalle de flecos y tachas en los laterales por las dos caras para darle un toque boho.\u00a0Incluye asa larga extra\u00edble para llevarla de hombro o bandolera, cierre con cremallera<\/h3>\n<h4>Forro y bolsillo interior.\u00a0Medidas 35 cm de alto x 45 cm largo x 15 cm ancho<\/h4>\n<h5><a href=\"https:\/\/bit.ly\/TE-AYUDO\"><b>\u00bfAlguna duda? Ponte en contacto con nosotros a trav\u00e9s del bot\u00f3n del chat directo por WhatsApp y te resolveremos las dudas al instante<\/b><\/a><b>!<\/b><\/h5>\n<p><!-- AddThis Advanced Settings generic via filter on get_the_excerpt --><!-- AddThis Share Buttons generic via filter on get_the_excerpt --><\/p>\n","protected":false},"featured_media":13974,"comment_status":"open","ping_status":"closed","template":"","meta":{"om_disable_all_campaigns":false,"_monsterinsights_skip_tracking":false,"_monsterinsights_sitenote_active":false,"_monsterinsights_sitenote_note":"","_monsterinsights_sitenote_category":0,"_uf_show_specific_survey":0,"_uf_disable_surveys":false},"product_brand":[1217],"product_cat":[240,40],"product_tag":[301,877,736,737,266,303,299,305,315,268,316,255,727,302,744],"class_list":{"0":"post-11475","1":"product","2":"type-product","3":"status-publish","4":"has-post-thumbnail","6":"product_brand-ibags-belts","7":"product_cat-bolsos-bandoleras-de-cuero-artesanal","8":"product_cat-bolsos-de-hombro","9":"product_tag-bandolera","10":"product_tag-bandoleras","11":"product_tag-boho","12":"product_tag-bohochic","13":"product_tag-bolso-bohemian-bolso-cuero-repujado-bolsos-cuero-retro-bolso-shopper-cuero-bolso-cuero-trenzado-bolso-cuero-troquelado","14":"product_tag-bolso-bohemian","15":"product_tag-bolso-cuero","16":"product_tag-bolso-cuero-artesanal","17":"product_tag-bolso-cuero-artesano","18":"product_tag-bolso-cuero-boho-bolso-cuero-con-tachuelas-bolsos-cuero-caballero-bolso-cuero-de-hombre-bolso-cuero-de-viaje-bolso-cuero-de-vaca-bolso-de-cuero-artesanal-bolso-de-cuero","19":"product_tag-bolso-cuero-con-tachuelas","20":"product_tag-bolso-cuero-mujer","21":"product_tag-bolsos-bandoleras-cuero","22":"product_tag-bolsos-de-cuero","23":"product_tag-estilo-bohochic","25":"first","26":"outofstock","27":"sale","28":"sold-individually","29":"shipping-taxable","30":"purchasable","31":"product-type-simple","32":"add-to-wishlist-after_add_to_cart","33":"layout-style-1","34":"col-md-4 col-sm-4 col-xs-6","35":"col-lg-3","36":"product-has-gallery","37":"product-style-default"},"aioseo_notices":[],"_links":{"self":[{"href":"https:\/\/www.ibagsbelts.com\/tienda\/wp-json\/wp\/v2\/product\/11475","targetHints":{"allow":["GET"]}}],"collection":[{"href":"https:\/\/www.ibagsbelts.com\/tienda\/wp-json\/wp\/v2\/product"}],"about":[{"href":"https:\/\/www.ibagsbelts.com\/tienda\/wp-json\/wp\/v2\/types\/product"}],"replies":[{"embeddable":true,"href":"https:\/\/www.ibagsbelts.com\/tienda\/wp-json\/wp\/v2\/comments?post=11475"}],"wp:featuredmedia":[{"embeddable":true,"href":"https:\/\/www.ibagsbelts.com\/tienda\/wp-json\/wp\/v2\/media\/13974"}],"wp:attachment":[{"href":"https:\/\/www.ibagsbelts.com\/tienda\/wp-json\/wp\/v2\/media?parent=11475"}],"wp:term":[{"taxonomy":"product_brand","embeddable":true,"href":"https:\/\/www.ibagsbelts.com\/tienda\/wp-json\/wp\/v2\/product_brand?post=11475"},{"taxonomy":"product_cat","embeddable":true,"href":"https:\/\/www.ibagsbelts.com\/tienda\/wp-json\/wp\/v2\/product_cat?post=11475"},{"taxonomy":"product_tag","embeddable":true,"href":"https:\/\/www.ibagsbelts.com\/tienda\/wp-json\/wp\/v2\/product_tag?post=11475"}],"curies":[{"name":"wp","href":"https:\/\/api.w.org\/{rel}","templated":true}]}}