{"id":11583,"date":"2021-01-09T23:42:10","date_gmt":"2021-01-09T22:42:10","guid":{"rendered":"https:\/\/www.ibagsbelts.com\/tienda\/?post_type=product&#038;p=11583"},"modified":"2026-03-15T14:12:00","modified_gmt":"2026-03-15T13:12:00","slug":"bolso-de-mano-de-piel-lavada-camel","status":"publish","type":"product","link":"https:\/\/www.ibagsbelts.com\/tienda\/producto\/bolso-de-mano-de-piel-lavada-camel\/","title":{"rendered":"Bolso de mano de piel lavada camel Romeo"},"content":{"rendered":"<p style=\"text-align: left;\">Descubre la elegancia y la versatilidad en cada detalle de este encantador clutch. El suave cuero vintage italiano, adornado con tachuelas de lat\u00f3n envejecido, evoca una sensaci\u00f3n de lujo y estilo atemporal. Su dise\u00f1o elegante y sofisticado garantiza que recibir\u00e1s cumplidos cada vez que lo uses, convirti\u00e9ndote en el centro de atenci\u00f3n donde quiera que vayas.<\/p>\n<p style=\"text-align: left;\">Pero este clutch es mucho m\u00e1s que un simple accesorio de moda. Convi\u00e9rtelo h\u00e1bilmente de un clutch a un bolso bandolera y descubre su versatilidad incomparable. Es la compa\u00f1era perfecta para tus aventuras diarias, agregando un toque de estilo a cualquier ocasi\u00f3n.<\/p>\n<p style=\"text-align: left;\">Con un cierre a presi\u00f3n y cremallera para mayor seguridad, este clutch tambi\u00e9n ofrece funcionalidad sin sacrificar el estilo. Un bolsillo exterior con cremallera en la parte posterior proporciona un acceso r\u00e1pido a tus elementos esenciales, mientras que el interior cuenta con un amplio bolsillo con cremallera y dos bolsillos abiertos para mantener tu tel\u00e9fono celular y otros objetos organizados.<\/p>\n<p style=\"text-align: left;\">Con una correa de piel ajustable y extra\u00edble, as\u00ed como una pulsera de piel adicional tambi\u00e9n extra\u00edble con tachuelas, este clutch te ofrece m\u00faltiples opciones de transporte para adaptarse a tu estilo y necesidades. Con medidas de 27cm x 4cm x 21 cm, este clutch es el complemento perfecto para cualquier ocasi\u00f3n, a\u00f1adiendo un toque de sofisticaci\u00f3n a tu look.<\/p>\n<p style=\"text-align: left;\"><strong>Aviso importante<\/strong><\/p>\n<p style=\"text-align: left;\">Todos nuestros productos de cuero est\u00e1n hechos a mano y su nueva bolsa de cuero puede estar sujeta a una variaci\u00f3n natural en tama\u00f1o y color.<br \/>\nPara los tama\u00f1os, permita 1-2 cm difiere debido a la medida manual.<br \/>\nLas im\u00e1genes son 100% reales.<br \/>\nDebido al monitor del ordenador y el brillo real de la toma y otras razones, habr\u00e1 una cierta diferencia de color.<\/p>\n<!-- AddThis Advanced Settings generic via filter on the_content --><!-- AddThis Share Buttons generic via filter on the_content -->","protected":false},"excerpt":{"rendered":"<h2>Clutch\u00a0 de suave cuero vintage de Italia.<\/h2>\n<p>Las tachuelas de lat\u00f3n envejecido y el elegante dise\u00f1o del embrague asegura que recibir\u00e1s cumplidos cada vez que la uses.<\/p>\n<p>Al convertir h\u00e1bilmente de un clutch en un bolso bandolera, es una compa\u00f1era pr\u00e1ctica y hermosa para compartir tus aventuras.\u00a0Cierre a presi\u00f3n y cremallera. Exterior bolsillo con cremallera en la espalda.<\/p>\n<p>Interior: bolsillo grande con cremallera y dos bolsillos abiertos para tel\u00e9fono celular.\u00a0Correa de piel ajustable y extra\u00edble y pulsera de piel extra\u00edble con tachuelas.<\/p>\n<p>Medidas:\u00a0 27 cm X\u00a0 4cm X\u00a0 21 cm<\/p>\n<h5><strong>\u00bfAlguna duda? Ponte en contacto con nosotros a trav\u00e9s del bot\u00f3n del chat directo por whatsApp y te resolveremos las dudas al instante!<\/strong><\/h5>\n<p><!-- AddThis Advanced Settings generic via filter on get_the_excerpt --><!-- AddThis Share Buttons generic via filter on get_the_excerpt --><\/p>\n","protected":false},"featured_media":28246,"comment_status":"open","ping_status":"closed","template":"","meta":{"om_disable_all_campaigns":false,"_monsterinsights_skip_tracking":false,"_monsterinsights_sitenote_active":false,"_monsterinsights_sitenote_note":"","_monsterinsights_sitenote_category":0,"_uf_show_specific_survey":0,"_uf_disable_surveys":false},"product_brand":[1217],"product_cat":[240,757,1035],"product_tag":[1096,301,877,266,303,316,309,255,823,1036,727,281,337,749,744,1102,1038],"class_list":{"0":"post-11583","1":"product","2":"type-product","3":"status-publish","4":"has-post-thumbnail","6":"product_brand-ibags-belts","7":"product_cat-bolsos-bandoleras-de-cuero-artesanal","8":"product_cat-bolso-clutch","9":"product_cat-bolso-de-cuero-italiano","10":"product_tag-artesania","11":"product_tag-bandolera","12":"product_tag-bandoleras","13":"product_tag-bolso-bohemian-bolso-cuero-repujado-bolsos-cuero-retro-bolso-shopper-cuero-bolso-cuero-trenzado-bolso-cuero-troquelado","14":"product_tag-bolso-bohemian","15":"product_tag-bolso-cuero-con-tachuelas","16":"product_tag-bolso-cuero-mano","17":"product_tag-bolso-cuero-mujer","18":"product_tag-bolso-piel","19":"product_tag-bolso-piel-italiano","20":"product_tag-bolsos-bandoleras-cuero","21":"product_tag-bolso-bohemian-bolso-cuero-para-hombre-bolso-cuero-repujado-bolsos-cuero-retro-bolso-shopper-cuero-bolso-cuero-trenzado-bolso-cuero-troquelado-bolso-cuero-vaca-bolso-cuero-viaje-hombre","22":"product_tag-cinturon-cuero-tachas","23":"product_tag-clutch","24":"product_tag-estilo-bohochic","25":"product_tag-piel","26":"product_tag-piel-lavada","28":"first","29":"instock","30":"shipping-taxable","31":"purchasable","32":"product-type-simple","33":"add-to-wishlist-after_add_to_cart","34":"layout-style-1","35":"col-md-4 col-sm-4 col-xs-6","36":"col-lg-3","37":"product-has-gallery","38":"product-style-default"},"aioseo_notices":[],"_links":{"self":[{"href":"https:\/\/www.ibagsbelts.com\/tienda\/wp-json\/wp\/v2\/product\/11583","targetHints":{"allow":["GET"]}}],"collection":[{"href":"https:\/\/www.ibagsbelts.com\/tienda\/wp-json\/wp\/v2\/product"}],"about":[{"href":"https:\/\/www.ibagsbelts.com\/tienda\/wp-json\/wp\/v2\/types\/product"}],"replies":[{"embeddable":true,"href":"https:\/\/www.ibagsbelts.com\/tienda\/wp-json\/wp\/v2\/comments?post=11583"}],"wp:featuredmedia":[{"embeddable":true,"href":"https:\/\/www.ibagsbelts.com\/tienda\/wp-json\/wp\/v2\/media\/28246"}],"wp:attachment":[{"href":"https:\/\/www.ibagsbelts.com\/tienda\/wp-json\/wp\/v2\/media?parent=11583"}],"wp:term":[{"taxonomy":"product_brand","embeddable":true,"href":"https:\/\/www.ibagsbelts.com\/tienda\/wp-json\/wp\/v2\/product_brand?post=11583"},{"taxonomy":"product_cat","embeddable":true,"href":"https:\/\/www.ibagsbelts.com\/tienda\/wp-json\/wp\/v2\/product_cat?post=11583"},{"taxonomy":"product_tag","embeddable":true,"href":"https:\/\/www.ibagsbelts.com\/tienda\/wp-json\/wp\/v2\/product_tag?post=11583"}],"curies":[{"name":"wp","href":"https:\/\/api.w.org\/{rel}","templated":true}]}}