{"id":11634,"date":"2021-01-10T18:24:20","date_gmt":"2021-01-10T17:24:20","guid":{"rendered":"https:\/\/www.ibagsbelts.com\/tienda\/?post_type=product&#038;p=11634"},"modified":"2026-03-15T14:07:50","modified_gmt":"2026-03-15T13:07:50","slug":"cartera-billetera-con-tachuelas-de-piel-lavada-marron","status":"publish","type":"product","link":"https:\/\/www.ibagsbelts.com\/tienda\/producto\/cartera-billetera-con-tachuelas-de-piel-lavada-marron\/","title":{"rendered":"Cartera billetera con tachuelas de piel lavada marr\u00f3n Taylor"},"content":{"rendered":"<div class=\"flex-1 overflow-hidden\">\n<div class=\"react-scroll-to-bottom--css-pfsav-79elbk h-full\">\n<div class=\"react-scroll-to-bottom--css-pfsav-1n7m0yu\">\n<div class=\"flex flex-col text-sm pb-9\">\n<div class=\"w-full text-token-text-primary\" data-testid=\"conversation-turn-472\">\n<div class=\"px-4 py-2 justify-center text-base md:gap-6 m-auto\">\n<div class=\"flex flex-1 text-base mx-auto gap-3 md:px-5 lg:px-1 xl:px-5 md:max-w-3xl lg:max-w-[40rem] xl:max-w-[48rem] group final-completion\">\n<div class=\"relative flex w-full flex-col agent-turn\">\n<div class=\"flex-col gap-1 md:gap-3\">\n<div class=\"flex flex-grow flex-col max-w-full\">\n<div class=\"min-h-[20px] text-message flex flex-col items-start gap-3 whitespace-pre-wrap break-words [.text-message+&amp;]:mt-5 overflow-x-auto\" data-message-author-role=\"assistant\" data-message-id=\"4ba3f83f-0e69-4025-87ce-bb85638caf04\">\n<div class=\"markdown prose w-full break-words dark:prose-invert light\">\n<p style=\"text-align: left;\">\u00a1No te pierdas nuestra nueva cartera, billetera y tarjetero, todo en uno! Fabricada a mano con suave cuero italiano vintage y detallada con tachuelas de lat\u00f3n envejecido, esta pieza es el complemento perfecto para cualquier ocasi\u00f3n.<\/p>\n<p style=\"text-align: left;\">Con espacio suficiente para tu tel\u00e9fono celular y m\u00e1s, esta cartera es pr\u00e1ctica y elegante a la vez. Adem\u00e1s, cuenta con una correa de cuero para la mu\u00f1eca que se transforma en un bolso de mano ideal para una noche fuera o eventos especiales.<\/p>\n<p style=\"text-align: left;\">El cierre de cremallera garantiza la seguridad de tus pertenencias, mientras que los 12 bolsillos para tarjetas te permiten mantener todo organizado y accesible. Adem\u00e1s, un bolsillo de piel con cremallera en el centro, forrado en ante, es perfecto para guardar cambio y otros peque\u00f1os objetos.<\/p>\n<p style=\"text-align: left;\">Con detalles de tachuelas de lat\u00f3n envejecido que a\u00f1aden un toque de estilo, esta cartera es un accesorio imprescindible para cualquier persona con gusto por lo elegante y lo pr\u00e1ctico.<\/p>\n<p style=\"text-align: left;\">Hecho de cuero italiano lavado de alta calidad, esta cartera no solo es hermosa, sino tambi\u00e9n duradera y resistente al desgaste.<\/p>\n<p style=\"text-align: left;\">\u00a1No te pierdas la oportunidad de tener esta pieza \u00fanica en tu colecci\u00f3n!<\/p>\n<p style=\"text-align: left;\">Medidas: 22 cm x 10 cm x 4 cm.<\/p>\n<\/div>\n<\/div>\n<\/div>\n<\/div>\n<\/div>\n<\/div>\n<\/div>\n<\/div>\n<\/div>\n<\/div>\n<\/div>\n<\/div>\n<p style=\"text-align: left;\"><strong>Aviso importante<\/strong><\/p>\n<p style=\"text-align: left;\">Todos nuestros productos de cuero est\u00e1n hechos a mano y su nueva bolsa de cuero puede estar sujeta a una variaci\u00f3n natural en tama\u00f1o y color.<br \/>\nPara los tama\u00f1os, permita 1-2 cm difiere debido a la medida manual.<br \/>\nLas im\u00e1genes son 100% reales.<br \/>\nDebido al monitor del ordenador y el brillo real de la toma y otras razones, habr\u00e1 una cierta diferencia de color.<\/p>\n<!-- AddThis Advanced Settings generic via filter on the_content --><!-- AddThis Share Buttons generic via filter on the_content -->","protected":false},"excerpt":{"rendered":"<p>Fabricada a mano en suave cuero italiano vintage con detalles de tachuelas de lat\u00f3n envejecido, nuestra nueva cartera, billetera, tarjetero es lo suficientemente espaciosa para su tel\u00e9fono celular y tiene una correa de cuero para la mu\u00f1eca que sirve como bolso de mano para una salida nocturna.\u00a0Cierre de cremallera, 12 bolsillos para tarjetas. Bolsillo de piel con cremallera con interior de ante en el centro para cambio, etc.<\/p>\n<p>Correa de mu\u00f1eca de cuero. Detalles de tachuelas de lat\u00f3n envejecido.\u00a0Cuero:\u00a0\u00a0cuero italiano\u00a0lavado.\u00a0Medidas\u00a0 22 cm x 10 cm x 4 cm<\/p>\n<h5><b>\u00bfAlguna duda? Ponte en contacto con nosotros a trav\u00e9s del bot\u00f3n del chat directo por WhatsApp y te resolveremos las dudas al instante!<\/b><\/h5>\n<p><!-- AddThis Advanced Settings generic via filter on get_the_excerpt --><!-- AddThis Share Buttons generic via filter on get_the_excerpt --><\/p>\n","protected":false},"featured_media":19743,"comment_status":"open","ping_status":"closed","template":"","meta":{"om_disable_all_campaigns":false,"_monsterinsights_skip_tracking":false,"_monsterinsights_sitenote_active":false,"_monsterinsights_sitenote_note":"","_monsterinsights_sitenote_category":0,"_uf_show_specific_survey":0,"_uf_disable_surveys":false},"product_brand":[1217],"product_cat":[1301,757,1035,1299,1302,1303],"product_tag":[1135,881,316,823,1036,885,753,873,1102,1038,1037],"class_list":{"0":"post-11634","1":"product","2":"type-product","3":"status-publish","4":"has-post-thumbnail","6":"product_brand-ibags-belts","7":"product_cat-billeteras","8":"product_cat-bolso-clutch","9":"product_cat-bolso-de-cuero-italiano","10":"product_cat-carteras","11":"product_cat-monederos-largos","12":"product_cat-tarjeteros","13":"product_tag-accesorios-y-complementos","14":"product_tag-billetero","15":"product_tag-bolso-cuero-con-tachuelas","16":"product_tag-bolso-piel","17":"product_tag-bolso-piel-italiano","18":"product_tag-cartera","19":"product_tag-complementos-de-cuero","20":"product_tag-monedero","21":"product_tag-piel","22":"product_tag-piel-lavada","23":"product_tag-tarjetero","25":"first","26":"outofstock","27":"shipping-taxable","28":"purchasable","29":"product-type-simple","30":"add-to-wishlist-after_add_to_cart","31":"layout-style-1","32":"col-md-4 col-sm-4 col-xs-6","33":"col-lg-3","34":"product-has-gallery","35":"product-style-default"},"aioseo_notices":[],"_links":{"self":[{"href":"https:\/\/www.ibagsbelts.com\/tienda\/wp-json\/wp\/v2\/product\/11634","targetHints":{"allow":["GET"]}}],"collection":[{"href":"https:\/\/www.ibagsbelts.com\/tienda\/wp-json\/wp\/v2\/product"}],"about":[{"href":"https:\/\/www.ibagsbelts.com\/tienda\/wp-json\/wp\/v2\/types\/product"}],"replies":[{"embeddable":true,"href":"https:\/\/www.ibagsbelts.com\/tienda\/wp-json\/wp\/v2\/comments?post=11634"}],"wp:featuredmedia":[{"embeddable":true,"href":"https:\/\/www.ibagsbelts.com\/tienda\/wp-json\/wp\/v2\/media\/19743"}],"wp:attachment":[{"href":"https:\/\/www.ibagsbelts.com\/tienda\/wp-json\/wp\/v2\/media?parent=11634"}],"wp:term":[{"taxonomy":"product_brand","embeddable":true,"href":"https:\/\/www.ibagsbelts.com\/tienda\/wp-json\/wp\/v2\/product_brand?post=11634"},{"taxonomy":"product_cat","embeddable":true,"href":"https:\/\/www.ibagsbelts.com\/tienda\/wp-json\/wp\/v2\/product_cat?post=11634"},{"taxonomy":"product_tag","embeddable":true,"href":"https:\/\/www.ibagsbelts.com\/tienda\/wp-json\/wp\/v2\/product_tag?post=11634"}],"curies":[{"name":"wp","href":"https:\/\/api.w.org\/{rel}","templated":true}]}}