{"id":1168,"date":"2017-10-31T20:08:11","date_gmt":"2017-10-31T19:08:11","guid":{"rendered":"http:\/\/www.ibagsbelts.com\/?post_type=product&#038;p=1168"},"modified":"2026-03-15T21:28:35","modified_gmt":"2026-03-15T20:28:35","slug":"bandolera-de-cuero-con-sol-mirandela","status":"publish","type":"product","link":"https:\/\/www.ibagsbelts.com\/tienda\/producto\/bandolera-de-cuero-con-sol-mirandela\/","title":{"rendered":"Bandolera de cuero con sol Mirandela"},"content":{"rendered":"<p>\u00a1Estos modernos bolsos de cuero son ideales para tu d\u00eda a d\u00eda!<\/p>\n<p>Son espaciosos y sofisticados, con un compartimento que te permite guardar documentos, carpetas e incluso tu iPad, junto con todo lo que necesitas. El bolsillo posterior con cierre de cremallera a\u00f1ade una capa adicional de seguridad, y las tachas plateadas le dan un toque alegre y moderno.<\/p>\n<p>Estos bolsos son los compa\u00f1eros perfectos tanto para el trabajo como para tus actividades diarias. Adem\u00e1s, son un acierto total para quienes buscan un toque de moda rock. Su estilo vers\u00e1til y su dise\u00f1o funcional los convierten en una elecci\u00f3n perfecta para cualquier ocasi\u00f3n. \u00a1Lleva contigo la moda con estos incre\u00edbles bolsos de cuero!<\/p>\n<p style=\"text-align: left;\"><strong>Aviso importante<\/strong><\/p>\n<p style=\"text-align: left;\">Todos nuestros productos de cuero est\u00e1n hechos a mano y su nueva bolsa de cuero puede estar sujeta a una variaci\u00f3n natural en tama\u00f1o y color.<br \/>\nPara los tama\u00f1os, permita 1-2 cm difiere debido a la medida manual.<br \/>\nLas im\u00e1genes son 100% reales.<br \/>\nDebido al monitor del ordenador y el brillo real de la toma y otras razones, habr\u00e1 una cierta diferencia de color.<\/p>\n<p style=\"text-align: left;\">\n<!-- AddThis Advanced Settings generic via filter on the_content --><!-- AddThis Share Buttons generic via filter on the_content -->","protected":false},"excerpt":{"rendered":"<h2 style=\"text-align: center;\">Estos modernos bolsos de cuero son ideales para el d\u00eda cotidiano.<\/h2>\n<h3 style=\"text-align: center;\">Son espaciosos, sofisticados y gracias a su compartimento permiten guardar documentos, carpetas y ipad y todo lo que necesitas.\u00a0El bolsillo posterior con cierre de cremallera le da m\u00e1s seguridad. Sus tachas plateadas sin dudarlo le dan mucha alegr\u00eda.<\/h3>\n<h4 style=\"text-align: center;\">Sirven de acompa\u00f1antes perfectos tanto para el trabajo como para el d\u00eda a d\u00eda.\u00a0Totalmente un acierto como moda rock.<\/h4>\n<p style=\"text-align: center;\">Medidas: 38 cm X 33 cm X 15 cm<\/p>\n<h5 style=\"text-align: center;\"><b>\u00bfAlguna duda? Ponte en contacto con nosotros a trav\u00e9s del bot\u00f3n del chat directo por WhatsApp y te resolveremos las dudas al instante!<\/b><\/h5>\n<p><!-- AddThis Advanced Settings generic via filter on get_the_excerpt --><!-- AddThis Share Buttons generic via filter on get_the_excerpt --><\/p>\n","protected":false},"featured_media":10509,"comment_status":"open","ping_status":"closed","template":"","meta":{"om_disable_all_campaigns":false,"_monsterinsights_skip_tracking":false,"_monsterinsights_sitenote_active":false,"_monsterinsights_sitenote_note":"","_monsterinsights_sitenote_category":0,"_uf_show_specific_survey":0,"_uf_disable_surveys":false},"product_brand":[1217],"product_cat":[240,40,41],"product_tag":[1135,1096,301,266,305,315,329,255,326,302,744],"class_list":{"0":"post-1168","1":"product","2":"type-product","3":"status-publish","4":"has-post-thumbnail","6":"product_brand-ibags-belts","7":"product_cat-bolsos-bandoleras-de-cuero-artesanal","8":"product_cat-bolsos-de-hombro","9":"product_cat-shoppers","10":"product_tag-accesorios-y-complementos","11":"product_tag-artesania","12":"product_tag-bandolera","13":"product_tag-bolso-bohemian-bolso-cuero-repujado-bolsos-cuero-retro-bolso-shopper-cuero-bolso-cuero-trenzado-bolso-cuero-troquelado","14":"product_tag-bolso-cuero-artesanal","15":"product_tag-bolso-cuero-artesano","16":"product_tag-bolso-cuero-hippie","17":"product_tag-bolso-cuero-mujer","18":"product_tag-bolso-cuero-sol","19":"product_tag-bolsos-de-cuero","20":"product_tag-estilo-bohochic","22":"first","23":"instock","24":"featured","25":"shipping-taxable","26":"purchasable","27":"product-type-variable","28":"add-to-wishlist-after_add_to_cart","29":"layout-style-1","30":"col-md-4 col-sm-4 col-xs-6","31":"col-lg-3","32":"product-has-gallery","33":"product-style-default"},"aioseo_notices":[],"_links":{"self":[{"href":"https:\/\/www.ibagsbelts.com\/tienda\/wp-json\/wp\/v2\/product\/1168","targetHints":{"allow":["GET"]}}],"collection":[{"href":"https:\/\/www.ibagsbelts.com\/tienda\/wp-json\/wp\/v2\/product"}],"about":[{"href":"https:\/\/www.ibagsbelts.com\/tienda\/wp-json\/wp\/v2\/types\/product"}],"replies":[{"embeddable":true,"href":"https:\/\/www.ibagsbelts.com\/tienda\/wp-json\/wp\/v2\/comments?post=1168"}],"wp:featuredmedia":[{"embeddable":true,"href":"https:\/\/www.ibagsbelts.com\/tienda\/wp-json\/wp\/v2\/media\/10509"}],"wp:attachment":[{"href":"https:\/\/www.ibagsbelts.com\/tienda\/wp-json\/wp\/v2\/media?parent=1168"}],"wp:term":[{"taxonomy":"product_brand","embeddable":true,"href":"https:\/\/www.ibagsbelts.com\/tienda\/wp-json\/wp\/v2\/product_brand?post=1168"},{"taxonomy":"product_cat","embeddable":true,"href":"https:\/\/www.ibagsbelts.com\/tienda\/wp-json\/wp\/v2\/product_cat?post=1168"},{"taxonomy":"product_tag","embeddable":true,"href":"https:\/\/www.ibagsbelts.com\/tienda\/wp-json\/wp\/v2\/product_tag?post=1168"}],"curies":[{"name":"wp","href":"https:\/\/api.w.org\/{rel}","templated":true}]}}