{"id":11711,"date":"2021-01-10T23:53:04","date_gmt":"2021-01-10T22:53:04","guid":{"rendered":"https:\/\/www.ibagsbelts.com\/tienda\/?post_type=product&#038;p=11711"},"modified":"2026-03-15T13:58:06","modified_gmt":"2026-03-15T12:58:06","slug":"bolso-hobo-de-piel-lavada-negro","status":"publish","type":"product","link":"https:\/\/www.ibagsbelts.com\/tienda\/producto\/bolso-hobo-de-piel-lavada-negro\/","title":{"rendered":"Bolso hobo de piel lavada negro Lua"},"content":{"rendered":"<p>\u00a1No busques m\u00e1s! Nuestro bolso de piel italiana Hobo es la elecci\u00f3n perfecta para aquellos que buscan estilo y funcionalidad en un solo accesorio. Confeccionado con piel suave y holgada, este bolso ofrece la comodidad que necesitas para llevarlo contigo todos los d\u00edas del a\u00f1o.<\/p>\n<p>Su pr\u00e1ctico bolsillo frontal con cremallera te permite mantener tus elementos esenciales al alcance de la mano, mientras que el tama\u00f1o mediano garantiza que tengas suficiente espacio para todo lo que necesitas.<\/p>\n<p>Adem\u00e1s, los detalles de borlas a\u00f1aden un toque de estilo hippie chic que puedes disfrutar o quitar seg\u00fan tu preferencia. En el interior, encontrar\u00e1s un bolsillo con cremallera y dos bolsillos abiertos, perfectos para organizar tu tel\u00e9fono m\u00f3vil y otros objetos peque\u00f1os.<\/p>\n<p>Con una correa de piel suave ajustable, este bolso se puede llevar c\u00f3modamente en el hombro, como un totalizador o cruzado. \u00a1No esperes m\u00e1s para a\u00f1adir este vers\u00e1til y elegante bolso a tu colecci\u00f3n!<\/p>\n<p style=\"text-align: left;\"><strong>Aviso importante<\/strong><\/p>\n<p style=\"text-align: left;\">Todos nuestros productos de cuero est\u00e1n hechos a mano y su nueva bolsa de cuero puede estar sujeta a una variaci\u00f3n natural en tama\u00f1o y color.<br \/>\nPara los tama\u00f1os, permita 1-2 cm difiere debido a la medida manual.<br \/>\nLas im\u00e1genes son 100% reales.<br \/>\nDebido al monitor del ordenador y el brillo real de la toma y otras razones, habr\u00e1 una cierta diferencia de color.<\/p>\n<!-- AddThis Advanced Settings generic via filter on the_content --><!-- AddThis Share Buttons generic via filter on the_content -->","protected":false},"excerpt":{"rendered":"<h2>Nuestro Bolso de piel italiana.<\/h2>\n<p>Bolso y bandolera muy suave y holgado. El pr\u00e1ctico bolsillo frontal con cremallera mantiene sus elementos esenciales al alcance de la mano.\u00a0Perfecto tama\u00f1o mediano para todos los d\u00edas del a\u00f1o.<\/p>\n<p>Los detalles de borlas se pueden quitar o disfrutar del estilo hippie chic.\u00a0En el interior tiene un bolsillo con cremallera y 2 bolsillos abiertos perfectos para organizar el tel\u00e9fono m\u00f3vil.\u00a0Correa de piel suave ajustable. En el exterior: bolsillo frontal con cremallera y Detalles de borlas extra\u00edbles.<\/p>\n<p>Hombro. Totalizador. Desgaste cruzado. Ca\u00edda del mango: 23cm.<\/p>\n<p>Medidas: 36 cm largo x 9cm x 32 cm alto<\/p>\n<h5><strong>\u00bfAlguna duda? Ponte en contacto con nosotros a trav\u00e9s del bot\u00f3n del chat directo por whatsApp y te resolveremos las dudas al instante!<\/strong><\/h5>\n<p><!-- AddThis Advanced Settings generic via filter on get_the_excerpt --><!-- AddThis Share Buttons generic via filter on get_the_excerpt --><\/p>\n","protected":false},"featured_media":11714,"comment_status":"open","ping_status":"closed","template":"","meta":{"om_disable_all_campaigns":false,"_monsterinsights_skip_tracking":false,"_monsterinsights_sitenote_active":false,"_monsterinsights_sitenote_note":"","_monsterinsights_sitenote_category":0,"_uf_show_specific_survey":0,"_uf_disable_surveys":false},"product_brand":[1217],"product_cat":[240,382,1035,40],"product_tag":[301,877,737,266,303,1020,316,313,255,823,1036,727,302,281,744,1040,1038,1023],"class_list":{"0":"post-11711","1":"product","2":"type-product","3":"status-publish","4":"has-post-thumbnail","6":"product_brand-ibags-belts","7":"product_cat-bolsos-bandoleras-de-cuero-artesanal","8":"product_cat-bowling","9":"product_cat-bolso-de-cuero-italiano","10":"product_cat-bolsos-de-hombro","11":"product_tag-bandolera","12":"product_tag-bandoleras","13":"product_tag-bohochic","14":"product_tag-bolso-bohemian-bolso-cuero-repujado-bolsos-cuero-retro-bolso-shopper-cuero-bolso-cuero-trenzado-bolso-cuero-troquelado","15":"product_tag-bolso-bohemian","16":"product_tag-bolso-boho","17":"product_tag-bolso-cuero-con-tachuelas","18":"product_tag-bolso-cuero-hecho-a-mano","19":"product_tag-bolso-cuero-mujer","20":"product_tag-bolso-piel","21":"product_tag-bolso-piel-italiano","22":"product_tag-bolsos-bandoleras-cuero","23":"product_tag-bolsos-de-cuero","24":"product_tag-bolso-bohemian-bolso-cuero-para-hombre-bolso-cuero-repujado-bolsos-cuero-retro-bolso-shopper-cuero-bolso-cuero-trenzado-bolso-cuero-troquelado-bolso-cuero-vaca-bolso-cuero-viaje-hombre","25":"product_tag-estilo-bohochic","26":"product_tag-hobo","27":"product_tag-piel-lavada","28":"product_tag-tote","30":"first","31":"instock","32":"shipping-taxable","33":"purchasable","34":"product-type-simple","35":"add-to-wishlist-after_add_to_cart","36":"layout-style-1","37":"col-md-4 col-sm-4 col-xs-6","38":"col-lg-3","39":"product-has-gallery","40":"product-style-default"},"aioseo_notices":[],"_links":{"self":[{"href":"https:\/\/www.ibagsbelts.com\/tienda\/wp-json\/wp\/v2\/product\/11711","targetHints":{"allow":["GET"]}}],"collection":[{"href":"https:\/\/www.ibagsbelts.com\/tienda\/wp-json\/wp\/v2\/product"}],"about":[{"href":"https:\/\/www.ibagsbelts.com\/tienda\/wp-json\/wp\/v2\/types\/product"}],"replies":[{"embeddable":true,"href":"https:\/\/www.ibagsbelts.com\/tienda\/wp-json\/wp\/v2\/comments?post=11711"}],"wp:featuredmedia":[{"embeddable":true,"href":"https:\/\/www.ibagsbelts.com\/tienda\/wp-json\/wp\/v2\/media\/11714"}],"wp:attachment":[{"href":"https:\/\/www.ibagsbelts.com\/tienda\/wp-json\/wp\/v2\/media?parent=11711"}],"wp:term":[{"taxonomy":"product_brand","embeddable":true,"href":"https:\/\/www.ibagsbelts.com\/tienda\/wp-json\/wp\/v2\/product_brand?post=11711"},{"taxonomy":"product_cat","embeddable":true,"href":"https:\/\/www.ibagsbelts.com\/tienda\/wp-json\/wp\/v2\/product_cat?post=11711"},{"taxonomy":"product_tag","embeddable":true,"href":"https:\/\/www.ibagsbelts.com\/tienda\/wp-json\/wp\/v2\/product_tag?post=11711"}],"curies":[{"name":"wp","href":"https:\/\/api.w.org\/{rel}","templated":true}]}}