{"id":1176,"date":"2017-10-31T20:12:31","date_gmt":"2017-10-31T19:12:31","guid":{"rendered":"http:\/\/www.ibagsbelts.com\/?post_type=product&#038;p=1176"},"modified":"2026-03-15T21:28:04","modified_gmt":"2026-03-15T20:28:04","slug":"bolso-de-viajes-mini-chaves","status":"publish","type":"product","link":"https:\/\/www.ibagsbelts.com\/tienda\/producto\/bolso-de-viajes-mini-chaves\/","title":{"rendered":"Bolso de viaje mini CHAVES"},"content":{"rendered":"<p style=\"text-align: left;\">Una bolsa de viaje para salir un fin de semana que tambi\u00e9n se puede transformar en una bolsa de ocio.<\/p>\n<p style=\"text-align: left;\">La bolsa de viaje est\u00e1 fabricado de cuero de vaca con un procesado de alta calidad, por su elegancia cl\u00e1sica y su versatilidad.<\/p>\n<p style=\"text-align: left;\">Por lo que es adecuado tanto como un compa\u00f1ero para el pr\u00f3ximo fin de semana, tanto como para ir al gimnasio.<\/p>\n<p style=\"text-align: left;\">El amplio compartimento interior se puede encontrar un mont\u00f3n de espacio para tus cosas, como la ropa de vacaciones, de deporte, o los zapatos.<\/p>\n<p style=\"text-align: left;\">A pesar que es un asistente de vuelos, la bolsa puede ser utilizada para todas las ocasiones f\u00e1cilmente. Y no s\u00f3lo te impresionar\u00e1 por su generoso espacio, sino por su gran apariencia.<\/p>\n<p style=\"text-align: left;\">El cuero brilla en una exitosa mezcla de elegancia cl\u00e1sica, junto con un toque vintage, que hace que la bolsa sea un accesorio individual el cu\u00e1l todo el mundo querr\u00e1 tener.<\/p>\n<p style=\"text-align: left;\"><strong>Aviso importante<\/strong><\/p>\n<p style=\"text-align: left;\">Todos nuestros productos de cuero est\u00e1n hechos a mano y su nueva bolsa de cuero puede estar sujeta a una variaci\u00f3n natural en tama\u00f1o y color.<br \/>\nPara los tama\u00f1os, permita 1-2 cm difiere debido a la medida manual.<br \/>\nLas im\u00e1genes son 100% reales.<br \/>\nDebido al monitor del ordenador y el brillo real de la toma y otras razones, habr\u00e1 una cierta diferencia de color.<\/p>\n<p>\u00a0<\/p>\n<!-- AddThis Advanced Settings generic via filter on the_content --><!-- AddThis Share Buttons generic via filter on the_content -->","protected":false},"excerpt":{"rendered":"<h5 style=\"text-align: center;\">Una bolsa de viaje para salir un fin de semana que tambi\u00e9n se puede transformar en una bolsa de ocio.<\/h5>\n<h5 style=\"text-align: center;\">La bolsa de viaje est\u00e1 fabricado de cuero de vaca con un procesado de alta calidad, por su elegancia cl\u00e1sica y su versatilidad.<\/h5>\n<h5 style=\"text-align: center;\">Por lo que es adecuado tanto como un compa\u00f1ero para el pr\u00f3ximo fin de semana, tanto como para ir al gimnasio.<\/h5>\n<h5 style=\"text-align: center;\">El amplio compartimento interior se puede encontrar un mont\u00f3n de espacio para tus cosas, como la ropa de vacaciones, de deporte, o los zapatos. A pesar que es un asistente de vuelos, la bolsa puede ser utilizada para todas las ocasiones f\u00e1cilmente.<\/h5>\n<h5 style=\"text-align: center;\">Y no s\u00f3lo te impresionar\u00e1 por su generoso espacio, sino por su gran apariencia.<\/h5>\n<div class=\"woocommerce-product-details__short-description\">\n<h4><strong>\u00bfAlguna duda? Ponte en contacto con nosotros a trav\u00e9s del bot\u00f3n del chat directo por whatsapp y te resolveremos las dudas al instante!<\/strong><\/h4>\n<\/div>\n<p>&nbsp;<!-- AddThis Advanced Settings generic via filter on get_the_excerpt --><!-- AddThis Share Buttons generic via filter on get_the_excerpt --><\/p>\n","protected":false},"featured_media":1178,"comment_status":"open","ping_status":"closed","template":"","meta":{"om_disable_all_campaigns":false,"_monsterinsights_skip_tracking":false,"_monsterinsights_sitenote_active":false,"_monsterinsights_sitenote_note":"","_monsterinsights_sitenote_category":0,"_uf_show_specific_survey":0,"_uf_disable_surveys":false},"product_brand":[1217],"product_cat":[242],"product_tag":[301,877,266,299,305,315,313,330,353,319,1111,279],"class_list":{"0":"post-1176","1":"product","2":"type-product","3":"status-publish","4":"has-post-thumbnail","6":"product_brand-ibags-belts","7":"product_cat-bolsos-de-viaje","8":"product_tag-bandolera","9":"product_tag-bandoleras","10":"product_tag-bolso-bohemian-bolso-cuero-repujado-bolsos-cuero-retro-bolso-shopper-cuero-bolso-cuero-trenzado-bolso-cuero-troquelado","11":"product_tag-bolso-cuero","12":"product_tag-bolso-cuero-artesanal","13":"product_tag-bolso-cuero-artesano","14":"product_tag-bolso-cuero-hecho-a-mano","15":"product_tag-bolso-cuero-viaje","16":"product_tag-bolso-de-viaje-marroqui","17":"product_tag-bolso-viaje-cuero-marron","18":"product_tag-gym","19":"product_tag-bolso-cuero-artesanal-hombre-bolso-cuero-boho-bolso-cuero-con-tachuelas-bolsos-cuero-caballero-bolso-cuero-de-hombre-bolso-cuero-de-viaje-bolso-cuero-de-vaca","21":"first","22":"outofstock","23":"shipping-taxable","24":"product-type-variable","25":"add-to-wishlist-after_add_to_cart","26":"layout-style-1","27":"col-md-4 col-sm-4 col-xs-6","28":"col-lg-3","29":"product-has-gallery","30":"product-style-default"},"aioseo_notices":[],"_links":{"self":[{"href":"https:\/\/www.ibagsbelts.com\/tienda\/wp-json\/wp\/v2\/product\/1176","targetHints":{"allow":["GET"]}}],"collection":[{"href":"https:\/\/www.ibagsbelts.com\/tienda\/wp-json\/wp\/v2\/product"}],"about":[{"href":"https:\/\/www.ibagsbelts.com\/tienda\/wp-json\/wp\/v2\/types\/product"}],"replies":[{"embeddable":true,"href":"https:\/\/www.ibagsbelts.com\/tienda\/wp-json\/wp\/v2\/comments?post=1176"}],"wp:featuredmedia":[{"embeddable":true,"href":"https:\/\/www.ibagsbelts.com\/tienda\/wp-json\/wp\/v2\/media\/1178"}],"wp:attachment":[{"href":"https:\/\/www.ibagsbelts.com\/tienda\/wp-json\/wp\/v2\/media?parent=1176"}],"wp:term":[{"taxonomy":"product_brand","embeddable":true,"href":"https:\/\/www.ibagsbelts.com\/tienda\/wp-json\/wp\/v2\/product_brand?post=1176"},{"taxonomy":"product_cat","embeddable":true,"href":"https:\/\/www.ibagsbelts.com\/tienda\/wp-json\/wp\/v2\/product_cat?post=1176"},{"taxonomy":"product_tag","embeddable":true,"href":"https:\/\/www.ibagsbelts.com\/tienda\/wp-json\/wp\/v2\/product_tag?post=1176"}],"curies":[{"name":"wp","href":"https:\/\/api.w.org\/{rel}","templated":true}]}}