{"id":11776,"date":"2021-01-11T20:17:23","date_gmt":"2021-01-11T19:17:23","guid":{"rendered":"https:\/\/www.ibagsbelts.com\/tienda\/?post_type=product&#038;p=11776"},"modified":"2026-03-15T13:55:19","modified_gmt":"2026-03-15T12:55:19","slug":"bolso-shopper-trenzado-de-piel-lavada-mostaza","status":"publish","type":"product","link":"https:\/\/www.ibagsbelts.com\/tienda\/producto\/bolso-shopper-trenzado-de-piel-lavada-mostaza\/","title":{"rendered":"Bolso shopper trenzado de piel lavada mostaza Beatrice"},"content":{"rendered":"<p style=\"text-align: left;\">\u00a1Hazte con este espectacular bolso bandolera Shopper trenzado y lleva contigo el estilo italiano a todas partes! Confeccionado a mano con exclusiva piel de Italia vintage, este tote es una aut\u00e9ntica obra de arte que querr\u00e1s lucir en todo momento.<\/p>\n<p style=\"text-align: left;\">Ya sea para tu d\u00eda de compras o para una escapada de fin de semana, este bolso shopper te ofrece el espacio y la comodidad que necesitas para llevar todos tus art\u00edculos esenciales. Su dise\u00f1o suave y holgado, junto con las dos asas superiores de cuero liso y la correa de cuero suave ajustable, hacen que sea f\u00e1cil de llevar y muy vers\u00e1til.<\/p>\n<p style=\"text-align: left;\">En su interior, encontrar\u00e1s un forro de algod\u00f3n lavado y un amplio bolsillo seguro con cremallera, as\u00ed como dos bolsillos abiertos para tener tus objetos personales siempre a mano. Fabricado con cuero tejido italiano vintage lavado suave, este bolso es sin\u00f3nimo de calidad y estilo.<\/p>\n<p style=\"text-align: left;\">Adem\u00e1s, se incluye una correa de piel ajustable para llevarlo como bandolera, haci\u00e9ndolo a\u00fan m\u00e1s pr\u00e1ctico y funcional. Ya sea como tote, shopper o cruzado, este bolso es perfecto para cualquier ocasi\u00f3n.<\/p>\n<p style=\"text-align: left;\">No te pierdas la oportunidad de a\u00f1adir este impresionante bolso a tu colecci\u00f3n de accesorios. Con unas medidas de 40cm \u00d7 20 cm \u00d7 36 cm y una ca\u00edda del mango de 16 cm, es el compa\u00f1ero perfecto para tus aventuras diarias.<\/p>\n<p style=\"text-align: left;\">\u00a1Hazte con el tuyo y lleva el estilo italiano a todas partes!<\/p>\n<p style=\"text-align: left;\">Medidas: 40cm \u00d7 20 cm \u00d7 36 cm. Ca\u00edda del mango 16 cm.<\/p>\n<div class=\"woocommerce-tabs wc-tabs-wrapper\">\n<div id=\"tab-description\" class=\"woocommerce-Tabs-panel woocommerce-Tabs-panel--description panel entry-content wc-tab\" role=\"tabpanel\" aria-labelledby=\"tab-title-description\">\n<div class=\"container\">\n<p style=\"text-align: left;\"><strong>Aviso importante<\/strong><\/p>\n<p style=\"text-align: left;\">Todos nuestros productos de cuero est\u00e1n hechos a mano y su nueva bolsa de cuero puede estar sujeta a una variaci\u00f3n natural en tama\u00f1o y color.<br \/>\nPara los tama\u00f1os, permita 1-2 cm difiere debido a la medida manual.<br \/>\nLas im\u00e1genes son 100% reales.<br \/>\nDebido al monitor del ordenador y el brillo real de la toma y otras razones, habr\u00e1 una cierta diferencia de color.<\/p>\n<\/div>\n<\/div>\n<\/div>\n<!-- AddThis Advanced Settings generic via filter on the_content --><!-- AddThis Share Buttons generic via filter on the_content -->","protected":false},"excerpt":{"rendered":"<p>Confeccionado a mano en exclusiva piel de Italia vintage suave como la mantequilla y lavado a mano en\u00a0 colores impresionantes, este tote es un aut\u00e9ntico bolso italiano que querr\u00e1s llevar a todas partes.<\/p>\n<p>Ll\u00e9vatelo en tu d\u00eda de compras o una escapada de fin de semana completa de art\u00edculos esenciales en nuestro impresionante bolso shopper de cuero tejido a mano con un dise\u00f1o suave y holgado.\u00a0Dos asas superiores de cuero liso y se incluye una correa de cuero suave ajustable.\u00a0En su interior forrado con algod\u00f3n lavado. Bolsillo grande y seguro con cremallera y 2 bolsillos abiertos para tel\u00e9fono celular y elementos esenciales de f\u00e1cil acceso.<\/p>\n<p>Cuero tejido italiano vintage lavado suave. Correa de piel ajustable incluida.\u00a0Tote \/ Shopper.\u00a0Crossbody.\u00a0Desgaste del hombro.\u00a0Medidas:\u00a0 40 cm \u00d7 20 cm \u00d7 36 cm.\u00a0 Ca\u00edda del mango 16 cm<\/p>\n<h5><strong>\u00bfAlguna duda? Ponte en contacto con nosotros a trav\u00e9s del bot\u00f3n del chat directo por whatsApp y te resolveremos las dudas al instante!<\/strong><\/h5>\n<p><!-- AddThis Advanced Settings generic via filter on get_the_excerpt --><!-- AddThis Share Buttons generic via filter on get_the_excerpt --><\/p>\n","protected":false},"featured_media":20068,"comment_status":"open","ping_status":"closed","template":"","meta":{"om_disable_all_campaigns":false,"_monsterinsights_skip_tracking":false,"_monsterinsights_sitenote_active":false,"_monsterinsights_sitenote_note":"","_monsterinsights_sitenote_category":0,"_uf_show_specific_survey":0,"_uf_disable_surveys":false},"product_brand":[1217],"product_cat":[240,757,1035,41],"product_tag":[1096,301,877,736,737,303,1020,268,313,255,823,1036,784,727,281,744,746,1102,1038,263,1023],"class_list":{"0":"post-11776","1":"product","2":"type-product","3":"status-publish","4":"has-post-thumbnail","6":"product_brand-ibags-belts","7":"product_cat-bolsos-bandoleras-de-cuero-artesanal","8":"product_cat-bolso-clutch","9":"product_cat-bolso-de-cuero-italiano","10":"product_cat-shoppers","11":"product_tag-artesania","12":"product_tag-bandolera","13":"product_tag-bandoleras","14":"product_tag-boho","15":"product_tag-bohochic","16":"product_tag-bolso-bohemian","17":"product_tag-bolso-boho","18":"product_tag-bolso-cuero-boho-bolso-cuero-con-tachuelas-bolsos-cuero-caballero-bolso-cuero-de-hombre-bolso-cuero-de-viaje-bolso-cuero-de-vaca-bolso-de-cuero-artesanal-bolso-de-cuero","19":"product_tag-bolso-cuero-hecho-a-mano","20":"product_tag-bolso-cuero-mujer","21":"product_tag-bolso-piel","22":"product_tag-bolso-piel-italiano","23":"product_tag-bolso-trenzados","24":"product_tag-bolsos-bandoleras-cuero","25":"product_tag-bolso-bohemian-bolso-cuero-para-hombre-bolso-cuero-repujado-bolsos-cuero-retro-bolso-shopper-cuero-bolso-cuero-trenzado-bolso-cuero-troquelado-bolso-cuero-vaca-bolso-cuero-viaje-hombre","26":"product_tag-estilo-bohochic","27":"product_tag-estilo-hippiechic","28":"product_tag-piel","29":"product_tag-piel-lavada","30":"product_tag-bolso-cuero-artesanal-bolso-cuero-artesanal-hombre-bolso-cuero-boho-bolso-cuero-con-tachuelas-bolsos-cuero-caballero-bolso-cuero-de-hombre-bolso-cuero-de-viaje","31":"product_tag-tote","33":"first","34":"outofstock","35":"shipping-taxable","36":"purchasable","37":"product-type-simple","38":"add-to-wishlist-after_add_to_cart","39":"layout-style-1","40":"col-md-4 col-sm-4 col-xs-6","41":"col-lg-3","42":"product-has-gallery","43":"product-style-default"},"aioseo_notices":[],"_links":{"self":[{"href":"https:\/\/www.ibagsbelts.com\/tienda\/wp-json\/wp\/v2\/product\/11776","targetHints":{"allow":["GET"]}}],"collection":[{"href":"https:\/\/www.ibagsbelts.com\/tienda\/wp-json\/wp\/v2\/product"}],"about":[{"href":"https:\/\/www.ibagsbelts.com\/tienda\/wp-json\/wp\/v2\/types\/product"}],"replies":[{"embeddable":true,"href":"https:\/\/www.ibagsbelts.com\/tienda\/wp-json\/wp\/v2\/comments?post=11776"}],"wp:featuredmedia":[{"embeddable":true,"href":"https:\/\/www.ibagsbelts.com\/tienda\/wp-json\/wp\/v2\/media\/20068"}],"wp:attachment":[{"href":"https:\/\/www.ibagsbelts.com\/tienda\/wp-json\/wp\/v2\/media?parent=11776"}],"wp:term":[{"taxonomy":"product_brand","embeddable":true,"href":"https:\/\/www.ibagsbelts.com\/tienda\/wp-json\/wp\/v2\/product_brand?post=11776"},{"taxonomy":"product_cat","embeddable":true,"href":"https:\/\/www.ibagsbelts.com\/tienda\/wp-json\/wp\/v2\/product_cat?post=11776"},{"taxonomy":"product_tag","embeddable":true,"href":"https:\/\/www.ibagsbelts.com\/tienda\/wp-json\/wp\/v2\/product_tag?post=11776"}],"curies":[{"name":"wp","href":"https:\/\/api.w.org\/{rel}","templated":true}]}}