{"id":11806,"date":"2021-01-11T22:16:19","date_gmt":"2021-01-11T21:16:19","guid":{"rendered":"https:\/\/www.ibagsbelts.com\/tienda\/?post_type=product&#038;p=11806"},"modified":"2026-03-15T13:51:45","modified_gmt":"2026-03-15T12:51:45","slug":"bolso-tipo-mochila-convertible-de-piel-lavada-negro","status":"publish","type":"product","link":"https:\/\/www.ibagsbelts.com\/tienda\/producto\/bolso-tipo-mochila-convertible-de-piel-lavada-negro\/","title":{"rendered":"Bolso tipo mochila convertible de piel lavada en negro Oliver"},"content":{"rendered":"<p style=\"text-align: left;\">\u00a1Hazte con esta incre\u00edble mochila de piel italiana vintage lavada suave y a\u00f1ade un toque de estilo a tu d\u00eda a d\u00eda! Con un dise\u00f1o vers\u00e1til y funcional, esta mochila te ofrece la comodidad y el espacio que necesitas para llevar todas tus pertenencias de manera segura y organizada.<\/p>\n<p style=\"text-align: left;\">El elegante cierre de cremallera y clip de seguridad plegable garantiza que tus pertenencias est\u00e9n protegidas en todo momento. Adem\u00e1s, su dise\u00f1o vers\u00e1til te permite llevarla como una c\u00f3moda mochila, una pr\u00e1ctica bandolera o un elegante bolso\/bandolera, adapt\u00e1ndose a tus necesidades y estilo.<\/p>\n<p style=\"text-align: left;\">Equipada con dos correas de cuero suave ajustables y extra\u00edbles, esta mochila ofrece un ajuste perfecto y c\u00f3modo para cualquier ocasi\u00f3n. El cierre plegable con clip y cremallera a\u00f1ade un toque de seguridad adicional, mientras que el bolsillo grande con cremallera en la parte posterior te permite tener tus art\u00edculos m\u00e1s importantes al alcance de la mano.<\/p>\n<p style=\"text-align: left;\">En el interior, encontrar\u00e1s un amplio bolsillo con cremallera y dos bolsillos abiertos, perfectos para organizar tu tel\u00e9fono celular y otros objetos personales. Fabricada con cuero italiano vintage s\u00faper suave y lavado a mantequilla, esta mochila es sin\u00f3nimo de calidad y estilo.<\/p>\n<p style=\"text-align: left;\">No te pierdas la oportunidad de a\u00f1adir esta impresionante mochila a tu colecci\u00f3n de accesorios. Con unas medidas de 36 \u00d7 13 \u00d7 37 cm y una ca\u00edda del mango de 10 cm,<\/p>\n<p style=\"text-align: left;\"><strong>Aviso importante<\/strong><\/p>\n<p style=\"text-align: left;\">Todos nuestros productos de cuero est\u00e1n hechos a mano y su nueva bolsa de cuero puede estar sujeta a una variaci\u00f3n natural en tama\u00f1o y color.<br \/>\nPara los tama\u00f1os, permita 1-2 cm difiere debido a la medida manual.<br \/>\nLas im\u00e1genes son 100% reales.<br \/>\nDebido al monitor del ordenador y el brillo real de la toma y otras razones, habr\u00e1 una cierta diferencia de color.<\/p>\n<!-- AddThis Advanced Settings generic via filter on the_content --><!-- AddThis Share Buttons generic via filter on the_content -->","protected":false},"excerpt":{"rendered":"<p class=\"p1\" style=\"text-align: left;\">La mochila est\u00e1 hecha a mano con piel italiana vintage lavado suave con un elegante cierre de cremallera y clip de seguridad plegable.<\/p>\n<p class=\"p1\" style=\"text-align: left;\">Dise\u00f1o vers\u00e1til que permite llevar como una c\u00f3moda y generosa mochila, bandolera o bolso\/bandolera.\u00a0Con dos correas de cuero suave ajustables extra\u00edbles.\u00a0Cierre plegable, con clip y cremallera.\u00a0En el exterior un bolsillo grande con cremallera ubicado en la parte posterior para asegurar los art\u00edculos que necesita al alcance de la mano.\u00a0Y en el interior un bolsillo grande con cremallera y dos bolsillos abiertos perfectos para el tel\u00e9fono celular y la organizaci\u00f3n.<\/p>\n<p style=\"text-align: left;\">Cuero italiano vintage s\u00faper suave, lavado a mantequilla.\u00a0Medidas: 36 \u00d7 13 \u00d7 37 cm. Ca\u00edda del mango: 10 cm.<\/p>\n<h5 style=\"text-align: center;\"><strong>\u00bfAlguna duda? Ponte en contacto con nosotros a trav\u00e9s del bot\u00f3n del chat directo por whatsApp y te resolveremos las dudas al instante!<\/strong><\/h5>\n<p><!-- AddThis Advanced Settings generic via filter on get_the_excerpt --><!-- AddThis Share Buttons generic via filter on get_the_excerpt --><\/p>\n","protected":false},"featured_media":11807,"comment_status":"open","ping_status":"closed","template":"","meta":{"om_disable_all_campaigns":false,"_monsterinsights_skip_tracking":false,"_monsterinsights_sitenote_active":false,"_monsterinsights_sitenote_note":"","_monsterinsights_sitenote_category":0,"_uf_show_specific_survey":0,"_uf_disable_surveys":false},"product_brand":[1217],"product_cat":[240,757,1035,985],"product_tag":[301,877,266,823,1036,727,281,275,310,1099,347,354,1136,1100,325,304,1038],"class_list":{"0":"post-11806","1":"product","2":"type-product","3":"status-publish","4":"has-post-thumbnail","6":"product_brand-ibags-belts","7":"product_cat-bolsos-bandoleras-de-cuero-artesanal","8":"product_cat-bolso-clutch","9":"product_cat-bolso-de-cuero-italiano","10":"product_cat-mochilas-grandes","11":"product_tag-bandolera","12":"product_tag-bandoleras","13":"product_tag-bolso-bohemian-bolso-cuero-repujado-bolsos-cuero-retro-bolso-shopper-cuero-bolso-cuero-trenzado-bolso-cuero-troquelado","14":"product_tag-bolso-piel","15":"product_tag-bolso-piel-italiano","16":"product_tag-bolsos-bandoleras-cuero","17":"product_tag-bolso-bohemian-bolso-cuero-para-hombre-bolso-cuero-repujado-bolsos-cuero-retro-bolso-shopper-cuero-bolso-cuero-trenzado-bolso-cuero-troquelado-bolso-cuero-vaca-bolso-cuero-viaje-hombre","18":"product_tag-mochila-de-cuero-para-hombre-bolso-de-cuero-para-mujer-bolso-de-cuero-hecho-a-mano-bolso-cuero-grabado-bolso-cuero-hombre-artesanal-bolso-cuero-hecho-a-mano-bolsos-cuero-y-kilim","19":"product_tag-mochila-cuero","20":"product_tag-mochila-heavy","21":"product_tag-mochila-hecho-a-mano","22":"product_tag-mochila-moto-cuero","23":"product_tag-mochila-piel","24":"product_tag-mochila-rock","25":"product_tag-mochilas","26":"product_tag-mochilas-cuero-con-cremalleras","27":"product_tag-piel-lavada","29":"first","30":"instock","31":"shipping-taxable","32":"purchasable","33":"product-type-simple","34":"add-to-wishlist-after_add_to_cart","35":"layout-style-1","36":"col-md-4 col-sm-4 col-xs-6","37":"col-lg-3","38":"product-has-gallery","39":"product-style-default"},"aioseo_notices":[],"_links":{"self":[{"href":"https:\/\/www.ibagsbelts.com\/tienda\/wp-json\/wp\/v2\/product\/11806","targetHints":{"allow":["GET"]}}],"collection":[{"href":"https:\/\/www.ibagsbelts.com\/tienda\/wp-json\/wp\/v2\/product"}],"about":[{"href":"https:\/\/www.ibagsbelts.com\/tienda\/wp-json\/wp\/v2\/types\/product"}],"replies":[{"embeddable":true,"href":"https:\/\/www.ibagsbelts.com\/tienda\/wp-json\/wp\/v2\/comments?post=11806"}],"wp:featuredmedia":[{"embeddable":true,"href":"https:\/\/www.ibagsbelts.com\/tienda\/wp-json\/wp\/v2\/media\/11807"}],"wp:attachment":[{"href":"https:\/\/www.ibagsbelts.com\/tienda\/wp-json\/wp\/v2\/media?parent=11806"}],"wp:term":[{"taxonomy":"product_brand","embeddable":true,"href":"https:\/\/www.ibagsbelts.com\/tienda\/wp-json\/wp\/v2\/product_brand?post=11806"},{"taxonomy":"product_cat","embeddable":true,"href":"https:\/\/www.ibagsbelts.com\/tienda\/wp-json\/wp\/v2\/product_cat?post=11806"},{"taxonomy":"product_tag","embeddable":true,"href":"https:\/\/www.ibagsbelts.com\/tienda\/wp-json\/wp\/v2\/product_tag?post=11806"}],"curies":[{"name":"wp","href":"https:\/\/api.w.org\/{rel}","templated":true}]}}