{"id":12255,"date":"2021-03-06T11:37:42","date_gmt":"2021-03-06T10:37:42","guid":{"rendered":"https:\/\/www.ibagsbelts.com\/tienda\/?post_type=product&#038;p=12255"},"modified":"2026-03-15T13:32:41","modified_gmt":"2026-03-15T12:32:41","slug":"pulsera-de-cuero-ancha-e2","status":"publish","type":"product","link":"https:\/\/www.ibagsbelts.com\/tienda\/producto\/pulsera-de-cuero-ancha-e2\/","title":{"rendered":"Pulsera de cuero ancha E2"},"content":{"rendered":"<p>Pulsera es de cuero de vaca ancha de 5 cm con apliques de metal o tachas, cierre de hebilla es un complemento para tu look.<\/p>\n<div>Es un producto de gran calidad, tanto por el tipo de cuero como por la fornitura escogida es resistible al agua.<\/div>\n<div>La piel es un producto natural y como tal, usted puede nutrirla con cualquier crema neutra e incolora<\/div>\n<div>(pero lo aconsejable es la grasa de caballo).<\/div>\n<div>Para saber la medida de tu talla deber\u00e1s medir el contorno o circunferencia<br \/>\nde tu mu\u00f1eca y a\u00f1adirle de 1 cm a 2 cm seg\u00fan\u00a0si quieres que te quede m\u00e1s justa o que est\u00e9 m\u00e1s suelta.<\/div>\n<p>Puedes completar con un cintur\u00f3n y un bolso de nuestra gran colecci\u00f3n<\/p>\n<!-- AddThis Advanced Settings generic via filter on the_content --><!-- AddThis Share Buttons generic via filter on the_content -->","protected":false},"excerpt":{"rendered":"<p>Pulsera es de cuero de vaca ancha de 5cm con apliques de metal o tachas, cierre de hebilla es un complemento para tu look.<\/p>\n<div>Es un producto de gran calidad, tanto por el tipo de cuero como por la fornitura escogida es resistible al agua.<\/div>\n<div>La piel es un producto natural y como tal, usted puede nutrirla con cualquier crema neutra e incolora<\/div>\n<div>(pero lo aconsejable es la grasa de caballo).<\/div>\n<div>Para saber la medida de tu talla deber\u00e1s medir el contorno o circunferencia<br \/>\nde tu mu\u00f1eca y a\u00f1adirle de 1 cm a 2 cm seg\u00fan\u00a0si quieres que te quede m\u00e1s justa o que est\u00e9 m\u00e1s suelta.<\/div>\n<p>Puedes completar con un cintur\u00f3n y un bolso de nuestra gran colecci\u00f3n<\/p>\n<h5><strong>\u00bfAlguna duda? Ponte en contacto con nosotros a trav\u00e9s del bot\u00f3n del chat directo por whatsapp y te resolveremos las dudas al instante!<\/strong><\/h5>\n<p><!-- AddThis Advanced Settings generic via filter on get_the_excerpt --><!-- AddThis Share Buttons generic via filter on get_the_excerpt --><\/p>\n","protected":false},"featured_media":12210,"comment_status":"open","ping_status":"closed","template":"","meta":{"om_disable_all_campaigns":false,"_monsterinsights_skip_tracking":false,"_monsterinsights_sitenote_active":false,"_monsterinsights_sitenote_note":"","_monsterinsights_sitenote_category":0,"_uf_show_specific_survey":0,"_uf_disable_surveys":false},"product_brand":[1217],"product_cat":[955],"product_tag":[905,752,753,821],"class_list":{"0":"post-12255","1":"product","2":"type-product","3":"status-publish","4":"has-post-thumbnail","6":"product_brand-ibags-belts","7":"product_cat-pulsera","8":"product_tag-casual","9":"product_tag-complementos","10":"product_tag-complementos-de-cuero","11":"product_tag-pulseras","13":"first","14":"instock","15":"shipping-taxable","16":"purchasable","17":"product-type-variable","18":"add-to-wishlist-after_add_to_cart","19":"layout-style-1","20":"col-md-4 col-sm-4 col-xs-6","21":"col-lg-3","22":"product-style-default"},"aioseo_notices":[],"_links":{"self":[{"href":"https:\/\/www.ibagsbelts.com\/tienda\/wp-json\/wp\/v2\/product\/12255","targetHints":{"allow":["GET"]}}],"collection":[{"href":"https:\/\/www.ibagsbelts.com\/tienda\/wp-json\/wp\/v2\/product"}],"about":[{"href":"https:\/\/www.ibagsbelts.com\/tienda\/wp-json\/wp\/v2\/types\/product"}],"replies":[{"embeddable":true,"href":"https:\/\/www.ibagsbelts.com\/tienda\/wp-json\/wp\/v2\/comments?post=12255"}],"wp:featuredmedia":[{"embeddable":true,"href":"https:\/\/www.ibagsbelts.com\/tienda\/wp-json\/wp\/v2\/media\/12210"}],"wp:attachment":[{"href":"https:\/\/www.ibagsbelts.com\/tienda\/wp-json\/wp\/v2\/media?parent=12255"}],"wp:term":[{"taxonomy":"product_brand","embeddable":true,"href":"https:\/\/www.ibagsbelts.com\/tienda\/wp-json\/wp\/v2\/product_brand?post=12255"},{"taxonomy":"product_cat","embeddable":true,"href":"https:\/\/www.ibagsbelts.com\/tienda\/wp-json\/wp\/v2\/product_cat?post=12255"},{"taxonomy":"product_tag","embeddable":true,"href":"https:\/\/www.ibagsbelts.com\/tienda\/wp-json\/wp\/v2\/product_tag?post=12255"}],"curies":[{"name":"wp","href":"https:\/\/api.w.org\/{rel}","templated":true}]}}