{"id":12275,"date":"2021-03-07T23:58:13","date_gmt":"2021-03-07T22:58:13","guid":{"rendered":"https:\/\/www.ibagsbelts.com\/tienda\/?post_type=product&#038;p=12275"},"modified":"2026-03-15T13:31:14","modified_gmt":"2026-03-15T12:31:14","slug":"mochila-de-cuero-raton-pequena","status":"publish","type":"product","link":"https:\/\/www.ibagsbelts.com\/tienda\/producto\/mochila-de-cuero-raton-pequena\/","title":{"rendered":"Mochila de cuero camel rat\u00f3n peque\u00f1a I\u00f1igo"},"content":{"rendered":"<p style=\"text-align: left;\">Descubre la adorabilidad y la funcionalidad combinadas en nuestra mochila peque\u00f1a con forma de rat\u00f3n en un encantador tono marr\u00f3n. Esta mochila, hecha a mano con cuero artesanal de alta calidad, ofrece una resistencia y durabilidad excepcionales para acompa\u00f1arte en todas tus aventuras.<\/p>\n<p style=\"text-align: left;\">Con dos bolsillos delanteros con hebillas para un acceso r\u00e1pido y f\u00e1cil a tus objetos peque\u00f1os, as\u00ed como una solapa con cremallera y un segundo cierre con cord\u00f3n de cuero, esta mochila garantiza la seguridad de tus pertenencias.<\/p>\n<p style=\"text-align: left;\">En la parte trasera, encontrar\u00e1s un pr\u00e1ctico bolsillo con cremallera para un almacenamiento adicional y seguro. Adem\u00e1s, su interior est\u00e1 cuidadosamente forrado para proteger tus pertenencias.<\/p>\n<p style=\"text-align: left;\">Las correas ajustables con hebillas te permiten llevar la mochila c\u00f3modamente, adapt\u00e1ndola a tu cuerpo. Con unas medidas de 20 cm x 8 cm x 30 cm, esta mochila es perfecta para llevar lo esencial de forma c\u00f3moda y con estilo. \u00a1Hazte con la tuya y a\u00f1ade un toque \u00fanico a tu look!<\/p>\n<p style=\"text-align: left;\"><strong>Aviso importante<\/strong><\/p>\n<p style=\"text-align: left;\">Todos nuestros productos de cuero est\u00e1n hechos a mano y su nueva bolsa de cuero puede estar sujeta a una variaci\u00f3n natural en tama\u00f1o y color.<br \/>\nPara los tama\u00f1os, permita 1-2 cm difiere debido a la medida manual.<br \/>\nLas im\u00e1genes son 100% reales.<br \/>\nDebido al monitor del ordenador y el brillo real de la toma y otras razones, habr\u00e1 una cierta diferencia de color.<\/p>\n<!-- AddThis Advanced Settings generic via filter on the_content --><!-- AddThis Share Buttons generic via filter on the_content -->","protected":false},"excerpt":{"rendered":"<div class=\"woocommerce-product-details__short-description\">\n<div class=\"woocommerce-product-details__short-description\">\n<p>Mochila peque\u00f1a marron en forma de rat\u00f3n de gran resistencia y durabilidad si es lo que buscas en una mochila de cuero artesanal hecho a mano. Sus dos bolsillos con hebillas en la parte delantera de f\u00e1cil acceso para llevar cosas peque\u00f1as, la solapa con cremallera y segundo cierre con cord\u00f3n de cuero.<\/p>\n<p>En la parte de atr\u00e1s lleva un bolsillo con cremallera, su interior est\u00e1 forrado.\u00a0Correas ajustables con hebillas<\/p>\n<p>Medidas : 20 cm x 8 cm\u00a0 x 30 cm<\/p>\n<h5><strong>\u00bfAlguna duda? Ponte en contacto con nosotros a trav\u00e9s del bot\u00f3n del chat directo por whatsApp y te resolveremos las dudas al instante!<\/strong><\/h5>\n<\/div>\n<\/div>\n<p><!-- AddThis Advanced Settings generic via filter on get_the_excerpt --><!-- AddThis Share Buttons generic via filter on get_the_excerpt --><\/p>\n","protected":false},"featured_media":994,"comment_status":"open","ping_status":"closed","template":"","meta":{"om_disable_all_campaigns":false,"_monsterinsights_skip_tracking":false,"_monsterinsights_sitenote_active":false,"_monsterinsights_sitenote_note":"","_monsterinsights_sitenote_category":0,"_uf_show_specific_survey":0,"_uf_disable_surveys":false},"product_brand":[1217],"product_cat":[399],"product_tag":[1096,737,746,275,322,310,352,344,1136],"class_list":{"0":"post-12275","1":"product","2":"type-product","3":"status-publish","4":"has-post-thumbnail","6":"product_brand-ibags-belts","7":"product_cat-mochilas-pequenas","8":"product_tag-artesania","9":"product_tag-bohochic","10":"product_tag-estilo-hippiechic","11":"product_tag-mochila-de-cuero-para-hombre-bolso-de-cuero-para-mujer-bolso-de-cuero-hecho-a-mano-bolso-cuero-grabado-bolso-cuero-hombre-artesanal-bolso-cuero-hecho-a-mano-bolsos-cuero-y-kilim","12":"product_tag-mochila-clasica-marroqui","13":"product_tag-mochila-cuero","14":"product_tag-mochila-dos-cremalleras-marroqui","15":"product_tag-mochila-marroqui","16":"product_tag-mochila-piel","18":"first","19":"instock","20":"shipping-taxable","21":"purchasable","22":"product-type-simple","23":"add-to-wishlist-after_add_to_cart","24":"layout-style-1","25":"col-md-4 col-sm-4 col-xs-6","26":"col-lg-3","27":"product-has-gallery","28":"product-style-default"},"aioseo_notices":[],"_links":{"self":[{"href":"https:\/\/www.ibagsbelts.com\/tienda\/wp-json\/wp\/v2\/product\/12275","targetHints":{"allow":["GET"]}}],"collection":[{"href":"https:\/\/www.ibagsbelts.com\/tienda\/wp-json\/wp\/v2\/product"}],"about":[{"href":"https:\/\/www.ibagsbelts.com\/tienda\/wp-json\/wp\/v2\/types\/product"}],"replies":[{"embeddable":true,"href":"https:\/\/www.ibagsbelts.com\/tienda\/wp-json\/wp\/v2\/comments?post=12275"}],"wp:featuredmedia":[{"embeddable":true,"href":"https:\/\/www.ibagsbelts.com\/tienda\/wp-json\/wp\/v2\/media\/994"}],"wp:attachment":[{"href":"https:\/\/www.ibagsbelts.com\/tienda\/wp-json\/wp\/v2\/media?parent=12275"}],"wp:term":[{"taxonomy":"product_brand","embeddable":true,"href":"https:\/\/www.ibagsbelts.com\/tienda\/wp-json\/wp\/v2\/product_brand?post=12275"},{"taxonomy":"product_cat","embeddable":true,"href":"https:\/\/www.ibagsbelts.com\/tienda\/wp-json\/wp\/v2\/product_cat?post=12275"},{"taxonomy":"product_tag","embeddable":true,"href":"https:\/\/www.ibagsbelts.com\/tienda\/wp-json\/wp\/v2\/product_tag?post=12275"}],"curies":[{"name":"wp","href":"https:\/\/api.w.org\/{rel}","templated":true}]}}