{"id":12326,"date":"2021-03-10T23:34:43","date_gmt":"2021-03-10T22:34:43","guid":{"rendered":"https:\/\/www.ibagsbelts.com\/tienda\/?post_type=product&#038;p=12326"},"modified":"2026-03-15T13:27:39","modified_gmt":"2026-03-15T12:27:39","slug":"cinturon-naranja-ancho-con-remaches","status":"publish","type":"product","link":"https:\/\/www.ibagsbelts.com\/tienda\/producto\/cinturon-naranja-ancho-con-remaches\/","title":{"rendered":"Cintur\u00f3n naranja ancho con remaches T\u00e1mesis"},"content":{"rendered":"<p style=\"text-align: left;\">\u00a1Realza tu estilo con este impresionante cintur\u00f3n de cuero! Con una correa remachada y una elegante hebilla de metal, este cintur\u00f3n es el complemento perfecto para cualquier outfit. Con un ancho de 6 cm y una longitud ajustable de hasta 120 cm, se adapta a todas las tallas y se puede llevar tanto en la cintura como en las caderas.<\/p>\n<p style=\"text-align: left;\">Ya sea que quieras darle un toque \u00fanico a un vestido, un blus\u00f3n o tus pantalones favoritos, este cintur\u00f3n a\u00f1adir\u00e1 ese toque de originalidad que buscas. Su dise\u00f1o de alta calidad y su composici\u00f3n de cuero al 100% garantizan durabilidad y estilo duradero.<\/p>\n<p style=\"text-align: left;\">No pierdas la oportunidad de destacar con este accesorio vers\u00e1til y elegante. \u00a1Hazlo tuyo hoy mismo y marca la diferencia en tu estilo!<\/p>\n<p style=\"text-align: left;\"><strong>Aviso importante<\/strong><\/p>\n<p style=\"text-align: left;\">Todos nuestros productos de cuero est\u00e1n hechos a mano y su nuevo bolso de cuero puede estar sujeta a una variaci\u00f3n natural en tama\u00f1o y color.<\/p>\n<p style=\"text-align: left;\">Las pieles utilizadas han sido procesadas y curtidas en una de las curtidur\u00edas m\u00e1s antiguas utilizando t\u00e9cnicas centenarias para dar al cuero acabado un aspecto antiguo \/ vintage.<br \/>\nPara los tama\u00f1os, permita 1-2 cm diferencia debido a la medida manual.<br \/>\nLas im\u00e1genes son 100% reales.<br \/>\nDebido al monitor del ordenador y el brillo real de la toma y otras razones, habr\u00e1 una cierta diferencia de color.<\/p>\n<h5><\/h5>\n<!-- AddThis Advanced Settings generic via filter on the_content --><!-- AddThis Share Buttons generic via filter on the_content -->","protected":false},"excerpt":{"rendered":"<div>\n<p>\u00a1Realza tu estilo con este impresionante cintur\u00f3n de cuero! Con una correa remachada y una elegante hebilla de metal, este cintur\u00f3n es el complemento perfecto para cualquier outfit. Con un ancho de 6 cm y una longitud ajustable de hasta 120 cm, se adapta a todas las tallas y se puede llevar tanto en la cintura como en las caderas.<\/p>\n<p>No pierdas la oportunidad de destacar con este accesorio vers\u00e1til y elegante. \u00a1Hazlo tuyo hoy mismo y marca la diferencia en tu estilo!<\/p>\n<\/div>\n<div>\n<h5><strong>\u00bfAlguna duda? Ponte en contacto con nosotros a trav\u00e9s del bot\u00f3n del chat directo por whatsApp y te resolveremos las dudas al instante!<\/strong><\/h5>\n<\/div>\n<p><!-- AddThis Advanced Settings generic via filter on get_the_excerpt --><!-- AddThis Share Buttons generic via filter on get_the_excerpt --><\/p>\n","protected":false},"featured_media":12323,"comment_status":"open","ping_status":"closed","template":"","meta":{"om_disable_all_campaigns":false,"_monsterinsights_skip_tracking":false,"_monsterinsights_sitenote_active":false,"_monsterinsights_sitenote_note":"","_monsterinsights_sitenote_category":0,"_uf_show_specific_survey":0,"_uf_disable_surveys":false},"product_brand":[1217],"product_cat":[393,951],"product_tag":[1135,1096,1087,290,332,340,337,753,1088,746,1102],"class_list":{"0":"post-12326","1":"product","2":"type-product","3":"status-publish","4":"has-post-thumbnail","6":"product_brand-ibags-belts","7":"product_cat-cinturon-con-tachas","8":"product_cat-fajin","9":"product_tag-accesorios-y-complementos","10":"product_tag-artesania","11":"product_tag-cinto","12":"product_tag-cinturon","13":"product_tag-cinturon-cuero","14":"product_tag-cinturon-cuero-ancho-bohemian","15":"product_tag-cinturon-cuero-tachas","16":"product_tag-complementos-de-cuero","17":"product_tag-correa","18":"product_tag-estilo-hippiechic","19":"product_tag-piel","21":"first","22":"instock","23":"shipping-taxable","24":"purchasable","25":"product-type-simple","26":"add-to-wishlist-after_add_to_cart","27":"layout-style-1","28":"col-md-4 col-sm-4 col-xs-6","29":"col-lg-3","30":"product-has-gallery","31":"product-style-default"},"aioseo_notices":[],"_links":{"self":[{"href":"https:\/\/www.ibagsbelts.com\/tienda\/wp-json\/wp\/v2\/product\/12326","targetHints":{"allow":["GET"]}}],"collection":[{"href":"https:\/\/www.ibagsbelts.com\/tienda\/wp-json\/wp\/v2\/product"}],"about":[{"href":"https:\/\/www.ibagsbelts.com\/tienda\/wp-json\/wp\/v2\/types\/product"}],"replies":[{"embeddable":true,"href":"https:\/\/www.ibagsbelts.com\/tienda\/wp-json\/wp\/v2\/comments?post=12326"}],"wp:featuredmedia":[{"embeddable":true,"href":"https:\/\/www.ibagsbelts.com\/tienda\/wp-json\/wp\/v2\/media\/12323"}],"wp:attachment":[{"href":"https:\/\/www.ibagsbelts.com\/tienda\/wp-json\/wp\/v2\/media?parent=12326"}],"wp:term":[{"taxonomy":"product_brand","embeddable":true,"href":"https:\/\/www.ibagsbelts.com\/tienda\/wp-json\/wp\/v2\/product_brand?post=12326"},{"taxonomy":"product_cat","embeddable":true,"href":"https:\/\/www.ibagsbelts.com\/tienda\/wp-json\/wp\/v2\/product_cat?post=12326"},{"taxonomy":"product_tag","embeddable":true,"href":"https:\/\/www.ibagsbelts.com\/tienda\/wp-json\/wp\/v2\/product_tag?post=12326"}],"curies":[{"name":"wp","href":"https:\/\/api.w.org\/{rel}","templated":true}]}}