{"id":12354,"date":"2021-03-12T01:07:11","date_gmt":"2021-03-12T00:07:11","guid":{"rendered":"https:\/\/www.ibagsbelts.com\/tienda\/?post_type=product&#038;p=12354"},"modified":"2026-03-15T13:22:53","modified_gmt":"2026-03-15T12:22:53","slug":"cinturon-de-cuero-con-hebilla-redonda","status":"publish","type":"product","link":"https:\/\/www.ibagsbelts.com\/tienda\/producto\/cinturon-de-cuero-con-hebilla-redonda\/","title":{"rendered":"Cintur\u00f3n marr\u00f3n de cuero con hebilla leopardo redonda Coachella"},"content":{"rendered":"<p style=\"text-align: left;\">Cintur\u00f3n de mujer de cuero trenzado, trabajo artesanal hecho a mano, handmade, complemento ideal para las amantes del estilo ibicenco.<\/p>\n<p style=\"text-align: left;\">Tambi\u00e9n muy vers\u00e1til para cintur\u00f3n de cintura o cadera en cualquier medida<\/p>\n<p style=\"text-align: left;\">Cintur\u00f3n de cuero artesanal con trenzado a mano y hebilla redonda y aplique animal print en la parte central que lo transforman en el complemento ideal.<\/p>\n<p style=\"text-align: left;\"><strong>Aviso importante<\/strong><\/p>\n<p style=\"text-align: left;\">Todos nuestros productos de cuero puede estar sujeta a una variaci\u00f3n natural en tama\u00f1o y color.<\/p>\n<p style=\"text-align: left;\">Las pieles utilizadas han sido procesadas y curtidas en una de las curtidur\u00edas m\u00e1s antiguas utilizando t\u00e9cnicas centenarias para dar al cuero acabado un aspecto antiguo \/ vintage.<br \/>\nPara los tama\u00f1os, permita 1-2 cm difiere debido a la medida manual.<br \/>\nLas im\u00e1genes son 100% reales.<br \/>\nDebido al monitor del ordenador y el brillo real de la toma y otras razones, habr\u00e1 una cierta diferencia de color.<\/p>\n<!-- AddThis Advanced Settings generic via filter on the_content --><!-- AddThis Share Buttons generic via filter on the_content -->","protected":false},"excerpt":{"rendered":"<p style=\"text-align: left;\">Cintur\u00f3n de mujer de cuero trenzado, trabajo artesanal hecho a mano, handmade, complemento ideal para las amantes del estilo ibicenco, tambi\u00e9n muy vers\u00e1til para cintur\u00f3n de cintura o cadera en cualquier medida<\/p>\n<p style=\"text-align: left;\">Cintur\u00f3n de cuero artesanal con trenzado a mano y hebilla redonda y aplique en animal print.\u00a0<span class=\"a-list-item\" style=\"font-size: 1.4rem;\">Cinturones con un ancho de 5.5-6cm depende de su trenzado.\u00a0<\/span><span class=\"a-list-item\" style=\"font-size: 1.4rem;\">Aleaci\u00f3n de metales de alta calidad, acabado met\u00e1lico<\/span><\/p>\n<div class=\"woocommerce-product-details__short-description\">\n<p style=\"text-align: left;\"><span class=\"a-list-item\">El paquete incluye 1 hebilla y cintur\u00f3n de cuero trenzado incluido)<\/span><\/p>\n<h5 style=\"text-align: center;\"><strong>\u00bfAlguna duda? Ponte en contacto con nosotros a trav\u00e9s del bot\u00f3n del chat directo por whatsApp y te resolveremos las dudas al instante!<\/strong><\/h5>\n<\/div>\n<p><!-- AddThis Advanced Settings generic via filter on get_the_excerpt --><!-- AddThis Share Buttons generic via filter on get_the_excerpt --><\/p>\n","protected":false},"featured_media":18427,"comment_status":"open","ping_status":"closed","template":"","meta":{"om_disable_all_campaigns":false,"_monsterinsights_skip_tracking":false,"_monsterinsights_sitenote_active":false,"_monsterinsights_sitenote_note":"","_monsterinsights_sitenote_category":0,"_uf_show_specific_survey":0,"_uf_disable_surveys":false},"product_brand":[1217],"product_cat":[396,951],"product_tag":[290,332,264,31,307,743,744,745],"class_list":{"0":"post-12354","1":"product","2":"type-product","3":"status-publish","4":"has-post-thumbnail","6":"product_brand-ibags-belts","7":"product_cat-trenzados-cinturon","8":"product_cat-fajin","9":"product_tag-cinturon","10":"product_tag-cinturon-cuero","11":"product_tag-cinturon-cuero-de-vaca-cuero-de-cuero-cinturon-de-cuero-chapa","12":"product_tag-cinturon-trenzado-de-cuero","13":"product_tag-cuero-trenzado","14":"product_tag-estilo-boho","15":"product_tag-estilo-bohochic","16":"product_tag-estilo-hippie","18":"first","19":"instock","20":"shipping-taxable","21":"purchasable","22":"product-type-simple","23":"add-to-wishlist-after_add_to_cart","24":"layout-style-1","25":"col-md-4 col-sm-4 col-xs-6","26":"col-lg-3","27":"product-has-gallery","28":"product-style-default"},"aioseo_notices":[],"_links":{"self":[{"href":"https:\/\/www.ibagsbelts.com\/tienda\/wp-json\/wp\/v2\/product\/12354","targetHints":{"allow":["GET"]}}],"collection":[{"href":"https:\/\/www.ibagsbelts.com\/tienda\/wp-json\/wp\/v2\/product"}],"about":[{"href":"https:\/\/www.ibagsbelts.com\/tienda\/wp-json\/wp\/v2\/types\/product"}],"replies":[{"embeddable":true,"href":"https:\/\/www.ibagsbelts.com\/tienda\/wp-json\/wp\/v2\/comments?post=12354"}],"wp:featuredmedia":[{"embeddable":true,"href":"https:\/\/www.ibagsbelts.com\/tienda\/wp-json\/wp\/v2\/media\/18427"}],"wp:attachment":[{"href":"https:\/\/www.ibagsbelts.com\/tienda\/wp-json\/wp\/v2\/media?parent=12354"}],"wp:term":[{"taxonomy":"product_brand","embeddable":true,"href":"https:\/\/www.ibagsbelts.com\/tienda\/wp-json\/wp\/v2\/product_brand?post=12354"},{"taxonomy":"product_cat","embeddable":true,"href":"https:\/\/www.ibagsbelts.com\/tienda\/wp-json\/wp\/v2\/product_cat?post=12354"},{"taxonomy":"product_tag","embeddable":true,"href":"https:\/\/www.ibagsbelts.com\/tienda\/wp-json\/wp\/v2\/product_tag?post=12354"}],"curies":[{"name":"wp","href":"https:\/\/api.w.org\/{rel}","templated":true}]}}