{"id":12834,"date":"2021-05-08T19:09:34","date_gmt":"2021-05-08T17:09:34","guid":{"rendered":"https:\/\/www.ibagsbelts.com\/tienda\/?post_type=product&#038;p=12834"},"modified":"2026-03-15T13:04:27","modified_gmt":"2026-03-15T12:04:27","slug":"rinonera-para-moto-marron","status":"publish","type":"product","link":"https:\/\/www.ibagsbelts.com\/tienda\/producto\/rinonera-para-moto-marron\/","title":{"rendered":"Ri\u00f1onera de piel para moto marr\u00f3n Ibai"},"content":{"rendered":"<p>Descubre la ri\u00f1onera de cuero artesanal en un elegante color marr\u00f3n, el accesorio perfecto para cualquier motero o motera que busca estilo y funcionalidad. Ideal para montar en moto durante todo el a\u00f1o, esta ri\u00f1onera se ajusta c\u00f3modamente a la cintura y a la pierna para una sujeci\u00f3n \u00f3ptima mientras conduces.<\/p>\n<p>Si eres amante de los festivales, esta ri\u00f1onera ser\u00e1 tu mejor aliada, brind\u00e1ndote la libertad, seguridad y comodidad que necesitas para disfrutar al m\u00e1ximo de cada momento. Con ella, podr\u00e1s llevar lo esencial, como tu billetera, smartphone y llaves, mientras te sumerges en d\u00edas inolvidables de diversi\u00f3n.<\/p>\n<p>No te pierdas nuestra selecci\u00f3n de ri\u00f1oneras y encuentra la que se adapte mejor a tu estilo y necesidades. \u00a1Hazte con la tuya y prep\u00e1rate para vivir aventuras inolvidables con total comodidad y estilo!<\/p>\n<p style=\"text-align: left;\"><strong>Aviso importante<\/strong><\/p>\n<p>Todos nuestros productos de cuero est\u00e1n hechos a mano y su nueva bolsa de cuero puede estar sujeta a una variaci\u00f3n natural en tama\u00f1o y color.<br \/>\nPara los tama\u00f1os, permita 1-2 cm difiere debido a la medida manual.<br \/>\nLas im\u00e1genes son 100% reales.<br \/>\nDebido al monitor del ordenador y el brillo real de la toma y otras razones, habr\u00e1 una cierta diferencia de color.<\/p>\n<!-- AddThis Advanced Settings generic via filter on the_content --><!-- AddThis Share Buttons generic via filter on the_content -->","protected":false},"excerpt":{"rendered":"<p>Descubre la ri\u00f1onera de cuero artesanal en un elegante color marr\u00f3n, el accesorio perfecto para cualquier motero o motera que busca estilo y funcionalidad. Ideal para montar en moto durante todo el a\u00f1o, esta ri\u00f1onera se ajusta c\u00f3modamente a la cintura y a la pierna para una sujeci\u00f3n \u00f3ptima mientras conduces.<\/p>\n<p>Si eres amante de los festivales, esta ri\u00f1onera ser\u00e1 tu mejor aliada, brind\u00e1ndote la libertad, seguridad y comodidad que necesitas para disfrutar al m\u00e1ximo de cada momento. Con ella, podr\u00e1s llevar lo esencial, como tu billetera, smartphone y llaves, mientras te sumerges en d\u00edas inolvidables de diversi\u00f3n.<\/p>\n<h5><strong>\u00bfAlguna duda? Ponte en contacto con nosotros a trav\u00e9s del bot\u00f3n del chat directo por whatsApp y te resolveremos las dudas al instante!<\/strong><\/h5>\n<p><!-- AddThis Advanced Settings generic via filter on get_the_excerpt --><!-- AddThis Share Buttons generic via filter on get_the_excerpt --><\/p>\n","protected":false},"featured_media":12836,"comment_status":"open","ping_status":"closed","template":"","meta":{"om_disable_all_campaigns":false,"_monsterinsights_skip_tracking":false,"_monsterinsights_sitenote_active":false,"_monsterinsights_sitenote_note":"","_monsterinsights_sitenote_category":0,"_uf_show_specific_survey":0,"_uf_disable_surveys":false},"product_brand":[1217],"product_cat":[950],"product_tag":[1135,1096,1033,301,877,753,354,1102,795,1149,793],"class_list":{"0":"post-12834","1":"product","2":"type-product","3":"status-publish","4":"has-post-thumbnail","6":"product_brand-ibags-belts","7":"product_cat-rinoneras","8":"product_tag-accesorios-y-complementos","9":"product_tag-artesania","10":"product_tag-bananas","11":"product_tag-bandolera","12":"product_tag-bandoleras","13":"product_tag-complementos-de-cuero","14":"product_tag-mochila-moto-cuero","15":"product_tag-piel","16":"product_tag-rinonera-cuero","17":"product_tag-rinonera-moto","18":"product_tag-rinoneras","20":"first","21":"instock","22":"shipping-taxable","23":"purchasable","24":"product-type-simple","25":"add-to-wishlist-after_add_to_cart","26":"layout-style-1","27":"col-md-4 col-sm-4 col-xs-6","28":"col-lg-3","29":"product-has-gallery","30":"product-style-default"},"aioseo_notices":[],"_links":{"self":[{"href":"https:\/\/www.ibagsbelts.com\/tienda\/wp-json\/wp\/v2\/product\/12834","targetHints":{"allow":["GET"]}}],"collection":[{"href":"https:\/\/www.ibagsbelts.com\/tienda\/wp-json\/wp\/v2\/product"}],"about":[{"href":"https:\/\/www.ibagsbelts.com\/tienda\/wp-json\/wp\/v2\/types\/product"}],"replies":[{"embeddable":true,"href":"https:\/\/www.ibagsbelts.com\/tienda\/wp-json\/wp\/v2\/comments?post=12834"}],"wp:featuredmedia":[{"embeddable":true,"href":"https:\/\/www.ibagsbelts.com\/tienda\/wp-json\/wp\/v2\/media\/12836"}],"wp:attachment":[{"href":"https:\/\/www.ibagsbelts.com\/tienda\/wp-json\/wp\/v2\/media?parent=12834"}],"wp:term":[{"taxonomy":"product_brand","embeddable":true,"href":"https:\/\/www.ibagsbelts.com\/tienda\/wp-json\/wp\/v2\/product_brand?post=12834"},{"taxonomy":"product_cat","embeddable":true,"href":"https:\/\/www.ibagsbelts.com\/tienda\/wp-json\/wp\/v2\/product_cat?post=12834"},{"taxonomy":"product_tag","embeddable":true,"href":"https:\/\/www.ibagsbelts.com\/tienda\/wp-json\/wp\/v2\/product_tag?post=12834"}],"curies":[{"name":"wp","href":"https:\/\/api.w.org\/{rel}","templated":true}]}}