{"id":12909,"date":"2021-05-11T00:37:26","date_gmt":"2021-05-10T22:37:26","guid":{"rendered":"https:\/\/www.ibagsbelts.com\/tienda\/?post_type=product&#038;p=12909"},"modified":"2026-03-15T12:52:09","modified_gmt":"2026-03-15T11:52:09","slug":"monedero-de-cuero-con-estampado-artesanal-rosa-palo","status":"publish","type":"product","link":"https:\/\/www.ibagsbelts.com\/tienda\/producto\/monedero-de-cuero-con-estampado-artesanal-rosa-palo\/","title":{"rendered":"Monedero de cuero con estampado artesanal rosa palo Ciro"},"content":{"rendered":"<p style=\"text-align: left;\">Este encantador monedero de cuero, con su distintivo estampado artesanal en tono rosa, es la combinaci\u00f3n perfecta de estilo y funcionalidad. A pesar de su tama\u00f1o mediano, ofrece un amplio espacio para llevar todo lo que necesitas en tu d\u00eda a d\u00eda, desde monedas hasta tarjetas y billetes.<\/p>\n<p style=\"text-align: left;\">Confeccionado a mano con cuero aut\u00e9ntico de alta calidad, este monedero es excepcionalmente suave al tacto y sorprendentemente resistente. Cada elemento decorativo est\u00e1 meticulosamente elaborado a mano, agregando un toque de autenticidad y encanto artesanal.<\/p>\n<p style=\"text-align: left;\">Elaborado con t\u00e9cnicas tradicionales marroqu\u00edes, este bolso resalta el uso de colorantes naturales y aceites, reflejando un profundo respeto por la naturaleza. Libre de olores, perfumes y colorantes qu\u00edmicos, esta cartera es una elecci\u00f3n consciente para quienes valoran la sostenibilidad y la artesan\u00eda.<\/p>\n<p style=\"text-align: left;\">Adem\u00e1s de ser c\u00f3modo y funcional, este monedero es vers\u00e1til y elegante, adecuado para cualquier ocasi\u00f3n, ya sea una reuni\u00f3n informal o una fiesta elegante. Su dise\u00f1o moderno y elegante lo convierte en uno de los regalos m\u00e1s originales y apreciados para cualquier mujer que aprecie la belleza y la artesan\u00eda aut\u00e9ntica.<\/p>\n<p style=\"text-align: left;\"><strong>Aviso importante<\/strong><\/p>\n<p style=\"text-align: left;\">Todos nuestros productos de cuero puede estar sujeta a una variaci\u00f3n natural en tama\u00f1o y color.<\/p>\n<p style=\"text-align: left;\">Las pieles utilizadas han sido procesadas y curtidas en una de las curtidur\u00edas m\u00e1s antiguas utilizando t\u00e9cnicas centenarias para dar al cuero acabado un aspecto antiguo \/ vintage.<br \/>\nPara los tama\u00f1os, permita 1-2 cm diferencia debido a la medida manual.<br \/>\nLas im\u00e1genes son 100% reales.<br \/>\nDebido al monitor del ordenador y el brillo real de la toma y otras razones, habr\u00e1 una cierta diferencia de color.<\/p>\n<!-- AddThis Advanced Settings generic via filter on the_content --><!-- AddThis Share Buttons generic via filter on the_content -->","protected":false},"excerpt":{"rendered":"<h2>El monedero es mediano\u00a0 pero permite llevar todo lo que necesitas en tu d\u00eda a d\u00eda.<\/h2>\n<p>Est\u00e1 hecha a mano de cuero aut\u00e9ntico muy suave y resistente, con elementos decorativos hechos a mano.\u00a0Este bolso est\u00e1 fabricado con cuero artesanal. Esta hermosa pieza dise\u00f1ada utilizando formas tradicionales como el uso de colorantes naturales, aceites y otros Materiales todo de la naturaleza.<br \/>\nEstas carteras marroqu\u00edes no tienen olor, perfume, o incluso colorante qu\u00edmico.<\/p>\n<h5><strong>\u00bfAlguna duda? Ponte en contacto con nosotros a trav\u00e9s del bot\u00f3n del chat directo por whatsApp y te resolveremos las dudas al instante!<\/strong><\/h5>\n<p><!-- AddThis Advanced Settings generic via filter on get_the_excerpt --><!-- AddThis Share Buttons generic via filter on get_the_excerpt --><\/p>\n","protected":false},"featured_media":12910,"comment_status":"open","ping_status":"closed","template":"","meta":{"om_disable_all_campaigns":false,"_monsterinsights_skip_tracking":false,"_monsterinsights_sitenote_active":false,"_monsterinsights_sitenote_note":"","_monsterinsights_sitenote_category":0,"_uf_show_specific_survey":0,"_uf_disable_surveys":false},"product_brand":[1217],"product_cat":[1301,757,1299,1302],"product_tag":[1135,1096,881,736,305,885,749,753,744,746,738,751,873],"class_list":{"0":"post-12909","1":"product","2":"type-product","3":"status-publish","4":"has-post-thumbnail","6":"product_brand-ibags-belts","7":"product_cat-billeteras","8":"product_cat-bolso-clutch","9":"product_cat-carteras","10":"product_cat-monederos-largos","11":"product_tag-accesorios-y-complementos","12":"product_tag-artesania","13":"product_tag-billetero","14":"product_tag-boho","15":"product_tag-bolso-cuero-artesanal","16":"product_tag-cartera","17":"product_tag-clutch","18":"product_tag-complementos-de-cuero","19":"product_tag-estilo-bohochic","20":"product_tag-estilo-hippiechic","21":"product_tag-hippie","22":"product_tag-moda","23":"product_tag-monedero","25":"first","26":"instock","27":"sale","28":"shipping-taxable","29":"purchasable","30":"product-type-simple","31":"add-to-wishlist-after_add_to_cart","32":"layout-style-1","33":"col-md-4 col-sm-4 col-xs-6","34":"col-lg-3","35":"product-has-gallery","36":"product-style-default"},"aioseo_notices":[],"_links":{"self":[{"href":"https:\/\/www.ibagsbelts.com\/tienda\/wp-json\/wp\/v2\/product\/12909","targetHints":{"allow":["GET"]}}],"collection":[{"href":"https:\/\/www.ibagsbelts.com\/tienda\/wp-json\/wp\/v2\/product"}],"about":[{"href":"https:\/\/www.ibagsbelts.com\/tienda\/wp-json\/wp\/v2\/types\/product"}],"replies":[{"embeddable":true,"href":"https:\/\/www.ibagsbelts.com\/tienda\/wp-json\/wp\/v2\/comments?post=12909"}],"wp:featuredmedia":[{"embeddable":true,"href":"https:\/\/www.ibagsbelts.com\/tienda\/wp-json\/wp\/v2\/media\/12910"}],"wp:attachment":[{"href":"https:\/\/www.ibagsbelts.com\/tienda\/wp-json\/wp\/v2\/media?parent=12909"}],"wp:term":[{"taxonomy":"product_brand","embeddable":true,"href":"https:\/\/www.ibagsbelts.com\/tienda\/wp-json\/wp\/v2\/product_brand?post=12909"},{"taxonomy":"product_cat","embeddable":true,"href":"https:\/\/www.ibagsbelts.com\/tienda\/wp-json\/wp\/v2\/product_cat?post=12909"},{"taxonomy":"product_tag","embeddable":true,"href":"https:\/\/www.ibagsbelts.com\/tienda\/wp-json\/wp\/v2\/product_tag?post=12909"}],"curies":[{"name":"wp","href":"https:\/\/api.w.org\/{rel}","templated":true}]}}