{"id":12996,"date":"2021-05-18T18:54:37","date_gmt":"2021-05-18T16:54:37","guid":{"rendered":"https:\/\/www.ibagsbelts.com\/tienda\/?post_type=product&#038;p=12996"},"modified":"2026-03-15T12:38:13","modified_gmt":"2026-03-15T11:38:13","slug":"cinturon-trenzado-ancho-natural-1","status":"publish","type":"product","link":"https:\/\/www.ibagsbelts.com\/tienda\/producto\/cinturon-trenzado-ancho-natural-1\/","title":{"rendered":"Cintur\u00f3n de cuero con correa  trenzada camel"},"content":{"rendered":"<p style=\"text-align: left;\">Este cintur\u00f3n de cuero con correa trenzada y hebilla de metal es un accesorio vers\u00e1til y elegante, ideal para complementar cualquier outfit con un toque de estilo distintivo.<\/p>\n<p style=\"text-align: left;\"><strong>Caracter\u00edsticas del Cintur\u00f3n:<\/strong><\/p>\n<ul style=\"text-align: left;\">\n<li><strong>Material:<\/strong> Correa 100% cuero<\/li>\n<li><strong>Hebilla:<\/strong> Aleaci\u00f3n de metales con detalle central<\/li>\n<li><strong>Ancho:<\/strong> 6.5 cm<\/li>\n<li><strong>Largo:<\/strong> M\u00e1ximo de 120 cm<\/li>\n<li><strong>Talla:<\/strong> \u00danica, ajustable a todas las medidas gracias a su cierre con enganche en la hebilla<\/li>\n<\/ul>\n<p style=\"text-align: left;\"><strong>Versatilidad:<\/strong><\/p>\n<ul style=\"text-align: left;\">\n<li><strong>Uso:<\/strong> Perfecto para llevar en la cintura o en las caderas<\/li>\n<li><strong>Combinaci\u00f3n:<\/strong> Ideal para combinar con vestidos, blusones y otros atuendos, a\u00f1adiendo un toque original a tu estilo<\/li>\n<\/ul>\n<p style=\"text-align: left;\">Este cintur\u00f3n no solo es funcional, sino que tambi\u00e9n es la mejor opci\u00f3n para darle a tus outfits un aspecto m\u00e1s original y personalizado. Su dise\u00f1o trenzado y el detalle de la hebilla lo hacen destacar, convirti\u00e9ndolo en un accesorio imprescindible en tu guardarropa.<\/p>\n<p style=\"text-align: left;\"><strong>Aviso importante<\/strong><\/p>\n<p style=\"text-align: left;\">Todos nuestros productos de cuero est\u00e1n hechos a mano y su nuevo bolso de cuero puede estar sujeta a una variaci\u00f3n natural en tama\u00f1o y color.<\/p>\n<p style=\"text-align: left;\">Las pieles utilizadas han sido procesadas y curtidas en una de las curtidur\u00edas m\u00e1s antiguas utilizando t\u00e9cnicas centenarias para dar al cuero acabado un aspecto antiguo \/ vintage.<br \/>\nPara los tama\u00f1os, permita 1-2 cm diferencia debido a la medida manual.<br \/>\nLas im\u00e1genes son 100% reales.<br \/>\nDebido al monitor del ordenador y el brillo real de la toma y otras razones, habr\u00e1 una cierta diferencia de color.<\/p>\n<!-- AddThis Advanced Settings generic via filter on the_content --><!-- AddThis Share Buttons generic via filter on the_content -->","protected":false},"excerpt":{"rendered":"<div>\n<p style=\"text-align: left;\">Este cintur\u00f3n de cuero con correa trenzada y hebilla de metal es un accesorio vers\u00e1til y elegante, ideal para complementar cualquier outfit con un toque de estilo distintivo.<\/p>\n<p style=\"text-align: left;\"><strong>Caracter\u00edsticas del Cintur\u00f3n:<\/strong><\/p>\n<ul style=\"text-align: left;\">\n<li><strong>Material:<\/strong> Correa 100% cuero<\/li>\n<li><strong>Hebilla:<\/strong> Aleaci\u00f3n de metales con detalle central<\/li>\n<li><strong>Ancho:<\/strong> 6.5 cm<\/li>\n<li><strong>Largo:<\/strong> M\u00e1ximo de 120 cm<\/li>\n<li><strong>Talla:<\/strong> \u00danica, ajustable a todas las medidas gracias a su cierre con enganche en la hebilla<\/li>\n<\/ul>\n<p style=\"text-align: left;\"><strong>Versatilidad:<\/strong><\/p>\n<ul style=\"text-align: left;\">\n<li><strong>Uso:<\/strong> Perfecto para llevar en la cintura o en las caderas<\/li>\n<li><strong>Combinaci\u00f3n:<\/strong> Ideal para combinar con vestidos, blusones y otros atuendos, a\u00f1adiendo un toque original a tu estilo<\/li>\n<\/ul>\n<p style=\"text-align: left;\">Este cintur\u00f3n no solo es funcional, sino que tambi\u00e9n es la mejor opci\u00f3n para darle a tus outfits un aspecto m\u00e1s original y personalizado. Su dise\u00f1o trenzado y el detalle de la hebilla lo hacen destacar, convirti\u00e9ndolo en un accesorio imprescindible en tu guardarropa.<\/p>\n<\/div>\n<div>\n<h5 style=\"text-align: left;\"><strong>\u00bfAlguna duda? Ponte en contacto con nosotros a trav\u00e9s del bot\u00f3n del chat directo por whatsapp y te resolveremos las dudas al instante!<\/strong><\/h5>\n<\/div>\n<p><!-- AddThis Advanced Settings generic via filter on get_the_excerpt --><!-- AddThis Share Buttons generic via filter on get_the_excerpt --><\/p>\n","protected":false},"featured_media":12974,"comment_status":"open","ping_status":"closed","template":"","meta":{"om_disable_all_campaigns":false,"_monsterinsights_skip_tracking":false,"_monsterinsights_sitenote_active":false,"_monsterinsights_sitenote_note":"","_monsterinsights_sitenote_category":0,"_uf_show_specific_survey":0,"_uf_disable_surveys":false},"product_brand":[1217],"product_cat":[396,951],"product_tag":[290,264,335,333,746],"class_list":{"0":"post-12996","1":"product","2":"type-product","3":"status-publish","4":"has-post-thumbnail","6":"product_brand-ibags-belts","7":"product_cat-trenzados-cinturon","8":"product_cat-fajin","9":"product_tag-cinturon","10":"product_tag-cinturon-cuero-de-vaca-cuero-de-cuero-cinturon-de-cuero-chapa","11":"product_tag-cinturon-cuero-natural","12":"product_tag-cinturon-cuero-vaca","13":"product_tag-estilo-hippiechic","15":"first","16":"instock","17":"shipping-taxable","18":"purchasable","19":"product-type-simple","20":"add-to-wishlist-after_add_to_cart","21":"layout-style-1","22":"col-md-4 col-sm-4 col-xs-6","23":"col-lg-3","24":"product-has-gallery","25":"product-style-default"},"aioseo_notices":[],"_links":{"self":[{"href":"https:\/\/www.ibagsbelts.com\/tienda\/wp-json\/wp\/v2\/product\/12996","targetHints":{"allow":["GET"]}}],"collection":[{"href":"https:\/\/www.ibagsbelts.com\/tienda\/wp-json\/wp\/v2\/product"}],"about":[{"href":"https:\/\/www.ibagsbelts.com\/tienda\/wp-json\/wp\/v2\/types\/product"}],"replies":[{"embeddable":true,"href":"https:\/\/www.ibagsbelts.com\/tienda\/wp-json\/wp\/v2\/comments?post=12996"}],"wp:featuredmedia":[{"embeddable":true,"href":"https:\/\/www.ibagsbelts.com\/tienda\/wp-json\/wp\/v2\/media\/12974"}],"wp:attachment":[{"href":"https:\/\/www.ibagsbelts.com\/tienda\/wp-json\/wp\/v2\/media?parent=12996"}],"wp:term":[{"taxonomy":"product_brand","embeddable":true,"href":"https:\/\/www.ibagsbelts.com\/tienda\/wp-json\/wp\/v2\/product_brand?post=12996"},{"taxonomy":"product_cat","embeddable":true,"href":"https:\/\/www.ibagsbelts.com\/tienda\/wp-json\/wp\/v2\/product_cat?post=12996"},{"taxonomy":"product_tag","embeddable":true,"href":"https:\/\/www.ibagsbelts.com\/tienda\/wp-json\/wp\/v2\/product_tag?post=12996"}],"curies":[{"name":"wp","href":"https:\/\/api.w.org\/{rel}","templated":true}]}}