{"id":13003,"date":"2021-05-18T19:23:41","date_gmt":"2021-05-18T17:23:41","guid":{"rendered":"https:\/\/www.ibagsbelts.com\/tienda\/?post_type=product&#038;p=13003"},"modified":"2026-03-15T12:37:55","modified_gmt":"2026-03-15T11:37:55","slug":"cinturon-trenzado-ancho-marron-con-hebilla-ovalada","status":"publish","type":"product","link":"https:\/\/www.ibagsbelts.com\/tienda\/producto\/cinturon-trenzado-ancho-marron-con-hebilla-ovalada\/","title":{"rendered":"Cintur\u00f3n trenzado ancho marr\u00f3n con hebilla ovalada"},"content":{"rendered":"<p style=\"text-align: left;\">Cintur\u00f3n de cuero con correa trenzada, hebilla en metal y detalle central.<\/p>\n<p style=\"text-align: left;\">El cierre es con un enganche en la hebilla que puedes ajustar a tu medida, por lo que sirve para todas las tallas.<\/p>\n<p class=\"Standard\" style=\"text-align: left;\">\u00a0Mide 6,5 cm de ancho y un largo m\u00e1ximo de 110 cm lo puedes usar en la cintura o en las caderas<\/p>\n<p class=\"Standard\" style=\"text-align: left;\">Es la mejor opci\u00f3n para llevarlo con tus vestidos, blusones, preferidos ya que le va a dar el toque que est\u00e1s buscando en tu outfits m\u00e1s original.<\/p>\n<p style=\"text-align: left;\">Composici\u00f3n: Correa 100% cuero, Hebilla aleaci\u00f3n de metales.<\/p>\n<p style=\"text-align: left;\">Talla \u00fanica<\/p>\n<p style=\"text-align: left;\"><strong>Aviso importante<\/strong><\/p>\n<p style=\"text-align: left;\">\n<p style=\"text-align: left;\">Todos nuestros productos de cuero est\u00e1n hechos a mano y su nuevo bolso de cuero puede estar sujeta a una variaci\u00f3n natural en tama\u00f1o y color.<\/p>\n<p style=\"text-align: left;\">Las pieles utilizadas han sido procesadas y curtidas en una de las curtidur\u00edas m\u00e1s antiguas utilizando t\u00e9cnicas centenarias para dar al cuero acabado un aspecto antiguo \/ vintage.<br \/>\nPara los tama\u00f1os, permita 1-2 cm diferencia debido a la medida manual.<br \/>\nLas im\u00e1genes son 100% reales.<br \/>\nDebido al monitor del ordenador y el brillo real de la toma y otras razones, habr\u00e1 una cierta diferencia de color.<\/p>\n<h5><\/h5>\n<!-- AddThis Advanced Settings generic via filter on the_content --><!-- AddThis Share Buttons generic via filter on the_content -->","protected":false},"excerpt":{"rendered":"<div style=\"text-align: center;\"><span class=\"c-text c-text--title c-text--left c-text--content\">Cintur\u00f3n trenzado ancho MARR\u00d3N<\/span><\/div>\n<div class=\"u-text-wrap\" style=\"text-align: center;\"><span class=\"c-text c-text--body c-text--left c-text--content c-text--format\">Cintur\u00f3n artesanal de cuero ancho trenzado con hebilla de alpaca con incrustaci\u00f3n de hueso.<\/span><\/div>\n<div class=\"u-text-wrap\" style=\"text-align: center;\"><span class=\"c-text c-text--body c-text--left c-text--content c-text--format\"> De ancho 6,50 cm y le largo 110 cm a 120 cm aproximadamente.<\/span><\/div>\n<div class=\"u-text-wrap\" style=\"text-align: center;\"><span class=\"c-text c-text--body c-text--left c-text--content c-text--format\"> ideal para llevar con tus vestidos y vaqueros preferidos, no puede faltar en tu armario.<\/span><\/div>\n<div style=\"text-align: center;\">\u00a1\u00a1comp\u00e1ralo ya!!<\/div>\n<div>\n<h5 style=\"text-align: center;\"><strong>\u00bfAlguna duda? Ponte en contacto con nosotros a trav\u00e9s del bot\u00f3n del chat directo por whatsApp y te resolveremos las dudas al instante!.<\/strong><\/h5>\n<p style=\"text-align: center;\">\n<\/div>\n<p><!-- AddThis Advanced Settings generic via filter on get_the_excerpt --><!-- AddThis Share Buttons generic via filter on get_the_excerpt --><\/p>\n","protected":false},"featured_media":35938,"comment_status":"open","ping_status":"closed","template":"","meta":{"om_disable_all_campaigns":false,"_monsterinsights_skip_tracking":false,"_monsterinsights_sitenote_active":false,"_monsterinsights_sitenote_note":"","_monsterinsights_sitenote_category":0,"_uf_show_specific_survey":0,"_uf_disable_surveys":false},"product_brand":[1217],"product_cat":[396,951],"product_tag":[290,264,338,31,307,746,1048],"class_list":{"0":"post-13003","1":"product","2":"type-product","3":"status-publish","4":"has-post-thumbnail","6":"product_brand-ibags-belts","7":"product_cat-trenzados-cinturon","8":"product_cat-fajin","9":"product_tag-cinturon","10":"product_tag-cinturon-cuero-de-vaca-cuero-de-cuero-cinturon-de-cuero-chapa","11":"product_tag-cinturon-cuero-trenzado-marroqui","12":"product_tag-cinturon-trenzado-de-cuero","13":"product_tag-cuero-trenzado","14":"product_tag-estilo-hippiechic","15":"product_tag-trenzado","17":"first","18":"instock","19":"shipping-taxable","20":"purchasable","21":"product-type-simple","22":"add-to-wishlist-after_add_to_cart","23":"layout-style-1","24":"col-md-4 col-sm-4 col-xs-6","25":"col-lg-3","26":"product-has-gallery","27":"product-style-default"},"aioseo_notices":[],"_links":{"self":[{"href":"https:\/\/www.ibagsbelts.com\/tienda\/wp-json\/wp\/v2\/product\/13003","targetHints":{"allow":["GET"]}}],"collection":[{"href":"https:\/\/www.ibagsbelts.com\/tienda\/wp-json\/wp\/v2\/product"}],"about":[{"href":"https:\/\/www.ibagsbelts.com\/tienda\/wp-json\/wp\/v2\/types\/product"}],"replies":[{"embeddable":true,"href":"https:\/\/www.ibagsbelts.com\/tienda\/wp-json\/wp\/v2\/comments?post=13003"}],"wp:featuredmedia":[{"embeddable":true,"href":"https:\/\/www.ibagsbelts.com\/tienda\/wp-json\/wp\/v2\/media\/35938"}],"wp:attachment":[{"href":"https:\/\/www.ibagsbelts.com\/tienda\/wp-json\/wp\/v2\/media?parent=13003"}],"wp:term":[{"taxonomy":"product_brand","embeddable":true,"href":"https:\/\/www.ibagsbelts.com\/tienda\/wp-json\/wp\/v2\/product_brand?post=13003"},{"taxonomy":"product_cat","embeddable":true,"href":"https:\/\/www.ibagsbelts.com\/tienda\/wp-json\/wp\/v2\/product_cat?post=13003"},{"taxonomy":"product_tag","embeddable":true,"href":"https:\/\/www.ibagsbelts.com\/tienda\/wp-json\/wp\/v2\/product_tag?post=13003"}],"curies":[{"name":"wp","href":"https:\/\/api.w.org\/{rel}","templated":true}]}}