{"id":13274,"date":"2021-06-15T12:10:27","date_gmt":"2021-06-15T10:10:27","guid":{"rendered":"https:\/\/www.ibagsbelts.com\/tienda\/?post_type=product&#038;p=13274"},"modified":"2026-03-15T12:26:57","modified_gmt":"2026-03-15T11:26:57","slug":"bolso-tote-boho-tribal-cuero-natural-grande","status":"publish","type":"product","link":"https:\/\/www.ibagsbelts.com\/tienda\/producto\/bolso-tote-boho-tribal-cuero-natural-grande\/","title":{"rendered":"Bolso tote boho tribal cuero natural grande"},"content":{"rendered":"<p>Es un gran bolso hippie con borlas de cuero, cuentas de metal adornadas y piel artesanal. Hermosa piel vintage hippie.<br \/>\nCada bolso ha sido hecho individualmente de forma artesanal, todas sus partes han sido seleccionadas a mano. Tenga en cuenta que el cuero y el forro son nuevos, pero las chapas lo hacen un verdadero bolso vintage.<\/p>\n<p>Medidas 45cm de alto x 28 cm largo x 16cm ancho<\/p>\n<p style=\"text-align: center;\"><strong>Aviso importante<\/strong><\/p>\n<p>Todos nuestros productos de cuero est\u00e1n hechos a mano y su nueva bolsa de cuero puede estar sujeta a una variaci\u00f3n natural en tama\u00f1o y color.<br \/>\nPara los tama\u00f1os, permita 1-2 cm difiere debido a la medida manual.<br \/>\nLas im\u00e1genes son 100% reales.<br \/>\nDebido al monitor del ordenador y el brillo real de la toma y otras razones, habr\u00e1 una cierta diferencia de color.<\/p>\n<!-- AddThis Advanced Settings generic via filter on the_content --><!-- AddThis Share Buttons generic via filter on the_content -->","protected":false},"excerpt":{"rendered":"<p>Es un gran bolso hippie con borlas de cuero, cuentas de metal adornadas y piel artesanal. Hermosa piel vintage hippie.<br \/>\nCada bolso ha sido hecho individualmente de forma artesanal, todas sus partes han sido seleccionadas a mano. Tenga en cuenta que el cuero y el forro son nuevos, pero las chapas lo hacen un verdadero bolso vintage.<\/p>\n<p>Medidas 45cm de alto x 28 cm largo x 16cm ancho<\/p>\n<h5><strong>\u00bfAlguna duda? Ponte en contacto con nosotros a trav\u00e9s del bot\u00f3n del chat directo por whatsApp y te resolveremos las dudas al instante!<\/strong><\/h5>\n<p><!-- AddThis Advanced Settings generic via filter on get_the_excerpt --><!-- AddThis Share Buttons generic via filter on get_the_excerpt --><\/p>\n","protected":false},"featured_media":13275,"comment_status":"open","ping_status":"closed","template":"","meta":{"om_disable_all_campaigns":false,"_monsterinsights_skip_tracking":false,"_monsterinsights_sitenote_active":false,"_monsterinsights_sitenote_note":"","_monsterinsights_sitenote_category":0,"_uf_show_specific_survey":0,"_uf_disable_surveys":false},"product_brand":[1217],"product_cat":[40,41],"product_tag":[1026,303,315,268,778,255,823,744,279],"class_list":{"0":"post-13274","1":"product","2":"type-product","3":"status-publish","4":"has-post-thumbnail","6":"product_brand-ibags-belts","7":"product_cat-bolsos-de-hombro","8":"product_cat-shoppers","9":"product_tag-animal-print","10":"product_tag-bolso-bohemian","11":"product_tag-bolso-cuero-artesano","12":"product_tag-bolso-cuero-boho-bolso-cuero-con-tachuelas-bolsos-cuero-caballero-bolso-cuero-de-hombre-bolso-cuero-de-viaje-bolso-cuero-de-vaca-bolso-de-cuero-artesanal-bolso-de-cuero","13":"product_tag-bolso-cuero-de-vaca","14":"product_tag-bolso-cuero-mujer","15":"product_tag-bolso-piel","16":"product_tag-estilo-bohochic","17":"product_tag-bolso-cuero-artesanal-hombre-bolso-cuero-boho-bolso-cuero-con-tachuelas-bolsos-cuero-caballero-bolso-cuero-de-hombre-bolso-cuero-de-viaje-bolso-cuero-de-vaca","19":"first","20":"instock","21":"sold-individually","22":"shipping-taxable","23":"purchasable","24":"product-type-simple","25":"add-to-wishlist-after_add_to_cart","26":"layout-style-1","27":"col-md-4 col-sm-4 col-xs-6","28":"col-lg-3","29":"product-has-gallery","30":"product-style-default"},"aioseo_notices":[],"_links":{"self":[{"href":"https:\/\/www.ibagsbelts.com\/tienda\/wp-json\/wp\/v2\/product\/13274","targetHints":{"allow":["GET"]}}],"collection":[{"href":"https:\/\/www.ibagsbelts.com\/tienda\/wp-json\/wp\/v2\/product"}],"about":[{"href":"https:\/\/www.ibagsbelts.com\/tienda\/wp-json\/wp\/v2\/types\/product"}],"replies":[{"embeddable":true,"href":"https:\/\/www.ibagsbelts.com\/tienda\/wp-json\/wp\/v2\/comments?post=13274"}],"wp:featuredmedia":[{"embeddable":true,"href":"https:\/\/www.ibagsbelts.com\/tienda\/wp-json\/wp\/v2\/media\/13275"}],"wp:attachment":[{"href":"https:\/\/www.ibagsbelts.com\/tienda\/wp-json\/wp\/v2\/media?parent=13274"}],"wp:term":[{"taxonomy":"product_brand","embeddable":true,"href":"https:\/\/www.ibagsbelts.com\/tienda\/wp-json\/wp\/v2\/product_brand?post=13274"},{"taxonomy":"product_cat","embeddable":true,"href":"https:\/\/www.ibagsbelts.com\/tienda\/wp-json\/wp\/v2\/product_cat?post=13274"},{"taxonomy":"product_tag","embeddable":true,"href":"https:\/\/www.ibagsbelts.com\/tienda\/wp-json\/wp\/v2\/product_tag?post=13274"}],"curies":[{"name":"wp","href":"https:\/\/api.w.org\/{rel}","templated":true}]}}