{"id":13598,"date":"2021-07-24T22:58:40","date_gmt":"2021-07-24T20:58:40","guid":{"rendered":"https:\/\/www.ibagsbelts.com\/tienda\/?post_type=product&#038;p=13598"},"modified":"2026-03-15T12:16:35","modified_gmt":"2026-03-15T11:16:35","slug":"cinturon-de-cuero-trenzado-amazonas-av","status":"publish","type":"product","link":"https:\/\/www.ibagsbelts.com\/tienda\/producto\/cinturon-de-cuero-trenzado-amazonas-av\/","title":{"rendered":"Cintur\u00f3n de cuero trenzado Amazonas"},"content":{"rendered":"<p>\u00a1Una joya con un toque natural! Esta correa de cuero combinar\u00e1 con todos tus looks.<\/p>\n<p>Est\u00e1 hecha de cuero trenzado para llevarlo todos los d\u00edas sin ning\u00fan problema y la podr\u00e1s llevar c\u00f3modamente en la cintura o cadera.<\/p>\n<p>Tiene un hebilla con un bonito decorado en metal que lo puedas adaptar a la medida que m\u00e1s te convenga.<\/p>\n<p>Ancho: aproximadamente 4 a 5 cm.<\/p>\n<p>Largo: contamos con medidas hasta aproximadamente 120 cm.<\/p>\n<p>Composici\u00f3n: Correa 100% cuero.<\/p>\n<p>Hebilla aleaci\u00f3n de metales.<\/p>\n<p>Talla \u00fanica<\/p>\n<p style=\"text-align: center;\"><strong>Aviso importante<\/strong><\/p>\n<p>Todos nuestros productos de cuero est\u00e1n hechos a mano y su nuevo bolso de cuero puede estar sujeta a una variaci\u00f3n natural en tama\u00f1o y color.<\/p>\n<p>Las pieles utilizadas han sido procesadas y curtidas en una de las curtidur\u00edas m\u00e1s antiguas utilizando t\u00e9cnicas centenarias para dar al cuero acabado un aspecto antiguo \/ vintage.<br \/>\nPara los tama\u00f1os, permita 1-2 cm diferencia debido a la medida manual.<br \/>\nLas im\u00e1genes son 100% reales.<br \/>\nDebido al monitor del ordenador y el brillo real de la toma y otras razones, habr\u00e1 una cierta diferencia de color.<\/p>\n<h5>\u00bfAlguna duda? Ponte en contacto con nosotros a trav\u00e9s del bot\u00f3n del chat directo por whats app y te resolveremos las dudas al instante!<\/h5>\n<!-- AddThis Advanced Settings generic via filter on the_content --><!-- AddThis Share Buttons generic via filter on the_content -->","protected":false},"excerpt":{"rendered":"<p>\u00a1Una joya con un toque natural! Esta correa de cuero combinar\u00e1 con todos tus looks.<\/p>\n<p>Est\u00e1 hecha de cuero trenzado para llevarlo todos los d\u00edas sin ning\u00fan problema y la podr\u00e1s llevar c\u00f3modamente en la cintura o cadera.<\/p>\n<p>Tiene un hebilla con un bonito decorado en metal que lo puedas adaptar a la medida que m\u00e1s te convenga.<\/p>\n<p>Ancho: aproximadamente 4 a\u00a0 5cm.<\/p>\n<p>Largo: contamos con medidas de aproximadamente 120 cm.<!-- AddThis Advanced Settings generic via filter on get_the_excerpt --><!-- AddThis Share Buttons generic via filter on get_the_excerpt --><\/p>\n","protected":false},"featured_media":13583,"comment_status":"open","ping_status":"closed","template":"","meta":{"om_disable_all_campaigns":false,"_monsterinsights_skip_tracking":false,"_monsterinsights_sitenote_active":false,"_monsterinsights_sitenote_note":"","_monsterinsights_sitenote_category":0,"_uf_show_specific_survey":0,"_uf_disable_surveys":false},"product_brand":[1217],"product_cat":[396,951],"product_tag":[290,258,332,335,333,336],"class_list":{"0":"post-13598","1":"product","2":"type-product","3":"status-publish","4":"has-post-thumbnail","6":"product_brand-ibags-belts","7":"product_cat-trenzados-cinturon","8":"product_cat-fajin","9":"product_tag-cinturon","10":"product_tag-cinturon-cuero-cowboy-cinturon-cuero-de-vaca-cinturon-de-cuero-artesanal-bolso-de-cuero-cinturon-cuero-para-hombre-cinturon-para-mujer","11":"product_tag-cinturon-cuero","12":"product_tag-cinturon-cuero-natural","13":"product_tag-cinturon-cuero-vaca","14":"product_tag-cinturon-marruecos","16":"first","17":"instock","18":"shipping-taxable","19":"purchasable","20":"product-type-simple","21":"add-to-wishlist-after_add_to_cart","22":"layout-style-1","23":"col-md-4 col-sm-4 col-xs-6","24":"col-lg-3","25":"product-has-gallery","26":"product-style-default"},"aioseo_notices":[],"_links":{"self":[{"href":"https:\/\/www.ibagsbelts.com\/tienda\/wp-json\/wp\/v2\/product\/13598","targetHints":{"allow":["GET"]}}],"collection":[{"href":"https:\/\/www.ibagsbelts.com\/tienda\/wp-json\/wp\/v2\/product"}],"about":[{"href":"https:\/\/www.ibagsbelts.com\/tienda\/wp-json\/wp\/v2\/types\/product"}],"replies":[{"embeddable":true,"href":"https:\/\/www.ibagsbelts.com\/tienda\/wp-json\/wp\/v2\/comments?post=13598"}],"wp:featuredmedia":[{"embeddable":true,"href":"https:\/\/www.ibagsbelts.com\/tienda\/wp-json\/wp\/v2\/media\/13583"}],"wp:attachment":[{"href":"https:\/\/www.ibagsbelts.com\/tienda\/wp-json\/wp\/v2\/media?parent=13598"}],"wp:term":[{"taxonomy":"product_brand","embeddable":true,"href":"https:\/\/www.ibagsbelts.com\/tienda\/wp-json\/wp\/v2\/product_brand?post=13598"},{"taxonomy":"product_cat","embeddable":true,"href":"https:\/\/www.ibagsbelts.com\/tienda\/wp-json\/wp\/v2\/product_cat?post=13598"},{"taxonomy":"product_tag","embeddable":true,"href":"https:\/\/www.ibagsbelts.com\/tienda\/wp-json\/wp\/v2\/product_tag?post=13598"}],"curies":[{"name":"wp","href":"https:\/\/api.w.org\/{rel}","templated":true}]}}