{"id":13687,"date":"2021-08-04T21:44:45","date_gmt":"2021-08-04T19:44:45","guid":{"rendered":"https:\/\/www.ibagsbelts.com\/tienda\/?post_type=product&#038;p=13687"},"modified":"2026-03-15T12:11:48","modified_gmt":"2026-03-15T11:11:48","slug":"bolso-de-cuero-boho-con-flecos-mediano-2","status":"publish","type":"product","link":"https:\/\/www.ibagsbelts.com\/tienda\/producto\/bolso-de-cuero-boho-con-flecos-mediano-2\/","title":{"rendered":"Bolso de cuero Boho con flecos marr\u00f3n mediano Said"},"content":{"rendered":"<p style=\"text-align: left;\">Bolso bandolera de cuero de vaca, bolso de cuerpo cruzado con flecos para mujer.<\/p>\n<p style=\"text-align: left;\">Bandolera grande en cuero artesanal con apliques met\u00e1licos en la parte frontal de la solapa, su bolsillo principal con cierre de cremallera.<\/p>\n<p style=\"text-align: left;\">\u00a1Conoce la bolsa perfecta y ag\u00e1rrala! Con un dise\u00f1o ligero y el tama\u00f1o adecuado para ser usado c\u00f3modamente todo el d\u00eda como bandolera o tambi\u00e9n para bailar toda la noche con las manos libres, este bolso seguramente se convertir\u00e1 en un favorito personal.<\/p>\n<p style=\"text-align: left;\">La correa ajustable con hebilla para darle mejor comodidad. Decoraci\u00f3n \u00e9tnica hecha a mano.<\/p>\n<p style=\"text-align: left;\">Este bolso se puede llevar como bandolera es perfecto para el d\u00eda a d\u00eda! Hay mucho espacio y se puede poner all\u00ed todo en su vida cotidiana.<\/p>\n<p style=\"text-align: left;\">Interior totalmente forrado, un bolsillo con cremallera debajo de la solapa. La correa puede ser ajustable a varias longitudes.<\/p>\n<p style=\"text-align: left;\">Hecho a mano y la mejor calidad de acabado.<\/p>\n<p style=\"text-align: left;\"><strong>Aviso importante<\/strong><\/p>\n<p style=\"text-align: left;\">Todos nuestros productos de cuero est\u00e1n hechos a mano y su nueva bolsa de cuero puede estar sujeta a una variaci\u00f3n natural en tama\u00f1o y color.<br \/>\nPara los tama\u00f1os, permita 1-2 cm difiere debido a la medida manual.<br \/>\nLas im\u00e1genes son 100% reales.<br \/>\nDebido al monitor del ordenador y el brillo real de la toma y otras razones, habr\u00e1 una cierta diferencia de color.<\/p>\n<!-- AddThis Advanced Settings generic via filter on the_content --><!-- AddThis Share Buttons generic via filter on the_content -->","protected":false},"excerpt":{"rendered":"<p>Bolso bandolera de cuero artesanal, bolso de cuerpo cruzado con flecos para mujer.\u00a0Bandolera grande en cuero artesanal con apliques met\u00e1licos en la parte frontal de la solapa, su bolsillo principal con cierre de cremallera.<\/p>\n<p>\u00a1Conoce la bolsa perfecta y ag\u00e1rrala! Con un dise\u00f1o ligero y el tama\u00f1o adecuado para ser usado c\u00f3modamente todo el d\u00eda como bandolera o tambi\u00e9n para bailar toda la noche con las manos libres, este bolso seguramente se convertir\u00e1 en un favorito personal.<\/p>\n<p>La correa ajustable con hebilla para darle mejor comodidad. Decoraci\u00f3n \u00e9tnica hecha a mano.\u00a0No importa cu\u00e1l sea tu estilo, \u00a1este bolso seguro que te encantara!<\/p>\n<p>Medidas 29cm de alto x 24 cm largo x 5cm<\/p>\n<h5><strong>\u00bfAlguna duda? Ponte en contacto con nosotros a trav\u00e9s del bot\u00f3n del chat directo por whatsApp y te resolveremos las dudas al instante!<\/strong><\/h5>\n<p><!-- AddThis Advanced Settings generic via filter on get_the_excerpt --><!-- AddThis Share Buttons generic via filter on get_the_excerpt --><\/p>\n","protected":false},"featured_media":13690,"comment_status":"open","ping_status":"closed","template":"","meta":{"om_disable_all_campaigns":false,"_monsterinsights_skip_tracking":false,"_monsterinsights_sitenote_active":false,"_monsterinsights_sitenote_note":"","_monsterinsights_sitenote_category":0,"_uf_show_specific_survey":0,"_uf_disable_surveys":false},"product_brand":[1217],"product_cat":[240],"product_tag":[1044,301,877,737,266,303,1020,299,305,315,777,316,312,313,255,824,823,784,727,281,746],"class_list":{"0":"post-13687","1":"product","2":"type-product","3":"status-publish","4":"has-post-thumbnail","6":"product_brand-ibags-belts","7":"product_cat-bolsos-bandoleras-de-cuero-artesanal","8":"product_tag-ante","9":"product_tag-bandolera","10":"product_tag-bandoleras","11":"product_tag-bohochic","12":"product_tag-bolso-bohemian-bolso-cuero-repujado-bolsos-cuero-retro-bolso-shopper-cuero-bolso-cuero-trenzado-bolso-cuero-troquelado","13":"product_tag-bolso-bohemian","14":"product_tag-bolso-boho","15":"product_tag-bolso-cuero","16":"product_tag-bolso-cuero-artesanal","17":"product_tag-bolso-cuero-artesano","18":"product_tag-bolso-cuero-bandoleras","19":"product_tag-bolso-cuero-con-tachuelas","20":"product_tag-bolso-cuero-flecos","21":"product_tag-bolso-cuero-hecho-a-mano","22":"product_tag-bolso-cuero-mujer","23":"product_tag-bolso-flecos","24":"product_tag-bolso-piel","25":"product_tag-bolso-trenzados","26":"product_tag-bolsos-bandoleras-cuero","27":"product_tag-bolso-bohemian-bolso-cuero-para-hombre-bolso-cuero-repujado-bolsos-cuero-retro-bolso-shopper-cuero-bolso-cuero-trenzado-bolso-cuero-troquelado-bolso-cuero-vaca-bolso-cuero-viaje-hombre","28":"product_tag-estilo-hippiechic","30":"first","31":"instock","32":"shipping-taxable","33":"purchasable","34":"product-type-simple","35":"add-to-wishlist-after_add_to_cart","36":"layout-style-1","37":"col-md-4 col-sm-4 col-xs-6","38":"col-lg-3","39":"product-has-gallery","40":"product-style-default"},"aioseo_notices":[],"_links":{"self":[{"href":"https:\/\/www.ibagsbelts.com\/tienda\/wp-json\/wp\/v2\/product\/13687","targetHints":{"allow":["GET"]}}],"collection":[{"href":"https:\/\/www.ibagsbelts.com\/tienda\/wp-json\/wp\/v2\/product"}],"about":[{"href":"https:\/\/www.ibagsbelts.com\/tienda\/wp-json\/wp\/v2\/types\/product"}],"replies":[{"embeddable":true,"href":"https:\/\/www.ibagsbelts.com\/tienda\/wp-json\/wp\/v2\/comments?post=13687"}],"wp:featuredmedia":[{"embeddable":true,"href":"https:\/\/www.ibagsbelts.com\/tienda\/wp-json\/wp\/v2\/media\/13690"}],"wp:attachment":[{"href":"https:\/\/www.ibagsbelts.com\/tienda\/wp-json\/wp\/v2\/media?parent=13687"}],"wp:term":[{"taxonomy":"product_brand","embeddable":true,"href":"https:\/\/www.ibagsbelts.com\/tienda\/wp-json\/wp\/v2\/product_brand?post=13687"},{"taxonomy":"product_cat","embeddable":true,"href":"https:\/\/www.ibagsbelts.com\/tienda\/wp-json\/wp\/v2\/product_cat?post=13687"},{"taxonomy":"product_tag","embeddable":true,"href":"https:\/\/www.ibagsbelts.com\/tienda\/wp-json\/wp\/v2\/product_tag?post=13687"}],"curies":[{"name":"wp","href":"https:\/\/api.w.org\/{rel}","templated":true}]}}