{"id":13904,"date":"2021-08-29T00:38:00","date_gmt":"2021-08-28T22:38:00","guid":{"rendered":"https:\/\/www.ibagsbelts.com\/tienda\/?post_type=product&#038;p=13904"},"modified":"2026-03-15T12:07:26","modified_gmt":"2026-03-15T11:07:26","slug":"mochila-clasica-pequena-con-chapas-y-tachas-natural","status":"publish","type":"product","link":"https:\/\/www.ibagsbelts.com\/tienda\/producto\/mochila-clasica-pequena-con-chapas-y-tachas-natural\/","title":{"rendered":"Mochila cl\u00e1sica peque\u00f1a con chapas y tachas natural Philip"},"content":{"rendered":"<p style=\"text-align: left;\">\u00a1Destaca con estilo con esta moderna y espaciosa mochila cl\u00e1sica! Fabricada en cuero resistente, esta mochila ofrece una protecci\u00f3n duradera para tus art\u00edculos esenciales.<\/p>\n<p style=\"text-align: left;\">Sus correas de hombro ajustables de cuero de vaca y solapas decoradas con chapones y remaches a\u00f1aden un toque de estilo a cualquier look, siguiendo de cerca las \u00faltimas tendencias de la moda. Vers\u00e1til y juvenil, esta mochila ofrece dos formas de transporte: \u00fasala como un pr\u00e1ctico morral ocasional o como un elegante bolso de mano.<\/p>\n<p style=\"text-align: left;\">Con tres bolsillos delanteros de cuero en el exterior y un bolsillo con cremallera en el interior para tus tarjetas y tel\u00e9fono m\u00f3vil, esta mochila ofrece tanto estilo como funcionalidad.<\/p>\n<p style=\"text-align: left;\">\u00a1No te pierdas la oportunidad de llevar esta mochila que combina moda y practicidad a donde quiera que vayas!<\/p>\n<p style=\"text-align: left;\"><strong>Aviso importante<\/strong><\/p>\n<p style=\"text-align: left;\">Todos nuestros productos de cuero est\u00e1n hechos a mano y su nueva bolsa de cuero puede estar sujeta a una variaci\u00f3n natural en tama\u00f1o y color.<br \/>\nPara los tama\u00f1os, permita 1-2 cm difiere debido a la medida manual.<br \/>\nLas im\u00e1genes son 100% reales.<br \/>\nDebido al monitor del ordenador y el brillo real de la toma y otras razones, habr\u00e1 una cierta diferencia de color.<\/p>\n<!-- AddThis Advanced Settings generic via filter on the_content --><!-- AddThis Share Buttons generic via filter on the_content -->","protected":false},"excerpt":{"rendered":"<p><span class=\"a-list-item\">Dise\u00f1o moderno y de lo generoso de la mochila cl\u00e1sica. Hecho en cuero, es fuerte y durable, ofrece una fuerte protecci\u00f3n para sus art\u00edculos.<\/span><\/p>\n<p><span class=\"a-list-item\">Correas de hombro ajustables del cuero de la vaca y solapas decoradas con chapones y remaches, esta mochila va bien con cualquier \u00e9poca del a\u00f1o. Sigue de cerca la tendencia de la moda. Est\u00e1 lleno de juventud.\u00a0<\/span><span class=\"a-list-item\">Dos diversas maneras del transporte para las varias ocasiones, puede utilizar simplemente como morral ocasional, bolso superior de la manija.<\/span><\/p>\n<p><span class=\"a-list-item\">Exterior: 3 bolsillos delanteros de cuero; Interior: 1 bolsillo con cremallera a la espalda para las tarjetas y el tel\u00e9fono m\u00f3vil.<\/span><\/p>\n<p>Dimensiones : 20 cm X 24 cm X 12 cm.\u00a0Forro interior<\/p>\n<h5><strong>\u00bfAlguna duda? Ponte en contacto con nosotros a trav\u00e9s del bot\u00f3n del chat directo por whatsApp y te resolveremos las dudas al instante!<\/strong><\/h5>\n<p><!-- AddThis Advanced Settings generic via filter on get_the_excerpt --><!-- AddThis Share Buttons generic via filter on get_the_excerpt --><\/p>\n","protected":false},"featured_media":13906,"comment_status":"open","ping_status":"closed","template":"","meta":{"om_disable_all_campaigns":false,"_monsterinsights_skip_tracking":false,"_monsterinsights_sitenote_active":false,"_monsterinsights_sitenote_note":"","_monsterinsights_sitenote_category":0,"_uf_show_specific_survey":0,"_uf_disable_surveys":false},"product_brand":[1217],"product_cat":[399],"product_tag":[745,746,738,275,322,310,1099,347,354,1136,874,1100,1101,325],"class_list":{"0":"post-13904","1":"product","2":"type-product","3":"status-publish","4":"has-post-thumbnail","6":"product_brand-ibags-belts","7":"product_cat-mochilas-pequenas","8":"product_tag-estilo-hippie","9":"product_tag-estilo-hippiechic","10":"product_tag-hippie","11":"product_tag-mochila-de-cuero-para-hombre-bolso-de-cuero-para-mujer-bolso-de-cuero-hecho-a-mano-bolso-cuero-grabado-bolso-cuero-hombre-artesanal-bolso-cuero-hecho-a-mano-bolsos-cuero-y-kilim","12":"product_tag-mochila-clasica-marroqui","13":"product_tag-mochila-cuero","14":"product_tag-mochila-heavy","15":"product_tag-mochila-hecho-a-mano","16":"product_tag-mochila-moto-cuero","17":"product_tag-mochila-piel","18":"product_tag-mochila-remaches","19":"product_tag-mochila-rock","20":"product_tag-mochila-tachas","21":"product_tag-mochilas","23":"first","24":"outofstock","25":"shipping-taxable","26":"purchasable","27":"product-type-simple","28":"add-to-wishlist-after_add_to_cart","29":"layout-style-1","30":"col-md-4 col-sm-4 col-xs-6","31":"col-lg-3","32":"product-has-gallery","33":"product-style-default"},"aioseo_notices":[],"_links":{"self":[{"href":"https:\/\/www.ibagsbelts.com\/tienda\/wp-json\/wp\/v2\/product\/13904","targetHints":{"allow":["GET"]}}],"collection":[{"href":"https:\/\/www.ibagsbelts.com\/tienda\/wp-json\/wp\/v2\/product"}],"about":[{"href":"https:\/\/www.ibagsbelts.com\/tienda\/wp-json\/wp\/v2\/types\/product"}],"replies":[{"embeddable":true,"href":"https:\/\/www.ibagsbelts.com\/tienda\/wp-json\/wp\/v2\/comments?post=13904"}],"wp:featuredmedia":[{"embeddable":true,"href":"https:\/\/www.ibagsbelts.com\/tienda\/wp-json\/wp\/v2\/media\/13906"}],"wp:attachment":[{"href":"https:\/\/www.ibagsbelts.com\/tienda\/wp-json\/wp\/v2\/media?parent=13904"}],"wp:term":[{"taxonomy":"product_brand","embeddable":true,"href":"https:\/\/www.ibagsbelts.com\/tienda\/wp-json\/wp\/v2\/product_brand?post=13904"},{"taxonomy":"product_cat","embeddable":true,"href":"https:\/\/www.ibagsbelts.com\/tienda\/wp-json\/wp\/v2\/product_cat?post=13904"},{"taxonomy":"product_tag","embeddable":true,"href":"https:\/\/www.ibagsbelts.com\/tienda\/wp-json\/wp\/v2\/product_tag?post=13904"}],"curies":[{"name":"wp","href":"https:\/\/api.w.org\/{rel}","templated":true}]}}