{"id":14204,"date":"2021-10-14T13:16:05","date_gmt":"2021-10-14T11:16:05","guid":{"rendered":"https:\/\/www.ibagsbelts.com\/tienda\/?post_type=product&#038;p=14204"},"modified":"2026-03-15T12:01:26","modified_gmt":"2026-03-15T11:01:26","slug":"bolso-de-cuero-y-piel-con-pelo-de-vaca-animal-print-natural-2","status":"publish","type":"product","link":"https:\/\/www.ibagsbelts.com\/tienda\/producto\/bolso-de-cuero-y-piel-con-pelo-de-vaca-animal-print-natural-2\/","title":{"rendered":"Bolso de cuero camel y piel con pelo de vaca animal print Jack"},"content":{"rendered":"<p>Descubre nuestra exclusiva bandolera de cuero con flecos, cuidadosamente elaborada a mano para a\u00f1adir un toque artesanal a tu estilo.<\/p>\n<p>Este bolso presenta un dise\u00f1o \u00fanico, con detalles de pelo de vaca y remaches color plata que le confieren un car\u00e1cter distintivo. Su cierre de cremallera garantiza la seguridad de tus pertenencias, mientras que el bolsillo interior con cremallera y forro de tela de algod\u00f3n ofrece una organizaci\u00f3n \u00f3ptima.<\/p>\n<p>Con una pr\u00e1ctica asa tipo bandolera ajustable, este bolso te brinda la libertad de variar su uso seg\u00fan tus necesidades y preferencias. Ya sea que lo lleves cruzado sobre el hombro o colgado de forma elegante, este bolso es el complemento perfecto para cualquier look.<\/p>\n<p>Con unas dimensiones de 35 cm de alto, 30 cm de largo y 6 cm de ancho, este bolso ofrece el equilibrio ideal entre practicidad y estilo. No pierdas la oportunidad de lucir perfecta con esta pieza pr\u00e1ctica y elegante. \u00a1Hazte con la tuya hoy mismo!<\/p>\n<p style=\"text-align: left;\"><strong>Aviso importante<\/strong><\/p>\n<p>Todos nuestros productos de cuero puede estar sujeta a una variaci\u00f3n natural en tama\u00f1o y color.<\/p>\n<p>Las pieles utilizadas han sido procesadas y curtidas para dar al cuero acabado un aspecto antiguo \/ vintage.<br \/>\nPara los tama\u00f1os, permita 1-2 cm diferencia debido a la medida manual.<br \/>\nLas im\u00e1genes son 100% reales.<br \/>\nDebido al monitor del ordenador y el brillo real de la toma y otras razones, habr\u00e1 una cierta diferencia de color.<\/p>\n<!-- AddThis Advanced Settings generic via filter on the_content --><!-- AddThis Share Buttons generic via filter on the_content -->","protected":false},"excerpt":{"rendered":"<p>Bolso bandolera de cuero con flecos hecho a mano, con cierre de cremallera.<\/p>\n<p>Con pelo de vaca y remaches color plata para darle el toque artesanal a esta pieza, en su interior bolsillo con cremallera forrado con tela de algod\u00f3n, asa tipo bandolera regulable. Su tama\u00f1o y modelo te da la posibilidad de variar su uso.<\/p>\n<p>Medidas 35cm de alto x 30 cm largo x 6cm ancho<\/p>\n<p class=\"Standard\"><span lang=\"ES\">Es una pieza pr\u00e1ctica y elegante a la hora de completar un look para verte perfecta.<\/span><\/p>\n<div class=\"woocommerce-product-details__short-description\">\n<h5><strong>\u00bfAlguna duda? Ponte en contacto con nosotros a trav\u00e9s del bot\u00f3n del chat directo por whatsApp y te resolveremos las dudas al instante!<\/strong><\/h5>\n<\/div>\n<p><!-- AddThis Advanced Settings generic via filter on get_the_excerpt --><!-- AddThis Share Buttons generic via filter on get_the_excerpt --><\/p>\n","protected":false},"featured_media":14206,"comment_status":"open","ping_status":"closed","template":"","meta":{"om_disable_all_campaigns":false,"_monsterinsights_skip_tracking":false,"_monsterinsights_sitenote_active":false,"_monsterinsights_sitenote_note":"","_monsterinsights_sitenote_category":0,"_uf_show_specific_survey":0,"_uf_disable_surveys":false},"product_brand":[1217],"product_cat":[240],"product_tag":[301,877,737,266,303,299,305,315,316,277,779,727,281,746],"class_list":{"0":"post-14204","1":"product","2":"type-product","3":"status-publish","4":"has-post-thumbnail","6":"product_brand-ibags-belts","7":"product_cat-bolsos-bandoleras-de-cuero-artesanal","8":"product_tag-bandolera","9":"product_tag-bandoleras","10":"product_tag-bohochic","11":"product_tag-bolso-bohemian-bolso-cuero-repujado-bolsos-cuero-retro-bolso-shopper-cuero-bolso-cuero-trenzado-bolso-cuero-troquelado","12":"product_tag-bolso-bohemian","13":"product_tag-bolso-cuero","14":"product_tag-bolso-cuero-artesanal","15":"product_tag-bolso-cuero-artesano","16":"product_tag-bolso-cuero-con-tachuelas","17":"product_tag-bolsos-cuero-retro-bolso-shopper-cuero-bolso-cuero-trenzado-bolso-cuero-troquelado-bolso-cuero-vaca-bolso-cuero-viaje-hombre","18":"product_tag-bolso-de-cuero-artesanal","19":"product_tag-bolsos-bandoleras-cuero","20":"product_tag-bolso-bohemian-bolso-cuero-para-hombre-bolso-cuero-repujado-bolsos-cuero-retro-bolso-shopper-cuero-bolso-cuero-trenzado-bolso-cuero-troquelado-bolso-cuero-vaca-bolso-cuero-viaje-hombre","21":"product_tag-estilo-hippiechic","23":"first","24":"instock","25":"shipping-taxable","26":"purchasable","27":"product-type-simple","28":"add-to-wishlist-after_add_to_cart","29":"layout-style-1","30":"col-md-4 col-sm-4 col-xs-6","31":"col-lg-3","32":"product-has-gallery","33":"product-style-default"},"aioseo_notices":[],"_links":{"self":[{"href":"https:\/\/www.ibagsbelts.com\/tienda\/wp-json\/wp\/v2\/product\/14204","targetHints":{"allow":["GET"]}}],"collection":[{"href":"https:\/\/www.ibagsbelts.com\/tienda\/wp-json\/wp\/v2\/product"}],"about":[{"href":"https:\/\/www.ibagsbelts.com\/tienda\/wp-json\/wp\/v2\/types\/product"}],"replies":[{"embeddable":true,"href":"https:\/\/www.ibagsbelts.com\/tienda\/wp-json\/wp\/v2\/comments?post=14204"}],"wp:featuredmedia":[{"embeddable":true,"href":"https:\/\/www.ibagsbelts.com\/tienda\/wp-json\/wp\/v2\/media\/14206"}],"wp:attachment":[{"href":"https:\/\/www.ibagsbelts.com\/tienda\/wp-json\/wp\/v2\/media?parent=14204"}],"wp:term":[{"taxonomy":"product_brand","embeddable":true,"href":"https:\/\/www.ibagsbelts.com\/tienda\/wp-json\/wp\/v2\/product_brand?post=14204"},{"taxonomy":"product_cat","embeddable":true,"href":"https:\/\/www.ibagsbelts.com\/tienda\/wp-json\/wp\/v2\/product_cat?post=14204"},{"taxonomy":"product_tag","embeddable":true,"href":"https:\/\/www.ibagsbelts.com\/tienda\/wp-json\/wp\/v2\/product_tag?post=14204"}],"curies":[{"name":"wp","href":"https:\/\/api.w.org\/{rel}","templated":true}]}}