{"id":14606,"date":"2021-12-04T13:43:47","date_gmt":"2021-12-04T12:43:47","guid":{"rendered":"https:\/\/www.ibagsbelts.com\/tienda\/?post_type=product&#038;p=14606"},"modified":"2026-03-15T11:51:57","modified_gmt":"2026-03-15T10:51:57","slug":"bolso-de-mano-y-bandolera-en-cuero-repujado-con-flecos-marron","status":"publish","type":"product","link":"https:\/\/www.ibagsbelts.com\/tienda\/producto\/bolso-de-mano-y-bandolera-en-cuero-repujado-con-flecos-marron\/","title":{"rendered":"Bolso de mano y bandolera en cuero repujado con flecos marr\u00f3n Olivia"},"content":{"rendered":"<p>Sum\u00e9rgete en la esencia del estilo bohemio con nuestro bolso de mano y bandolera en cuero repujado con flecos en tono marr\u00f3n.<\/p>\n<p>Este accesorio fusiona la artesan\u00eda excepcional con un dise\u00f1o \u00fanico, creando una pieza que no solo es funcional sino que tambi\u00e9n es una declaraci\u00f3n de moda.<\/p>\n<p>El cuero repujado agrega un toque de elegancia y textura, mientras que los flecos aportan un toque de movimiento y estilo bohemio. Este bolso vers\u00e1til puede ser llevado como un elegante bolso de mano para ocasiones especiales o como una c\u00f3moda bandolera para un estilo m\u00e1s relajado y diario.<\/p>\n<p style=\"text-align: left;\"><strong>Aviso importante<\/strong><\/p>\n<p>Todos nuestros productos de cuero est\u00e1n hechos a mano y su nueva bolsa de cuero puede estar sujeta a una variaci\u00f3n natural en tama\u00f1o y color.<br \/>\nPara los tama\u00f1os, permita 1-2 cm difiere debido a la medida manual.<br \/>\nLas im\u00e1genes son 100% reales.<br \/>\nDebido al monitor del ordenador y el brillo real de la toma y otras razones, habr\u00e1 una cierta diferencia de color.<\/p>\n<!-- AddThis Advanced Settings generic via filter on the_content --><!-- AddThis Share Buttons generic via filter on the_content -->","protected":false},"excerpt":{"rendered":"<p>Sum\u00e9rgete en la esencia del estilo bohemio con nuestro bolso de mano y bandolera en cuero repujado con flecos en tono marr\u00f3n.<\/p>\n<p>Este accesorio fusiona la artesan\u00eda excepcional con un dise\u00f1o \u00fanico, creando una pieza que no solo es funcional sino que tambi\u00e9n es una declaraci\u00f3n de moda.<\/p>\n<p>El cuero repujado agrega un toque de elegancia y textura, mientras que los flecos aportan un toque de movimiento y estilo bohemio. Este bolso vers\u00e1til puede ser llevado como un elegante bolso de mano para ocasiones especiales o como una c\u00f3moda bandolera para un estilo m\u00e1s relajado y diario.<\/p>\n<p>Cierre con cremallera en sus tres bolsillos. Forrado de tela.\u00a0Medidas del bolso 19 cm de alto por 29 cm de largo<\/p>\n<h5><strong>\u00bfAlguna duda? Ponte en contacto con nosotros a trav\u00e9s del bot\u00f3n del chat directo por whatsApp y te resolveremos las dudas al instante!<\/strong><\/h5>\n<p><!-- AddThis Advanced Settings generic via filter on get_the_excerpt --><!-- AddThis Share Buttons generic via filter on get_the_excerpt --><\/p>\n","protected":false},"featured_media":27938,"comment_status":"open","ping_status":"closed","template":"","meta":{"om_disable_all_campaigns":false,"_monsterinsights_skip_tracking":false,"_monsterinsights_sitenote_active":false,"_monsterinsights_sitenote_note":"","_monsterinsights_sitenote_category":0,"_uf_show_specific_survey":0,"_uf_disable_surveys":false},"product_brand":[1217],"product_cat":[240],"product_tag":[301,877,736,737,266,299,305,777,268,329,309,781,727,749],"class_list":{"0":"post-14606","1":"product","2":"type-product","3":"status-publish","4":"has-post-thumbnail","6":"product_brand-ibags-belts","7":"product_cat-bolsos-bandoleras-de-cuero-artesanal","8":"product_tag-bandolera","9":"product_tag-bandoleras","10":"product_tag-boho","11":"product_tag-bohochic","12":"product_tag-bolso-bohemian-bolso-cuero-repujado-bolsos-cuero-retro-bolso-shopper-cuero-bolso-cuero-trenzado-bolso-cuero-troquelado","13":"product_tag-bolso-cuero","14":"product_tag-bolso-cuero-artesanal","15":"product_tag-bolso-cuero-bandoleras","16":"product_tag-bolso-cuero-boho-bolso-cuero-con-tachuelas-bolsos-cuero-caballero-bolso-cuero-de-hombre-bolso-cuero-de-viaje-bolso-cuero-de-vaca-bolso-de-cuero-artesanal-bolso-de-cuero","17":"product_tag-bolso-cuero-hippie","18":"product_tag-bolso-cuero-mano","19":"product_tag-bolso-de-cuero-para-mujer","20":"product_tag-bolsos-bandoleras-cuero","21":"product_tag-clutch","23":"first","24":"instock","25":"sale","26":"shipping-taxable","27":"purchasable","28":"product-type-simple","29":"add-to-wishlist-after_add_to_cart","30":"layout-style-1","31":"col-md-4 col-sm-4 col-xs-6","32":"col-lg-3","33":"product-has-gallery","34":"product-style-default"},"aioseo_notices":[],"_links":{"self":[{"href":"https:\/\/www.ibagsbelts.com\/tienda\/wp-json\/wp\/v2\/product\/14606","targetHints":{"allow":["GET"]}}],"collection":[{"href":"https:\/\/www.ibagsbelts.com\/tienda\/wp-json\/wp\/v2\/product"}],"about":[{"href":"https:\/\/www.ibagsbelts.com\/tienda\/wp-json\/wp\/v2\/types\/product"}],"replies":[{"embeddable":true,"href":"https:\/\/www.ibagsbelts.com\/tienda\/wp-json\/wp\/v2\/comments?post=14606"}],"wp:featuredmedia":[{"embeddable":true,"href":"https:\/\/www.ibagsbelts.com\/tienda\/wp-json\/wp\/v2\/media\/27938"}],"wp:attachment":[{"href":"https:\/\/www.ibagsbelts.com\/tienda\/wp-json\/wp\/v2\/media?parent=14606"}],"wp:term":[{"taxonomy":"product_brand","embeddable":true,"href":"https:\/\/www.ibagsbelts.com\/tienda\/wp-json\/wp\/v2\/product_brand?post=14606"},{"taxonomy":"product_cat","embeddable":true,"href":"https:\/\/www.ibagsbelts.com\/tienda\/wp-json\/wp\/v2\/product_cat?post=14606"},{"taxonomy":"product_tag","embeddable":true,"href":"https:\/\/www.ibagsbelts.com\/tienda\/wp-json\/wp\/v2\/product_tag?post=14606"}],"curies":[{"name":"wp","href":"https:\/\/api.w.org\/{rel}","templated":true}]}}