{"id":14646,"date":"2021-12-05T13:35:46","date_gmt":"2021-12-05T12:35:46","guid":{"rendered":"https:\/\/www.ibagsbelts.com\/tienda\/?post_type=product&#038;p=14646"},"modified":"2026-03-15T11:48:20","modified_gmt":"2026-03-15T10:48:20","slug":"cinturon-trenzado-ancho-natural-con-hebilla-ovalada","status":"publish","type":"product","link":"https:\/\/www.ibagsbelts.com\/tienda\/producto\/cinturon-trenzado-ancho-natural-con-hebilla-ovalada\/","title":{"rendered":"Cintur\u00f3n trenzado ancho natural con hebilla ovalada"},"content":{"rendered":"<p>Cintur\u00f3n de cuero con correa trenzada, hebilla en metal y detalle central.<\/p>\n<p>El cierre es con un enganche en la hebilla que puedes ajustar a tu medida, por lo que sirve para todas las tallas.<\/p>\n<p class=\"Standard\">\u00a0Mide 6,5 cm de ancho y un largo m\u00e1ximo de 115 cm lo puedes usar en la cintura o en las caderas<\/p>\n<p class=\"Standard\">Es la mejor opci\u00f3n para llevarlo con tus vestidos, blusones, preferidos ya que le va a dar el toque que est\u00e1s buscando en tu outfits m\u00e1s original.<\/p>\n<p>Composici\u00f3n: Correa 100% cuero, Hebilla aleaci\u00f3n de metales.<\/p>\n<p>Talla \u00fanica<\/p>\n<p style=\"text-align: center;\"><strong>Aviso importante<\/strong><\/p>\n<p>\u00a0<\/p>\n<p>Todos nuestros productos de cuero est\u00e1n hechos a mano y su nuevo bolso de cuero puede estar sujeta a una variaci\u00f3n natural en tama\u00f1o y color.<\/p>\n<p>Las pieles utilizadas han sido procesadas y curtidas en una de las curtidur\u00edas m\u00e1s antiguas utilizando t\u00e9cnicas centenarias para dar al cuero acabado un aspecto antiguo \/ vintage.<br \/>\nPara los tama\u00f1os, permita 1-2 cm diferencia debido a la medida manual.<br \/>\nLas im\u00e1genes son 100% reales.<br \/>\nDebido al monitor del ordenador y el brillo real de la toma y otras razones, habr\u00e1 una cierta diferencia de color.<\/p>\n<h5><\/h5>\n<!-- AddThis Advanced Settings generic via filter on the_content --><!-- AddThis Share Buttons generic via filter on the_content -->","protected":false},"excerpt":{"rendered":"<div><span class=\"c-text c-text--title c-text--left c-text--content\">Cintur\u00f3n trenzado ancho Natural<\/span><\/div>\n<div class=\"u-text-wrap\"><span class=\"c-text c-text--body c-text--left c-text--content c-text--format\">Cintur\u00f3n artesanal de cuero ancho trenzado con hebilla de alpaca con incrustaci\u00f3n de hueso.<\/span><\/div>\n<div class=\"u-text-wrap\"><span class=\"c-text c-text--body c-text--left c-text--content c-text--format\"> De ancho 6,50 cm y le largo 110 cm a 115 cm aproximadamente.<\/span><\/div>\n<div class=\"u-text-wrap\"><span class=\"c-text c-text--body c-text--left c-text--content c-text--format\"> ideal para llevar con tus vestidos y vaqueros preferidos, no puede faltar en tu armario.<\/span><\/div>\n<div>\u00a1\u00a1comp\u00e1ralo ya!!<\/div>\n<div>\n<h5><strong>\u00bfAlguna duda? Ponte en contacto con nosotros a trav\u00e9s del bot\u00f3n del chat directo por whatsApp y te resolveremos las dudas al instante!.<\/strong><\/h5>\n<p>&nbsp;<\/p>\n<\/div>\n<p><!-- AddThis Advanced Settings generic via filter on get_the_excerpt --><!-- AddThis Share Buttons generic via filter on get_the_excerpt --><\/p>\n","protected":false},"featured_media":14648,"comment_status":"open","ping_status":"closed","template":"","meta":{"om_disable_all_campaigns":false,"_monsterinsights_skip_tracking":false,"_monsterinsights_sitenote_active":false,"_monsterinsights_sitenote_note":"","_monsterinsights_sitenote_category":0,"_uf_show_specific_survey":0,"_uf_disable_surveys":false},"product_brand":[1217],"product_cat":[396],"product_tag":[290,264,338,746],"class_list":{"0":"post-14646","1":"product","2":"type-product","3":"status-publish","4":"has-post-thumbnail","6":"product_brand-ibags-belts","7":"product_cat-trenzados-cinturon","8":"product_tag-cinturon","9":"product_tag-cinturon-cuero-de-vaca-cuero-de-cuero-cinturon-de-cuero-chapa","10":"product_tag-cinturon-cuero-trenzado-marroqui","11":"product_tag-estilo-hippiechic","13":"first","14":"instock","15":"shipping-taxable","16":"purchasable","17":"product-type-simple","18":"add-to-wishlist-after_add_to_cart","19":"layout-style-1","20":"col-md-4 col-sm-4 col-xs-6","21":"col-lg-3","22":"product-has-gallery","23":"product-style-default"},"aioseo_notices":[],"_links":{"self":[{"href":"https:\/\/www.ibagsbelts.com\/tienda\/wp-json\/wp\/v2\/product\/14646","targetHints":{"allow":["GET"]}}],"collection":[{"href":"https:\/\/www.ibagsbelts.com\/tienda\/wp-json\/wp\/v2\/product"}],"about":[{"href":"https:\/\/www.ibagsbelts.com\/tienda\/wp-json\/wp\/v2\/types\/product"}],"replies":[{"embeddable":true,"href":"https:\/\/www.ibagsbelts.com\/tienda\/wp-json\/wp\/v2\/comments?post=14646"}],"wp:featuredmedia":[{"embeddable":true,"href":"https:\/\/www.ibagsbelts.com\/tienda\/wp-json\/wp\/v2\/media\/14648"}],"wp:attachment":[{"href":"https:\/\/www.ibagsbelts.com\/tienda\/wp-json\/wp\/v2\/media?parent=14646"}],"wp:term":[{"taxonomy":"product_brand","embeddable":true,"href":"https:\/\/www.ibagsbelts.com\/tienda\/wp-json\/wp\/v2\/product_brand?post=14646"},{"taxonomy":"product_cat","embeddable":true,"href":"https:\/\/www.ibagsbelts.com\/tienda\/wp-json\/wp\/v2\/product_cat?post=14646"},{"taxonomy":"product_tag","embeddable":true,"href":"https:\/\/www.ibagsbelts.com\/tienda\/wp-json\/wp\/v2\/product_tag?post=14646"}],"curies":[{"name":"wp","href":"https:\/\/api.w.org\/{rel}","templated":true}]}}