{"id":14737,"date":"2021-12-13T12:01:03","date_gmt":"2021-12-13T11:01:03","guid":{"rendered":"https:\/\/www.ibagsbelts.com\/tienda\/?post_type=product&#038;p=14737"},"modified":"2026-03-14T22:17:47","modified_gmt":"2026-03-14T21:17:47","slug":"cinturon-fajin-artesanal-de-cuero-marron-hebilla","status":"publish","type":"product","link":"https:\/\/www.ibagsbelts.com\/tienda\/producto\/cinturon-fajin-artesanal-de-cuero-marron-hebilla\/","title":{"rendered":"Cintur\u00f3n faj\u00edn artesanal de cuero marr\u00f3n hebilla"},"content":{"rendered":"<div><span class=\"c-text c-text--title c-text--left c-text--content\">Cintur\u00f3n faj\u00edn artesanal de cuero, <\/span><span class=\"c-text c-text--body c-text--left c-text--content c-text--format\">cintur\u00f3n artesanal de cuero ancho con hebilla grande plateada <\/span><span class=\"c-text c-text--body c-text--left c-text--content c-text--format\">en la parte central.<\/span><\/div>\n<div class=\"u-text-wrap\"><span class=\"c-text c-text--body c-text--left c-text--content c-text--format\"> mide 9 cm en la parte trenzada . <\/span><span class=\"c-text c-text--body c-text--left c-text--content c-text--format\">De largo 112 cm aproximadamente.<\/span><\/div>\n<div class=\"u-text-wrap\"><span class=\"c-text c-text--body c-text--left c-text--content c-text--format\"> ideal para tu outfit no puede faltar en tu armario.<\/span><\/div>\n<p>Es la mejor opci\u00f3n para llevarlo con tus vestidos, blusones, preferidos ya que le va a dar el toque que est\u00e1s buscando en tu outfits m\u00e1s original.<\/p>\n<p>Composici\u00f3n: Correa 100% cuero, Hebilla aleaci\u00f3n de metales.<\/p>\n<p style=\"text-align: center;\"><strong>Aviso importante<\/strong><\/p>\n<p>Todos nuestros productos de cuero est\u00e1n hechos a mano y su nuevo bolso de cuero puede estar sujeta a una variaci\u00f3n natural en tama\u00f1o y color.<\/p>\n<p>Las pieles utilizadas han sido procesadas y curtidas en una de las curtidur\u00edas m\u00e1s antiguas utilizando t\u00e9cnicas centenarias para dar al cuero acabado un aspecto antiguo \/ vintage.<br \/>\nPara los tama\u00f1os, permita 1-2 cm diferencia debido a la medida manual.<\/p>\n<!-- AddThis Advanced Settings generic via filter on the_content --><!-- AddThis Share Buttons generic via filter on the_content -->","protected":false},"excerpt":{"rendered":"<div class=\"u-text-wrap\"><\/div>\n<div>\n<div><span class=\"c-text c-text--title c-text--left c-text--content\">Cintur\u00f3n faj\u00edn artesanal de cuero, <\/span><span class=\"c-text c-text--body c-text--left c-text--content c-text--format\">cintur\u00f3n artesanal de cuero ancho con hebilla grande plateada <\/span><span class=\"c-text c-text--body c-text--left c-text--content c-text--format\">en la parte central.<\/span><\/div>\n<div class=\"u-text-wrap\"><span class=\"c-text c-text--body c-text--left c-text--content c-text--format\"> mide 9 cm en la parte trenzada . <\/span><span class=\"c-text c-text--body c-text--left c-text--content c-text--format\">De largo 112 cm aproximadamente.<\/span><\/div>\n<div class=\"u-text-wrap\"><span class=\"c-text c-text--body c-text--left c-text--content c-text--format\"> ideal para tu outfit no puede faltar en tu armario.<\/span><\/div>\n<p>Es la mejor opci\u00f3n para llevarlo con tus vestidos, blusones, preferidos ya que le va a dar el toque que est\u00e1s buscando en tu outfits m\u00e1s original.<\/p>\n<\/div>\n<div><strong>\u00bfAlguna duda? Ponte en contacto con nosotros a trav\u00e9s del bot\u00f3n del chat directo por whatsApp y te resolveremos las dudas al instante!<\/strong><\/div>\n<p><!-- AddThis Advanced Settings generic via filter on get_the_excerpt --><!-- AddThis Share Buttons generic via filter on get_the_excerpt --><\/p>\n","protected":false},"featured_media":14739,"comment_status":"open","ping_status":"closed","template":"","meta":{"om_disable_all_campaigns":false,"_monsterinsights_skip_tracking":false,"_monsterinsights_sitenote_active":false,"_monsterinsights_sitenote_note":"","_monsterinsights_sitenote_category":0,"_uf_show_specific_survey":0,"_uf_disable_surveys":false},"product_brand":[1217],"product_cat":[396,951],"product_tag":[290,332,340,341,337,333,31,744],"class_list":{"0":"post-14737","1":"product","2":"type-product","3":"status-publish","4":"has-post-thumbnail","6":"product_brand-ibags-belts","7":"product_cat-trenzados-cinturon","8":"product_cat-fajin","9":"product_tag-cinturon","10":"product_tag-cinturon-cuero","11":"product_tag-cinturon-cuero-ancho-bohemian","12":"product_tag-cinturon-cuero-boho-chic","13":"product_tag-cinturon-cuero-tachas","14":"product_tag-cinturon-cuero-vaca","15":"product_tag-cinturon-trenzado-de-cuero","16":"product_tag-estilo-bohochic","18":"first","19":"instock","20":"sale","21":"sold-individually","22":"shipping-taxable","23":"purchasable","24":"product-type-simple","25":"add-to-wishlist-after_add_to_cart","26":"layout-style-1","27":"col-md-4 col-sm-4 col-xs-6","28":"col-lg-3","29":"product-has-gallery","30":"product-style-default"},"aioseo_notices":[],"_links":{"self":[{"href":"https:\/\/www.ibagsbelts.com\/tienda\/wp-json\/wp\/v2\/product\/14737","targetHints":{"allow":["GET"]}}],"collection":[{"href":"https:\/\/www.ibagsbelts.com\/tienda\/wp-json\/wp\/v2\/product"}],"about":[{"href":"https:\/\/www.ibagsbelts.com\/tienda\/wp-json\/wp\/v2\/types\/product"}],"replies":[{"embeddable":true,"href":"https:\/\/www.ibagsbelts.com\/tienda\/wp-json\/wp\/v2\/comments?post=14737"}],"wp:featuredmedia":[{"embeddable":true,"href":"https:\/\/www.ibagsbelts.com\/tienda\/wp-json\/wp\/v2\/media\/14739"}],"wp:attachment":[{"href":"https:\/\/www.ibagsbelts.com\/tienda\/wp-json\/wp\/v2\/media?parent=14737"}],"wp:term":[{"taxonomy":"product_brand","embeddable":true,"href":"https:\/\/www.ibagsbelts.com\/tienda\/wp-json\/wp\/v2\/product_brand?post=14737"},{"taxonomy":"product_cat","embeddable":true,"href":"https:\/\/www.ibagsbelts.com\/tienda\/wp-json\/wp\/v2\/product_cat?post=14737"},{"taxonomy":"product_tag","embeddable":true,"href":"https:\/\/www.ibagsbelts.com\/tienda\/wp-json\/wp\/v2\/product_tag?post=14737"}],"curies":[{"name":"wp","href":"https:\/\/api.w.org\/{rel}","templated":true}]}}