{"id":14776,"date":"2022-01-09T15:13:02","date_gmt":"2022-01-09T14:13:02","guid":{"rendered":"https:\/\/www.ibagsbelts.com\/tienda\/?post_type=product&#038;p=14776"},"modified":"2026-03-14T22:16:51","modified_gmt":"2026-03-14T21:16:51","slug":"cinturon-de-cuero-natural-con-hebilla-estrella","status":"publish","type":"product","link":"https:\/\/www.ibagsbelts.com\/tienda\/producto\/cinturon-de-cuero-natural-con-hebilla-estrella\/","title":{"rendered":"Cintur\u00f3n de cuero natural con hebilla estrella"},"content":{"rendered":"<p>Cintur\u00f3n de mujer de cuero trenzado, trabajo artesanal hecho a mano, hand made, complemento ideal para las amantes del estilo ibicenco, tambi\u00e9n muy vers\u00e1til para cintur\u00f3n de cintura o cadera en cualquier medida<\/p>\n<p>Cintur\u00f3n de cuero artesanal con trenzado a mano\u00a0 de cuero, con hebilla de aplique artesanal en forma de estrella \u00a0en la parte central que lo trasforman en el complemento ideal para tu outfit.<\/p>\n<div class=\"u-text-wrap\"><span class=\"c-text c-text--body c-text--left c-text--content c-text--format\">De ancho 6,50 cm y le largo 100 cm a 120 cm aproximadamente.<\/span><\/div>\n<div class=\"u-text-wrap\"><span class=\"c-text c-text--body c-text--left c-text--content c-text--format\">ideal para llevar con tus vestidos y vaqueros preferidos, no puede faltar en tu armario.<\/span><\/div>\n<div>\u00a1\u00a1comp\u00e1ralo ya!!<\/div>\n<p style=\"text-align: center;\"><strong>Aviso importante<\/strong><\/p>\n<p>Todos nuestros productos de cuero puede estar sujeta a una variaci\u00f3n natural en tama\u00f1o y color.<\/p>\n<p>Las pieles utilizadas han sido procesadas y curtidas en una de las curtidur\u00edas m\u00e1s antiguas utilizando t\u00e9cnicas centenarias para dar al cuero acabado un aspecto antiguo \/ vintage.<br \/>\nPara los tama\u00f1os, permita 1-2 cm difiere debido a la medida manual.<br \/>\nLas im\u00e1genes son 100% reales.<br \/>\nDebido al monitor del ordenador y el brillo real de la toma y otras razones, habr\u00e1 una cierta diferencia de color.<\/p>\n<!-- AddThis Advanced Settings generic via filter on the_content --><!-- AddThis Share Buttons generic via filter on the_content -->","protected":false},"excerpt":{"rendered":"<p>Cintur\u00f3n de mujer de cuero trenzado, trabajo artesanal hecho a mano, hand made, complemento ideal para las amantes del estilo ibicenco, tambi\u00e9n muy vers\u00e1til para cintur\u00f3n de cintura o cadera en cualquier medida<\/p>\n<p>Cintur\u00f3n de cuero artesanal con trenzado a mano\u00a0 de cuero, con hebilla de aplique artesanal en forma de estrella \u00a0en la parte central que lo trasforman en el complemento ideal para tu outfit<\/p>\n<div class=\"u-text-wrap\"><span class=\"c-text c-text--body c-text--left c-text--content c-text--format\">De ancho 6,50 cm y le largo 100 cm a 120 cm aproximadamente.<\/span><\/div>\n<div class=\"u-text-wrap\"><span class=\"c-text c-text--body c-text--left c-text--content c-text--format\">ideal para llevar con tus vestidos y vaqueros preferidos, no puede faltar en tu armario.<\/span><\/div>\n<div>\u00a1\u00a1comp\u00e1ralo ya!!<\/div>\n<div><strong style=\"color: #23232c;\">\u00bfAlguna duda? Ponte en contacto con nosotros a trav\u00e9s del bot\u00f3n del chat directo por whatsApp y te resolveremos las dudas al instante!<\/strong><\/div>\n<p>&nbsp;<!-- AddThis Advanced Settings generic via filter on get_the_excerpt --><!-- AddThis Share Buttons generic via filter on get_the_excerpt --><\/p>\n","protected":false},"featured_media":16651,"comment_status":"open","ping_status":"closed","template":"","meta":{"om_disable_all_campaigns":false,"_monsterinsights_skip_tracking":false,"_monsterinsights_sitenote_active":false,"_monsterinsights_sitenote_note":"","_monsterinsights_sitenote_category":0,"_uf_show_specific_survey":0,"_uf_disable_surveys":false},"product_brand":[1217],"product_cat":[396,951],"product_tag":[736,737,1087,290,889,332,341,335,333,1089,1067,31,752,738],"class_list":{"0":"post-14776","1":"product","2":"type-product","3":"status-publish","4":"has-post-thumbnail","6":"product_brand-ibags-belts","7":"product_cat-trenzados-cinturon","8":"product_cat-fajin","9":"product_tag-boho","10":"product_tag-bohochic","11":"product_tag-cinto","12":"product_tag-cinturon","13":"product_tag-cinturon-asta","14":"product_tag-cinturon-cuero","15":"product_tag-cinturon-cuero-boho-chic","16":"product_tag-cinturon-cuero-natural","17":"product_tag-cinturon-cuero-vaca","18":"product_tag-cinturon-piel","19":"product_tag-cinturon-trenzado","20":"product_tag-cinturon-trenzado-de-cuero","21":"product_tag-complementos","22":"product_tag-hippie","24":"first","25":"instock","26":"shipping-taxable","27":"purchasable","28":"product-type-simple","29":"add-to-wishlist-after_add_to_cart","30":"layout-style-1","31":"col-md-4 col-sm-4 col-xs-6","32":"col-lg-3","33":"product-has-gallery","34":"product-style-default"},"aioseo_notices":[],"_links":{"self":[{"href":"https:\/\/www.ibagsbelts.com\/tienda\/wp-json\/wp\/v2\/product\/14776","targetHints":{"allow":["GET"]}}],"collection":[{"href":"https:\/\/www.ibagsbelts.com\/tienda\/wp-json\/wp\/v2\/product"}],"about":[{"href":"https:\/\/www.ibagsbelts.com\/tienda\/wp-json\/wp\/v2\/types\/product"}],"replies":[{"embeddable":true,"href":"https:\/\/www.ibagsbelts.com\/tienda\/wp-json\/wp\/v2\/comments?post=14776"}],"wp:featuredmedia":[{"embeddable":true,"href":"https:\/\/www.ibagsbelts.com\/tienda\/wp-json\/wp\/v2\/media\/16651"}],"wp:attachment":[{"href":"https:\/\/www.ibagsbelts.com\/tienda\/wp-json\/wp\/v2\/media?parent=14776"}],"wp:term":[{"taxonomy":"product_brand","embeddable":true,"href":"https:\/\/www.ibagsbelts.com\/tienda\/wp-json\/wp\/v2\/product_brand?post=14776"},{"taxonomy":"product_cat","embeddable":true,"href":"https:\/\/www.ibagsbelts.com\/tienda\/wp-json\/wp\/v2\/product_cat?post=14776"},{"taxonomy":"product_tag","embeddable":true,"href":"https:\/\/www.ibagsbelts.com\/tienda\/wp-json\/wp\/v2\/product_tag?post=14776"}],"curies":[{"name":"wp","href":"https:\/\/api.w.org\/{rel}","templated":true}]}}