{"id":14818,"date":"2022-01-14T19:08:50","date_gmt":"2022-01-14T18:08:50","guid":{"rendered":"https:\/\/www.ibagsbelts.com\/tienda\/?post_type=product&#038;p=14818"},"modified":"2026-03-14T22:15:22","modified_gmt":"2026-03-14T21:15:22","slug":"rinoneras-lateral-de-cuero","status":"publish","type":"product","link":"https:\/\/www.ibagsbelts.com\/tienda\/producto\/rinoneras-lateral-de-cuero\/","title":{"rendered":"Ri\u00f1oneras de cuero lateral hippie William"},"content":{"rendered":"<p>Descubre la versatilidad y funcionalidad de nuestro bolso de cintura con doble bolsillo frontal y cierres de cremallera.<\/p>\n<p>Con un dise\u00f1o espacioso y pr\u00e1ctico, este bolso es perfecto para llevar tus art\u00edculos personales de uso diario, como el tel\u00e9fono m\u00f3vil, las llaves, el monedero y los auriculares. Los cierres de cremallera aseguran que tus pertenencias est\u00e9n siempre seguras.<\/p>\n<p>El cintur\u00f3n ajustable de cuero con hebilla te permite llevar el bolso de diversas maneras. Con una longitud m\u00e1xima de 118 cm, puedes colocarlo en la cintura, llevarlo de lado, en diagonal sobre el pecho o incluso usarlo como bandolera. La longitud m\u00ednima es de 80 cm, lo que garantiza un ajuste c\u00f3modo y seguro. El cierre de hebilla a\u00f1ade un toque de estilo adicional.<\/p>\n<p>Este bolso es multifuncional y es ideal tanto para la vida urbana como para actividades al aire libre. Ya sea que est\u00e9s paseando por la ciudad o explorando la naturaleza, este bolso te acompa\u00f1ar\u00e1 con comodidad y estilo en todas tus aventuras.<\/p>\n<p>\u00a1Hazte con nuestro bolso de cintura y lleva tus pertenencias de manera segura y con estilo dondequiera que vayas!<\/p>\n<p><strong style=\"font-size: 1.4rem;\">Aviso importante<\/strong><\/p>\n<p>Todos nuestros productos de cuero est\u00e1n hechos a mano y su nueva bolsa de cuero puede estar sujeta a una variaci\u00f3n natural en tama\u00f1o y color.<br \/>\nPara los tama\u00f1os, permita 1-2 cm difiere debido a la medida manual.<br \/>\nLas im\u00e1genes son 100% reales.<br \/>\nDebido al monitor del ordenador y el brillo real de la toma y otras razones, habr\u00e1 una cierta diferencia de color.<\/p>\n<!-- AddThis Advanced Settings generic via filter on the_content --><!-- AddThis Share Buttons generic via filter on the_content -->","protected":false},"excerpt":{"rendered":"<p><span class=\"a-list-item\">Bolso de cintura con doble bolsillo en la parte frontal, muy espacioso. Cierres de cremallera.<\/span><\/p>\n<p><span class=\"a-list-item\">Gran capacidad para los art\u00edculos personales de uso diario: tel\u00e9fono m\u00f3vil, llaves, monedero, auriculares.\u00a0<\/span><span class=\"a-list-item\">Cintur\u00f3n ajustable, de cuero con hebilla. Su longitud m\u00e1xima (118 cm) permite m\u00faltiples posiciones: colocaci\u00f3n en cintura, de lado, en diagonal sobre el pecho, a modo de bandolera\u2026 Longitud m\u00ednima, 80 cm. Cierre de hebilla.<\/span><\/p>\n<p><span class=\"a-list-item\">Multifunci\u00f3n: \u00fatil tanto para la vida urbanita como para practicar actividades al aire libre.<\/span><\/p>\n<h5><strong>\u00bfAlguna duda? Ponte en contacto con nosotros a trav\u00e9s del bot\u00f3n del chat directo por whatsApp y te resolveremos las dudas al instante!<\/strong><\/h5>\n<p><!-- AddThis Advanced Settings generic via filter on get_the_excerpt --><!-- AddThis Share Buttons generic via filter on get_the_excerpt --><\/p>\n","protected":false},"featured_media":30326,"comment_status":"open","ping_status":"closed","template":"","meta":{"om_disable_all_campaigns":false,"_monsterinsights_skip_tracking":false,"_monsterinsights_sitenote_active":false,"_monsterinsights_sitenote_note":"","_monsterinsights_sitenote_category":0,"_uf_show_specific_survey":0,"_uf_disable_surveys":false},"product_brand":[1217],"product_cat":[950],"product_tag":[1042,1033,1138,299,305,315,329,738,795,793],"class_list":{"0":"post-14818","1":"product","2":"type-product","3":"status-publish","4":"has-post-thumbnail","6":"product_brand-ibags-belts","7":"product_cat-rinoneras","8":"product_tag-banana","9":"product_tag-bananas","10":"product_tag-bolso-cintura","11":"product_tag-bolso-cuero","12":"product_tag-bolso-cuero-artesanal","13":"product_tag-bolso-cuero-artesano","14":"product_tag-bolso-cuero-hippie","15":"product_tag-hippie","16":"product_tag-rinonera-cuero","17":"product_tag-rinoneras","19":"first","20":"instock","21":"shipping-taxable","22":"purchasable","23":"product-type-variable","24":"add-to-wishlist-after_add_to_cart","25":"layout-style-1","26":"col-md-4 col-sm-4 col-xs-6","27":"col-lg-3","28":"product-has-gallery","29":"product-style-default"},"aioseo_notices":[],"_links":{"self":[{"href":"https:\/\/www.ibagsbelts.com\/tienda\/wp-json\/wp\/v2\/product\/14818","targetHints":{"allow":["GET"]}}],"collection":[{"href":"https:\/\/www.ibagsbelts.com\/tienda\/wp-json\/wp\/v2\/product"}],"about":[{"href":"https:\/\/www.ibagsbelts.com\/tienda\/wp-json\/wp\/v2\/types\/product"}],"replies":[{"embeddable":true,"href":"https:\/\/www.ibagsbelts.com\/tienda\/wp-json\/wp\/v2\/comments?post=14818"}],"wp:featuredmedia":[{"embeddable":true,"href":"https:\/\/www.ibagsbelts.com\/tienda\/wp-json\/wp\/v2\/media\/30326"}],"wp:attachment":[{"href":"https:\/\/www.ibagsbelts.com\/tienda\/wp-json\/wp\/v2\/media?parent=14818"}],"wp:term":[{"taxonomy":"product_brand","embeddable":true,"href":"https:\/\/www.ibagsbelts.com\/tienda\/wp-json\/wp\/v2\/product_brand?post=14818"},{"taxonomy":"product_cat","embeddable":true,"href":"https:\/\/www.ibagsbelts.com\/tienda\/wp-json\/wp\/v2\/product_cat?post=14818"},{"taxonomy":"product_tag","embeddable":true,"href":"https:\/\/www.ibagsbelts.com\/tienda\/wp-json\/wp\/v2\/product_tag?post=14818"}],"curies":[{"name":"wp","href":"https:\/\/api.w.org\/{rel}","templated":true}]}}