{"id":14995,"date":"2022-01-21T19:55:32","date_gmt":"2022-01-21T18:55:32","guid":{"rendered":"https:\/\/www.ibagsbelts.com\/tienda\/?post_type=product&#038;p=14995"},"modified":"2026-03-14T22:11:56","modified_gmt":"2026-03-14T21:11:56","slug":"bolso-de-cuero-con-hebillas-para-llevar-en-hombro-beige","status":"publish","type":"product","link":"https:\/\/www.ibagsbelts.com\/tienda\/producto\/bolso-de-cuero-con-hebillas-para-llevar-en-hombro-beige\/","title":{"rendered":"Bolso de cuero con hebillas para llevar en hombro camel Edith"},"content":{"rendered":"<div class=\"flex-1 overflow-hidden\">\n<div class=\"react-scroll-to-bottom--css-lgepz-79elbk h-full\">\n<div class=\"react-scroll-to-bottom--css-lgepz-1n7m0yu\">\n<div class=\"flex flex-col text-sm pb-9\">\n<div class=\"w-full text-token-text-primary\" data-testid=\"conversation-turn-584\">\n<div class=\"px-4 py-2 justify-center text-base md:gap-6 m-auto\">\n<div class=\"flex flex-1 text-base mx-auto gap-3 md:px-5 lg:px-1 xl:px-5 md:max-w-3xl lg:max-w-[40rem] xl:max-w-[48rem] group final-completion\">\n<div class=\"relative flex w-full flex-col agent-turn\">\n<div class=\"flex-col gap-1 md:gap-3\">\n<div class=\"flex flex-grow flex-col max-w-full\">\n<div class=\"min-h-[20px] text-message flex flex-col items-start gap-3 whitespace-pre-wrap break-words [.text-message+&]:mt-5 overflow-x-auto\" data-message-author-role=\"assistant\" data-message-id=\"584fb355-3e44-4032-912a-6c881347d5ec\">\n<div class=\"markdown prose w-full break-words dark:prose-invert light\">\n<p>\u00a1Descubre la elegancia del estilo vintage con nuestro bolso de hombro tipo hobo!<\/p>\n<p>Este bolso est\u00e1 confeccionado con cuero artesanal de alta calidad y cuenta con hermosos herrajes dorados que realzan su dise\u00f1o cl\u00e1sico. Su asa media te permite llevarlo c\u00f3modamente en el hombro, mientras que su cierre con cremallera garantiza la seguridad de tus pertenencias.<\/p>\n<p>En su interior, encontrar\u00e1s un forro de tela suave y un pr\u00e1ctico bolsillo con cremallera, perfecto para organizar tus objetos m\u00e1s peque\u00f1os.<\/p>\n<p>Con dimensiones de 30 cm de alto, 40 cm de largo y 6 cm de ancho, este bolso ofrece un amplio espacio para llevar todo lo que necesitas de manera elegante y organizada. Adem\u00e1s, su asa tiene una longitud de 65 cm, proporcionando un ajuste c\u00f3modo para llevarlo en el hombro.<\/p>\n<p>Atr\u00e9vete a a\u00f1adir un toque de estilo vintage a tus outfits diarios con nuestro bolso hobo de cuero artesanal. \u00a1Hazte con el tuyo y completa tu look con elegancia y sofisticaci\u00f3n!<\/p>\n<\/div>\n<\/div>\n<\/div>\n<\/div>\n<\/div>\n<\/div>\n<\/div>\n<\/div>\n<\/div>\n<\/div>\n<\/div>\n<\/div>\n<p style=\"text-align: left;\"><strong>Aviso importante<\/strong><\/p>\n<p>Todos nuestros productos de cuero est\u00e1n hechos a mano y su nueva bolsa de cuero puede estar sujeta a una variaci\u00f3n natural en tama\u00f1o y color.<br \/>\nPara los tama\u00f1os, permita 1-2 cm difiere debido a la medida manual.<br \/>\nLas im\u00e1genes son 100% reales.<br \/>\nDebido al monitor del ordenador y el brillo real de la toma y otras razones, habr\u00e1 una cierta diferencia de color.<\/p>\n<!-- AddThis Advanced Settings generic via filter on the_content --><!-- AddThis Share Buttons generic via filter on the_content -->","protected":false},"excerpt":{"rendered":"<p>Bolso de hombro tipo hobo estilo vintage en cuero artesanal.<\/p>\n<p>Con herrajes dorados. Tiene un asa media para llevarlo en hombro. Cierre con cremallera para llevar todo con toda seguridad.\u00a0En su interior forrado con tela y peque\u00f1o bolsillo con cremallera.<\/p>\n<p>Medidas:\u00a0 \u00a030 cm de alto x 40 cm largo x 6 cm ancho,\u00a0 Largo del asa 65 cm<\/p>\n<h5><strong>\u00bfAlguna duda? Ponte en contacto con nosotros a trav\u00e9s del bot\u00f3n del chat directo por whatsApp y te resolveremos las dudas al instante!<\/strong><\/h5>\n<p><!-- AddThis Advanced Settings generic via filter on get_the_excerpt --><!-- AddThis Share Buttons generic via filter on get_the_excerpt --><\/p>\n","protected":false},"featured_media":14998,"comment_status":"open","ping_status":"closed","template":"","meta":{"om_disable_all_campaigns":false,"_monsterinsights_skip_tracking":false,"_monsterinsights_sitenote_active":false,"_monsterinsights_sitenote_note":"","_monsterinsights_sitenote_category":0,"_uf_show_specific_survey":0,"_uf_disable_surveys":false},"product_brand":[1217],"product_cat":[40],"product_tag":[303,299,305,313,255,779,781,823,727,302,333],"class_list":{"0":"post-14995","1":"product","2":"type-product","3":"status-publish","4":"has-post-thumbnail","6":"product_brand-ibags-belts","7":"product_cat-bolsos-de-hombro","8":"product_tag-bolso-bohemian","9":"product_tag-bolso-cuero","10":"product_tag-bolso-cuero-artesanal","11":"product_tag-bolso-cuero-hecho-a-mano","12":"product_tag-bolso-cuero-mujer","13":"product_tag-bolso-de-cuero-artesanal","14":"product_tag-bolso-de-cuero-para-mujer","15":"product_tag-bolso-piel","16":"product_tag-bolsos-bandoleras-cuero","17":"product_tag-bolsos-de-cuero","18":"product_tag-cinturon-cuero-vaca","20":"first","21":"instock","22":"shipping-taxable","23":"purchasable","24":"product-type-simple","25":"add-to-wishlist-after_add_to_cart","26":"layout-style-1","27":"col-md-4 col-sm-4 col-xs-6","28":"col-lg-3","29":"product-has-gallery","30":"product-style-default"},"aioseo_notices":[],"_links":{"self":[{"href":"https:\/\/www.ibagsbelts.com\/tienda\/wp-json\/wp\/v2\/product\/14995","targetHints":{"allow":["GET"]}}],"collection":[{"href":"https:\/\/www.ibagsbelts.com\/tienda\/wp-json\/wp\/v2\/product"}],"about":[{"href":"https:\/\/www.ibagsbelts.com\/tienda\/wp-json\/wp\/v2\/types\/product"}],"replies":[{"embeddable":true,"href":"https:\/\/www.ibagsbelts.com\/tienda\/wp-json\/wp\/v2\/comments?post=14995"}],"wp:featuredmedia":[{"embeddable":true,"href":"https:\/\/www.ibagsbelts.com\/tienda\/wp-json\/wp\/v2\/media\/14998"}],"wp:attachment":[{"href":"https:\/\/www.ibagsbelts.com\/tienda\/wp-json\/wp\/v2\/media?parent=14995"}],"wp:term":[{"taxonomy":"product_brand","embeddable":true,"href":"https:\/\/www.ibagsbelts.com\/tienda\/wp-json\/wp\/v2\/product_brand?post=14995"},{"taxonomy":"product_cat","embeddable":true,"href":"https:\/\/www.ibagsbelts.com\/tienda\/wp-json\/wp\/v2\/product_cat?post=14995"},{"taxonomy":"product_tag","embeddable":true,"href":"https:\/\/www.ibagsbelts.com\/tienda\/wp-json\/wp\/v2\/product_tag?post=14995"}],"curies":[{"name":"wp","href":"https:\/\/api.w.org\/{rel}","templated":true}]}}